{"id":154857,"date":"2021-01-15T16:02:12","date_gmt":"2021-01-15T16:02:12","guid":{"rendered":"https:\/\/codengine3.ch\/?product=import-placeholder-for-207341"},"modified":"2021-01-15T16:02:14","modified_gmt":"2021-01-15T16:02:14","slug":"la-campana-130000","status":"publish","type":"product","link":"https:\/\/pizbube.ch\/en\/shop\/la-campana-130000\/","title":{"rendered":"La Campana 1:30&#8217;000"},"content":{"rendered":"<p>\nDie erste Wanderkarte des Nationalparks La Campana in der K\u00fcstenkordillere<br \/>\nzwischen Santiago und Vi\u00f1a del Mar. Mit dem Cerro La Campana (1828 m) und dem<br \/>\nCerro El Roble (2223 m). GPS-kompatibel, H\u00f6henlinien alle 50 m, mit<br \/>\nZugangsstra\u00dfen, Wanderwegen, Zeltpl\u00e4tzen etc. Fotos und ein gro\u00dfes<br \/>\nPanoramabild der lokalen Flora und Fauna. Karte erarbeitet vom Kartografischen<br \/>\nInstitut der TU Dresden.  <\/p>\n<p>Trekkingchile, 1. Auflage 2016<br \/>\nWanderkarte, Zentralchile, Ma\u00dfstab 1:30.000  <\/p>\n<p>Gedruckt auf Stone Paper: wasser- und rei\u00dffest, \u00f6kologisch.  <\/p>\n<p>Deutsch \u2013 Englisch \u2013 Spanisch.  <\/p>","protected":false},"excerpt":{"rendered":"<p>Die erste Wanderkarte des Nationalparks La Campana in der K\u00fcstenkordillere zwischen Santiago und Vi\u00f1a del Mar. Mit dem Cerro La Campana (1828 m) und dem Cerro El Roble (2223 m). GPS-kompatibel, H\u00f6henlinien alle 50 m, mit Zugangsstra\u00dfen, Wanderwegen, Zeltpl\u00e4tzen etc. Fotos und ein gro\u00dfes Panoramabild der lokalen Flora und Fauna. Karte erarbeitet vom Kartografischen Institut [&#8230;]\n","protected":false},"featured_media":37174,"template":"","meta":[],"product_brand":[],"product_cat":[21543],"product_tag":[],"class_list":{"0":"post-154857","1":"product","2":"type-product","3":"status-publish","4":"has-post-thumbnail","6":"product_cat-landkarten","7":"pa_autor-trekkingchile","8":"pa_erscheinungsjahr-21571","9":"pa_region-amerika-sued","10":"pa_sprache-de-en-es","12":"first","13":"instock","14":"taxable","15":"shipping-taxable","16":"purchasable","17":"product-type-simple"},"_links":{"self":[{"href":"https:\/\/pizbube.ch\/en\/wp-json\/wp\/v2\/product\/154857","targetHints":{"allow":["GET"]}}],"collection":[{"href":"https:\/\/pizbube.ch\/en\/wp-json\/wp\/v2\/product"}],"about":[{"href":"https:\/\/pizbube.ch\/en\/wp-json\/wp\/v2\/types\/product"}],"wp:featuredmedia":[{"embeddable":true,"href":"https:\/\/pizbube.ch\/en\/wp-json\/wp\/v2\/media\/37174"}],"wp:attachment":[{"href":"https:\/\/pizbube.ch\/en\/wp-json\/wp\/v2\/media?parent=154857"}],"wp:term":[{"taxonomy":"product_brand","embeddable":true,"href":"https:\/\/pizbube.ch\/en\/wp-json\/wp\/v2\/product_brand?post=154857"},{"taxonomy":"product_cat","embeddable":true,"href":"https:\/\/pizbube.ch\/en\/wp-json\/wp\/v2\/product_cat?post=154857"},{"taxonomy":"product_tag","embeddable":true,"href":"https:\/\/pizbube.ch\/en\/wp-json\/wp\/v2\/product_tag?post=154857"}],"curies":[{"name":"wp","href":"https:\/\/api.w.org\/{rel}","templated":true}]}}