{"id":154859,"date":"2021-01-15T16:02:12","date_gmt":"2021-01-15T16:02:12","guid":{"rendered":"https:\/\/codengine3.ch\/?product=import-placeholder-for-207379"},"modified":"2021-01-15T16:02:38","modified_gmt":"2021-01-15T16:02:38","slug":"louis-lliboutry-le-champollion-des-glaces","status":"publish","type":"product","link":"https:\/\/pizbube.ch\/en\/shop\/louis-lliboutry-le-champollion-des-glaces\/","title":{"rendered":"Louis Lliboutry, Le Champollion des glaces"},"content":{"rendered":"<p>Ce livre permettra au lecteur de prendre connaissance de l&#8217;histoire<br \/>\npassionnante et du destin singulier de Louis Lliboutry dont l&#8217;\u0153uvre se confond<br \/>\navec une vie scientifique et universitaire exceptionnelle. Une aventure<br \/>\noubli\u00e9e qui se situe au c\u0153ur de ces territoires de montagne rest\u00e9s anonymes<br \/>\nsur les cartes g\u00e9ographiques de la plan\u00e8te.<\/p>\n<p>Lliboutry mettra un nom sur les grands glaciers inexplor\u00e9s des Andes, des<br \/>\nAlpes et de l\u2019Antarctique. La premi\u00e8re partie de l\u2019ouvrage reconstitue ses<br \/>\nann\u00e9es de jeunesse. R\u00e9fugi\u00e9 d\u2019Espagne en 1936, brillant \u00e9tudiant \u00e0 l\u2019ENS sous<br \/>\nl\u2019Occupation entre 1940 et 1944, il participe \u00e0 la Lib\u00e9ration de Paris. Des<br \/>\ninformations in\u00e9dites ont \u00e9t\u00e9 r\u00e9unies et apportent un \u00e9clairage saisissant sur<br \/>\nsa formation universitaire, l\u2019esprit d\u2019excellence qui le caract\u00e9risait d\u00e9j\u00e0 et<br \/>\nsa passion pour la recherche et les sciences. Une partie de l\u2019\u0153uvre de<br \/>\nLliboutry s\u2019est d\u00e9roul\u00e9e au Chili entre 1951 et 1956. Le pr\u00e9sent ouvrage<br \/>\nmontre comment un jeune chercheur de 34 ans a pu cr\u00e9er \u00ab seul \u00bb, contre vents<br \/>\net mar\u00e9es, un Institut de glaciologie au Chili en 1956 puis un laboratoire du<br \/>\nCNRS, le laboratoire de l\u2019Aiguille du Midi, \u00e0 Grenoble en 1958, qui deviendra<br \/>\nle Laboratoire de glaciologie alpine dont le savoir-faire et l\u2019exp\u00e9rience<br \/>\npermettront le d\u00e9veloppement des recherches fran\u00e7aises en Antarctique.<\/p>\n<p>L\u2019ouvrage repose aussi sur une s\u00e9lection d\u2019extraits des m\u00e9moires de Louis<br \/>\nLLiboutry, de ses articles et rapports scientifiques publi\u00e9s tout au long de<br \/>\nsa vie. La d\u00e9couverte d\u2019une correspondance in\u00e9dite de ce dernier avec Louis<br \/>\nN\u00e9el, Alfred Kastler, Paul-Emile Victor, Lionel Terray et Claude Lorius,<br \/>\nconstitue un des aspects novateurs de cette recherche. Enfin, le fonds<br \/>\nphotographique de Louis Lliboutry est d\u2019une qualit\u00e9 exceptionnelle, par sa<br \/>\nmodernit\u00e9 et son int\u00e9r\u00eat scientifique : un m\u00e9lange d\u2019esth\u00e9tisme et d\u2019exotisme,<br \/>\nallant du plus spectaculaire \u00e0 un quotidien de voyageur, teint\u00e9 d\u2019humour. Le<br \/>\nfonds est constitu\u00e9 de quelque 2000 clich\u00e9s parmi lesquels, de v\u00e9ritables<br \/>\ntr\u00e9sors de la photographie.<\/p>","protected":false},"excerpt":{"rendered":"<ul>\n<li><a href=\"https:\/\/youtu.be\/76tBqBZP3Fw\" target=\"_blank\" rel=\"noopener\">Video: Vid\u00e9o &#171;Louis Lliboutry, le Champollion des glaces&#187;<\/a><\/li>\n<\/ul>","protected":false},"featured_media":37288,"template":"","meta":[],"product_brand":[],"product_cat":[21542],"product_tag":[],"class_list":{"0":"post-154859","1":"product","2":"type-product","3":"status-publish","4":"has-post-thumbnail","6":"product_cat-sachbuecher-dokumentationen","7":"pa_autor-turrel","8":"pa_erscheinungsjahr-21574","9":"pa_region-frankreich","10":"pa_sprache-fr","12":"first","13":"instock","14":"taxable","15":"shipping-taxable","16":"purchasable","17":"product-type-simple"},"_links":{"self":[{"href":"https:\/\/pizbube.ch\/en\/wp-json\/wp\/v2\/product\/154859","targetHints":{"allow":["GET"]}}],"collection":[{"href":"https:\/\/pizbube.ch\/en\/wp-json\/wp\/v2\/product"}],"about":[{"href":"https:\/\/pizbube.ch\/en\/wp-json\/wp\/v2\/types\/product"}],"wp:featuredmedia":[{"embeddable":true,"href":"https:\/\/pizbube.ch\/en\/wp-json\/wp\/v2\/media\/37288"}],"wp:attachment":[{"href":"https:\/\/pizbube.ch\/en\/wp-json\/wp\/v2\/media?parent=154859"}],"wp:term":[{"taxonomy":"product_brand","embeddable":true,"href":"https:\/\/pizbube.ch\/en\/wp-json\/wp\/v2\/product_brand?post=154859"},{"taxonomy":"product_cat","embeddable":true,"href":"https:\/\/pizbube.ch\/en\/wp-json\/wp\/v2\/product_cat?post=154859"},{"taxonomy":"product_tag","embeddable":true,"href":"https:\/\/pizbube.ch\/en\/wp-json\/wp\/v2\/product_tag?post=154859"}],"curies":[{"name":"wp","href":"https:\/\/api.w.org\/{rel}","templated":true}]}}