{"id":154861,"date":"2021-01-15T16:02:32","date_gmt":"2021-01-15T16:02:32","guid":{"rendered":"https:\/\/codengine3.ch\/?product=import-placeholder-for-207374"},"modified":"2025-03-14T12:04:33","modified_gmt":"2025-03-14T11:04:33","slug":"allgaeu-block","status":"publish","type":"product","link":"https:\/\/pizbube.ch\/en\/shop\/allgaeu-block\/","title":{"rendered":"ALLG\u00c4U-BLOCK"},"content":{"rendered":"<p><b>Mit \u00fcber 1800 Boulderproblemen im Bereich Fb 1 &#8211; 8b+ (bloc) und bis 8c (trav) in 23 Gebieten am n\u00f6rdlichen Alpenrand vom Oberallg\u00e4u, der Gegend um F\u00fcssen bis ins Lechtal, ist die Region ein hochinteressantes Boulderziel f\u00fcr Akteure jeder K\u00f6nnensstufe!<\/b><\/p>\n<p>Einzigartig d\u00fcrfte die auf engstem Raum anzutreffende Vielfalt der Gesteinsarten sein. Neben den allgegenw\u00e4rtigen m\u00e4chtig \u00fcberh\u00e4ngenden Nagelfluh-W\u00e4nden und Bl\u00f6cken trifft man hier interessanterweise auch auf Sandstein, Dolomit, Mergel sowie Kalk in den verschiedensten Formen: vom gew\u00f6hnlichen Kalk bis zu super rauem Hochgebirgskalk auf ca. 2200 m Meeresh\u00f6he ist hier alles geboten.<br \/>\nMan findet W\u00e4nde, Bl\u00f6cke, durchnummerierte Parcours wie in Fontainebleau, Henkel, Mikroleisten, Platten, gewaltige \u00dcberh\u00e4nge, kurzum ein reichhaltiges Angebot f\u00fcr alle Liebhaber der Welt der kleinen Bl\u00f6cke und solche, die es noch werden wollen.<br \/>\nDas Blockfeld in Hinterstein bietet \u00fcber 870 gekletterte (!) Boulderprobleme, damit ist\u00a0das Gebiet eines der boulderreichsten Blockfelder des n\u00f6rdlichen Alpenraums. Die meisten Bl\u00f6cke bestehen aus Dolomit, die Kletterei erinnert an einen Mix aus Sandstein und Gneis.<\/p>\n<p>Und &#8211; nicht zu vergessen &#8211; das Ganze liegt in einer der sch\u00f6nsten Urlaubsregionen!<br \/>\nDazu noch ideal erreichbar von Deutschland, \u00d6sterreich, Italien, der Schweiz,&#8230;.!<\/p>\n<p><b>Neu in der 5. Auflage 2025:<\/b><br \/>\n&#8211; QR-Codes f\u00fcr die Navigation zum Parkplatz<br \/>\n&#8211; Komplett \u00fcberarbeitetes farbiges Design<\/p>\n<p>&nbsp;<\/p>\n<p><b><span class=\"txt_e\">With more than 1800 boulder problems in the grade Fb 1 &#8211; 8b+ (bloc) and up to 8c (trav) in 23 areas from the Oberallg\u00e4u, the region around F\u00fcssen to the Lech-valley, the region is a bouldering destination of high interest for boulderers of all grades!<\/span><\/b><\/p>\n<p><span class=\"txt_e\">Almost unique is the difference of the type of rock you can find here close together. Apart of the dominating conglomerate-walls and -boulders you can also find sandstone, dolomite, marl and limestone in different variations &#8211; from ordinary limestone to super rough high-mountain-limestone on 2200 m above sea level.<br \/>\nYou can find walls, boulders, circuits with numbers like in Fontainebleau, jugs, micro-edges, slabs, enormous overhangs&#8230;. in short a complete playground for all amateurs of bouldering and these who want to get into this fascinating sport.<br \/>\nThe boulder field in Hinterstein offers more than 870 problems (and all done!)\u00a0and is one of the biggest in the northern Alps. The rock type of most boulders there is dolomite, the climbing is\u00a0like a mix of sandstone and gneiss.<\/span><\/p>\n<p><span class=\"txt_e\">And not to forget &#8211; all this is to be found in one of the most beautiful holiday-regions!<br \/>\nEasy to reach from Germany, Austria, Italy, Switzerland,&#8230;.!<\/span><\/p>\n<p><span class=\"txt_e\"><b>New in the 5th edition:<br \/>\n<\/b><\/span><span class=\"txt_e\">&#8211; <\/span><span class=\"txt_e\">QR-codes for the navigation to the parking area<br \/>\n&#8211; Completely revised coloured design<\/span><\/p>\n<p>5th edition 2025<\/p>","protected":false},"excerpt":{"rendered":"<p>Mit \u00fcber 1800 Boulderproblemen im Bereich Fb 1 &#8211; 8b+ (bloc) und bis 8c (trav) in 23 Gebieten am n\u00f6rdlichen Alpenrand vom Oberallg\u00e4u, der Gegend um F\u00fcssen bis ins Lechtal, ist die Region ein hochinteressantes Boulderziel f\u00fcr Akteure jeder K\u00f6nnensstufe! Einzigartig d\u00fcrfte die auf engstem Raum anzutreffende Vielfalt der Gesteinsarten sein. Neben den allgegenw\u00e4rtigen m\u00e4chtig [&#8230;]\n","protected":false},"featured_media":178790,"template":"","meta":[],"product_brand":[],"product_cat":[21539],"product_tag":[27406],"class_list":{"0":"post-154861","1":"product","2":"type-product","3":"status-publish","4":"has-post-thumbnail","6":"product_cat-fuehrerliteratur-sportklettern-bouldern","7":"product_tag-allgaeublock","8":"pa_autor-roeker","9":"pa_erscheinungsjahr-27415","10":"pa_region-deutschland","11":"pa_sprache-de","13":"first","14":"instock","15":"taxable","16":"shipping-taxable","17":"purchasable","18":"product-type-simple"},"_links":{"self":[{"href":"https:\/\/pizbube.ch\/en\/wp-json\/wp\/v2\/product\/154861","targetHints":{"allow":["GET"]}}],"collection":[{"href":"https:\/\/pizbube.ch\/en\/wp-json\/wp\/v2\/product"}],"about":[{"href":"https:\/\/pizbube.ch\/en\/wp-json\/wp\/v2\/types\/product"}],"wp:featuredmedia":[{"embeddable":true,"href":"https:\/\/pizbube.ch\/en\/wp-json\/wp\/v2\/media\/178790"}],"wp:attachment":[{"href":"https:\/\/pizbube.ch\/en\/wp-json\/wp\/v2\/media?parent=154861"}],"wp:term":[{"taxonomy":"product_brand","embeddable":true,"href":"https:\/\/pizbube.ch\/en\/wp-json\/wp\/v2\/product_brand?post=154861"},{"taxonomy":"product_cat","embeddable":true,"href":"https:\/\/pizbube.ch\/en\/wp-json\/wp\/v2\/product_cat?post=154861"},{"taxonomy":"product_tag","embeddable":true,"href":"https:\/\/pizbube.ch\/en\/wp-json\/wp\/v2\/product_tag?post=154861"}],"curies":[{"name":"wp","href":"https:\/\/api.w.org\/{rel}","templated":true}]}}