{"id":154862,"date":"2021-01-15T16:02:44","date_gmt":"2021-01-15T16:02:44","guid":{"rendered":"https:\/\/codengine3.ch\/?product=import-placeholder-for-207400"},"modified":"2021-04-07T12:12:19","modified_gmt":"2021-04-07T10:12:19","slug":"der-innere-berg-zum-matterhorn-und-darueber-hinaus","status":"publish","type":"product","link":"https:\/\/pizbube.ch\/en\/shop\/der-innere-berg-zum-matterhorn-und-darueber-hinaus\/","title":{"rendered":"Der innere Berg \u2013 Zum Matterhorn und dar\u00fcber hinaus"},"content":{"rendered":"<p>Zum Matterhorn und dar\u00fcber hinaus<\/p>\n<p>Herv\u00e9 erz\u00e4hlt seine Geschichte selber, spricht von der Leidenschaft, der<br \/>\nMu\u0308digkeit, der Emotionalit\u00e4t beim Klettern. Zuerst kommt der Mensch, dann der<br \/>\nBergsteiger, dann das aussergew\u00f6hnliche Projekt. Dieser Text ist keine banale<br \/>\nHeldengeschichte eines Extremsportlers, sondern ein Blick hinter das Abenteuer<br \/>\nBergsteigen, bei dem der Mut zur Entscheidung untrennbar mit Unsicherheit und<br \/>\nAngst verbunden ist, in der Wand wie im Leben.<\/p>\n<p>Es ist schwierig, in wenigen Worten die alpinistischen Abenteuer von Herv\u00e9<br \/>\nBarmasse zusammenzufassen. Unbestiegene Gipfel, abschu\u0308ssige W\u00e4nde, neue<br \/>\nRouten, gewaltige Gletscher und vor allem extreme Einsamkeit begleiten seinen<br \/>\nWerdegang. Seine Klettereien, die er auf Reisen in die weite Welt \u2013 Pakistan,<br \/>\nPatagonien, China, Nepal, aber auch in den Alpen \u2013 unternimmt, entsprechen<br \/>\nhundertprozentig den Grundprinzipien des Bergsteigens: Abenteuer, Risiko und<br \/>\nSuche nach dem Neuen, bis er jener Bergsteiger am Matterhorn wird, der am<br \/>\nmeisten neue Routen und Winterbegehungen gemacht hat. Deshalb ist seine<br \/>\nKarriere vergleichbar mit jener der grossen Bergsteiger der Vergangenheit.<\/p>\n<p>Herv\u00e9 Barmasse, geboren am 21. Dezember 1977 in Valtournenche (Aostatal), hat<br \/>\nsich mit Extrembesteigungen im Karakorum, Himalaya, in Patagonien und<br \/>\nnatu\u0308rlich in den Alpen hervorgetan. Eine tiefe Beziehung verbindet ihn aber<br \/>\nvor allem mit seinem Hausberg, an dessen Fuss er aufgewachsen ist: dem<br \/>\nMatterhorn. Immer wieder realisiert er an der \u00abGran Becca\u00bb neue, \u00e4usserst<br \/>\nschwierige Routen, meistens allein, aber auch, unter anderem, mit seinem<br \/>\nVater. Der ehemalige Spitzenskifahrer und ausgebildete Skilehrer wurde<br \/>\nmehrfach mit Preisen ausgezeichnet.<\/p>\n<p>280 Seiten, ca. 30 Abb. ein-und vierfarbig; Hardcover mit Schutzumschlag<\/p>","protected":false},"excerpt":{"rendered":"<p>Zum Matterhorn und dar\u00fcber hinaus Herv\u00e9 erz\u00e4hlt seine Geschichte selber, spricht von der Leidenschaft, der Mu\u0308digkeit, der Emotionalit\u00e4t beim Klettern. Zuerst kommt der Mensch, dann der Bergsteiger, dann das aussergew\u00f6hnliche Projekt. Dieser Text ist keine banale Heldengeschichte eines Extremsportlers, sondern ein Blick hinter das Abenteuer Bergsteigen, bei dem der Mut zur Entscheidung untrennbar mit Unsicherheit [&#8230;]\n","protected":false},"featured_media":37340,"template":"","meta":[],"product_brand":[],"product_cat":[21542],"product_tag":[],"class_list":{"0":"post-154862","1":"product","2":"type-product","3":"status-publish","4":"has-post-thumbnail","6":"product_cat-sachbuecher-dokumentationen","7":"pa_autor-barmasse","8":"pa_erscheinungsjahr-21574","9":"pa_region-italien","10":"pa_sprache-de","12":"first","13":"instock","14":"taxable","15":"shipping-taxable","16":"purchasable","17":"product-type-simple"},"_links":{"self":[{"href":"https:\/\/pizbube.ch\/en\/wp-json\/wp\/v2\/product\/154862","targetHints":{"allow":["GET"]}}],"collection":[{"href":"https:\/\/pizbube.ch\/en\/wp-json\/wp\/v2\/product"}],"about":[{"href":"https:\/\/pizbube.ch\/en\/wp-json\/wp\/v2\/types\/product"}],"wp:featuredmedia":[{"embeddable":true,"href":"https:\/\/pizbube.ch\/en\/wp-json\/wp\/v2\/media\/37340"}],"wp:attachment":[{"href":"https:\/\/pizbube.ch\/en\/wp-json\/wp\/v2\/media?parent=154862"}],"wp:term":[{"taxonomy":"product_brand","embeddable":true,"href":"https:\/\/pizbube.ch\/en\/wp-json\/wp\/v2\/product_brand?post=154862"},{"taxonomy":"product_cat","embeddable":true,"href":"https:\/\/pizbube.ch\/en\/wp-json\/wp\/v2\/product_cat?post=154862"},{"taxonomy":"product_tag","embeddable":true,"href":"https:\/\/pizbube.ch\/en\/wp-json\/wp\/v2\/product_tag?post=154862"}],"curies":[{"name":"wp","href":"https:\/\/api.w.org\/{rel}","templated":true}]}}