{"id":154868,"date":"2021-01-15T16:06:41","date_gmt":"2021-01-15T16:06:41","guid":{"rendered":"https:\/\/codengine3.ch\/?product=import-placeholder-for-207758"},"modified":"2026-01-29T14:26:30","modified_gmt":"2026-01-29T13:26:30","slug":"tromso-kvaloya-150000","status":"publish","type":"product","link":"https:\/\/pizbube.ch\/en\/shop\/tromso-kvaloya-150000\/","title":{"rendered":"Troms\u00f8-Kval\u00f8ya 1:50&#8217;000"},"content":{"rendered":"<p>Kvaloya &amp; Tromso 1:50 000<br \/>\nsheet 3010<\/p>\n<p>Topographische Karte mit Stra\u00dfen, Wegen, Orten, Wohnpl\u00e4tzen, Gew\u00e4ssern,<br \/>\nLandschaftsnamen, Grenzen, Landschaftsformen, H\u00f6henlinien etc.; touristische<br \/>\nInformationen im farbigen Aufdruck: Wanderwege, Winterrouten,<br \/>\nSchneemobilrouten, Campingpl\u00e4tze, H\u00fctten, Angelpl\u00e4tze, Serviceeinrichtungen<br \/>\nu.a.; UTM-Gitter eingedruckt, Legende: norwegisch, englisch<\/p>\n<p>These are popular maps of the major tourtist areas of Norway at various<br \/>\nscales. They include footpaths, ski routes, bicycle routes as well as tourist<br \/>\ncabins, places of interest including golfing, fishing and climbing. The maps<br \/>\nalso include contours, lakes and rivers etc.<\/p>","protected":false},"excerpt":{"rendered":"<p>Kvaloya &amp; Tromso 1:50 000 sheet 3010 Topographische Karte mit Stra\u00dfen, Wegen, Orten, Wohnpl\u00e4tzen, Gew\u00e4ssern, Landschaftsnamen, Grenzen, Landschaftsformen, H\u00f6henlinien etc.; touristische Informationen im farbigen Aufdruck: Wanderwege, Winterrouten, Schneemobilrouten, Campingpl\u00e4tze, H\u00fctten, Angelpl\u00e4tze, Serviceeinrichtungen u.a.; UTM-Gitter eingedruckt, Legende: norwegisch, englisch These are popular maps of the major tourtist areas of Norway at various scales. They include footpaths, [&#8230;]\n","protected":false},"featured_media":160364,"template":"","meta":[],"product_brand":[],"product_cat":[21543],"product_tag":[],"class_list":{"0":"post-154868","1":"product","2":"type-product","3":"status-publish","4":"has-post-thumbnail","6":"product_cat-landkarten","7":"pa_autor-nordeca","8":"pa_erscheinungsjahr-21571","9":"pa_region-skandinavien-norwegen-schweden-finnland","10":"pa_sprache-en-norw","12":"first","13":"outofstock","14":"taxable","15":"shipping-taxable","16":"purchasable","17":"product-type-simple"},"_links":{"self":[{"href":"https:\/\/pizbube.ch\/en\/wp-json\/wp\/v2\/product\/154868","targetHints":{"allow":["GET"]}}],"collection":[{"href":"https:\/\/pizbube.ch\/en\/wp-json\/wp\/v2\/product"}],"about":[{"href":"https:\/\/pizbube.ch\/en\/wp-json\/wp\/v2\/types\/product"}],"wp:featuredmedia":[{"embeddable":true,"href":"https:\/\/pizbube.ch\/en\/wp-json\/wp\/v2\/media\/160364"}],"wp:attachment":[{"href":"https:\/\/pizbube.ch\/en\/wp-json\/wp\/v2\/media?parent=154868"}],"wp:term":[{"taxonomy":"product_brand","embeddable":true,"href":"https:\/\/pizbube.ch\/en\/wp-json\/wp\/v2\/product_brand?post=154868"},{"taxonomy":"product_cat","embeddable":true,"href":"https:\/\/pizbube.ch\/en\/wp-json\/wp\/v2\/product_cat?post=154868"},{"taxonomy":"product_tag","embeddable":true,"href":"https:\/\/pizbube.ch\/en\/wp-json\/wp\/v2\/product_tag?post=154868"}],"curies":[{"name":"wp","href":"https:\/\/api.w.org\/{rel}","templated":true}]}}