{"id":154873,"date":"2021-01-15T17:49:28","date_gmt":"2021-01-15T17:49:28","guid":{"rendered":"https:\/\/codengine3.ch\/?product=import-placeholder-for-208043"},"modified":"2021-01-15T17:49:34","modified_gmt":"2021-01-15T17:49:34","slug":"faszinierendes-graubuenden","status":"publish","type":"product","link":"https:\/\/pizbube.ch\/en\/shop\/faszinierendes-graubuenden\/","title":{"rendered":"Faszinierendes Graub\u00fcnden"},"content":{"rendered":"<p>\nDas B\u00fcndnerland ist aufgrund seiner bergigen, oftmals schwer zug\u00e4nglichen<br \/>\nLandschaft nur d\u00fcnn besiedelt. Umso mehr Platz bleibt f\u00fcr die Natur. Hier<br \/>\nfinden sich weltbekannte Naturst\u00e4tten wie die urt\u00fcmliche Rheinschlucht<br \/>\n(Ruinaulta), das lichttrunkene Oberengadin mit seinen L\u00e4rchenw\u00e4ldern, der<br \/>\nber\u00fchmte Schweizerische Nationalpark und die Viamala-Schlucht &#8211; aber auch<br \/>\neinige der sch\u00f6nsten Seen der Alpen wie der Palpuogna-See oder der Lagh da<br \/>\nSaoseo im Puschlav.<\/p>\n<p>Weltentr\u00fcckt und wild zeigen sich die Greina-Hochebene, das Bergell oder das<br \/>\nBerninagebiet. Die faszinierende Sch\u00f6nheit geologischer Ph\u00e4nomene wird uns im<br \/>\nGebiet der Tektonikarena Sardona an der Grenze zum Glarnerland vor Augen<br \/>\ngef\u00fchrt. Und nach wie vor zu entdecken gibt es die B\u00fcndner Herrschaft, das<br \/>\nAlbulatal oder das entlegene Val M\u00fcstair &#8230;  <\/p>\n<p>Doch nicht nur die Natur, auch das kulturelle Erbe wartet mit H\u00f6hepunkten auf.<br \/>\nMittelalterliche Kirchen, Schl\u00f6sser und Ruinen, intakte Bauernd\u00f6rfer,<br \/>\nitalienisch inspirierte Palazzi und fantasievoll bemalte H\u00e4userfassaden &#8211;<br \/>\nwelches Leben w\u00e4re lang genug, dies alles aufzusuchen! Der neue Bildband zeigt<br \/>\ndie Natur- und Kultursch\u00f6nheiten des heutigen &#171;R\u00e4tien&#187;, wie man sie noch<br \/>\nnicht gesehen hat. Er ruft auf, sie zu entdecken und zu erhalten.  <\/p>\n<p>192 Seiten; Breite 276 mm, H\u00f6he 218 mm, Dicke 18 mm  <\/p>","protected":false},"excerpt":{"rendered":"<p>Das B\u00fcndnerland ist aufgrund seiner bergigen, oftmals schwer zug\u00e4nglichen Landschaft nur d\u00fcnn besiedelt. Umso mehr Platz bleibt f\u00fcr die Natur. Hier finden sich weltbekannte Naturst\u00e4tten wie die urt\u00fcmliche Rheinschlucht (Ruinaulta), das lichttrunkene Oberengadin mit seinen L\u00e4rchenw\u00e4ldern, der ber\u00fchmte Schweizerische Nationalpark und die Viamala-Schlucht &#8211; aber auch einige der sch\u00f6nsten Seen der Alpen wie der Palpuogna-See [&#8230;]\n","protected":false},"featured_media":39191,"template":"","meta":[],"product_brand":[],"product_cat":[21542],"product_tag":[],"class_list":{"0":"post-154873","1":"product","2":"type-product","3":"status-publish","4":"has-post-thumbnail","6":"product_cat-sachbuecher-dokumentationen","7":"pa_autor-camartin","8":"pa_erscheinungsjahr-21586","9":"pa_region-schweiz","10":"pa_sprache-de","12":"first","13":"instock","14":"taxable","15":"shipping-taxable","16":"purchasable","17":"product-type-simple"},"_links":{"self":[{"href":"https:\/\/pizbube.ch\/en\/wp-json\/wp\/v2\/product\/154873","targetHints":{"allow":["GET"]}}],"collection":[{"href":"https:\/\/pizbube.ch\/en\/wp-json\/wp\/v2\/product"}],"about":[{"href":"https:\/\/pizbube.ch\/en\/wp-json\/wp\/v2\/types\/product"}],"wp:featuredmedia":[{"embeddable":true,"href":"https:\/\/pizbube.ch\/en\/wp-json\/wp\/v2\/media\/39191"}],"wp:attachment":[{"href":"https:\/\/pizbube.ch\/en\/wp-json\/wp\/v2\/media?parent=154873"}],"wp:term":[{"taxonomy":"product_brand","embeddable":true,"href":"https:\/\/pizbube.ch\/en\/wp-json\/wp\/v2\/product_brand?post=154873"},{"taxonomy":"product_cat","embeddable":true,"href":"https:\/\/pizbube.ch\/en\/wp-json\/wp\/v2\/product_cat?post=154873"},{"taxonomy":"product_tag","embeddable":true,"href":"https:\/\/pizbube.ch\/en\/wp-json\/wp\/v2\/product_tag?post=154873"}],"curies":[{"name":"wp","href":"https:\/\/api.w.org\/{rel}","templated":true}]}}