{"id":154875,"date":"2021-01-15T17:49:36","date_gmt":"2021-01-15T17:49:36","guid":{"rendered":"https:\/\/codengine3.ch\/?product=import-placeholder-for-208049"},"modified":"2024-01-11T17:32:36","modified_gmt":"2024-01-11T16:32:36","slug":"piz-vial-piz-valdraus","status":"publish","type":"product","link":"https:\/\/pizbube.ch\/en\/shop\/piz-vial-piz-valdraus\/","title":{"rendered":"Piz Vial, Piz Valdraus"},"content":{"rendered":"<p>Die vergangenen drei Saisons besuchte Isabelle Wackernagel unz\u00e4hlige Male die<br \/>\nMedelser H\u00fctte und verbrachte viel Zeit und Musse auf 2524 Meter \u00fcber Meer.<br \/>\nImmer hatte sie auch ihren Malkasten dabei und hielt die verschiedenen<br \/>\nStimmungen mit Pinsel auf Papier fest. So entstanden im Laufe der Jahre viele<br \/>\nAquarelle. Diese Kunstwerke sind als Postkarten erh\u00e4ltlich.<\/p>","protected":false},"excerpt":{"rendered":"<p>Die vergangenen drei Saisons besuchte Isabelle Wackernagel unz\u00e4hlige Male die Medelser H\u00fctte und verbrachte viel Zeit und Musse auf 2524 Meter \u00fcber Meer. Immer hatte sie auch ihren Malkasten dabei und hielt die verschiedenen Stimmungen mit Pinsel auf Papier fest. So entstanden im Laufe der Jahre viele Aquarelle. Diese Kunstwerke sind als Postkarten erh\u00e4ltlich.<\/p>","protected":false},"featured_media":171115,"template":"","meta":[],"product_brand":[],"product_cat":[21853],"product_tag":[],"class_list":{"0":"post-154875","1":"product","2":"type-product","3":"status-publish","4":"has-post-thumbnail","6":"product_cat-ansichtskarten","7":"pa_autor-wackernagel","8":"pa_erscheinungsjahr-21621","9":"pa_region-schweiz","10":"pa_sprache-de","12":"first","13":"instock","14":"taxable","15":"shipping-taxable","16":"purchasable","17":"product-type-simple"},"_links":{"self":[{"href":"https:\/\/pizbube.ch\/en\/wp-json\/wp\/v2\/product\/154875","targetHints":{"allow":["GET"]}}],"collection":[{"href":"https:\/\/pizbube.ch\/en\/wp-json\/wp\/v2\/product"}],"about":[{"href":"https:\/\/pizbube.ch\/en\/wp-json\/wp\/v2\/types\/product"}],"wp:featuredmedia":[{"embeddable":true,"href":"https:\/\/pizbube.ch\/en\/wp-json\/wp\/v2\/media\/171115"}],"wp:attachment":[{"href":"https:\/\/pizbube.ch\/en\/wp-json\/wp\/v2\/media?parent=154875"}],"wp:term":[{"taxonomy":"product_brand","embeddable":true,"href":"https:\/\/pizbube.ch\/en\/wp-json\/wp\/v2\/product_brand?post=154875"},{"taxonomy":"product_cat","embeddable":true,"href":"https:\/\/pizbube.ch\/en\/wp-json\/wp\/v2\/product_cat?post=154875"},{"taxonomy":"product_tag","embeddable":true,"href":"https:\/\/pizbube.ch\/en\/wp-json\/wp\/v2\/product_tag?post=154875"}],"curies":[{"name":"wp","href":"https:\/\/api.w.org\/{rel}","templated":true}]}}