{"id":154881,"date":"2021-01-15T17:51:51","date_gmt":"2021-01-15T17:51:51","guid":{"rendered":"https:\/\/codengine3.ch\/?product=import-placeholder-for-208289"},"modified":"2021-02-03T21:58:17","modified_gmt":"2021-02-03T20:58:17","slug":"rettet-die-berge","status":"publish","type":"product","link":"https:\/\/pizbube.ch\/en\/shop\/rettet-die-berge\/","title":{"rendered":"Rettet die Berge"},"content":{"rendered":"<p>Ein Appell von Reinhold Messner<\/p>\n<p>Naturschutz statt Massentourismus &#8211; ein k\u00e4mpferischer Appell von Reinhold<br \/>\nMessner<\/p>\n<p>Als die Romantiker die Sch\u00f6nheit der Berge entdeckten, konnte niemand ahnen,<br \/>\ndass dies der Beginn des alpinen Massentourismus sein w\u00fcrde. Ob Alpen,<br \/>\nHimalaya oder Hohe Tatra: Heute sind ganze Bergregionen ein einziger<br \/>\nSpielplatz mit inszenierten Freizeitparks, Klettersteigen, Skigebieten und<br \/>\nkahlen H\u00e4ngen. Mountainbiker, Bergsteiger und Skifahrer erwarten ein perfektes<br \/>\nVergn\u00fcgen, Alpinisten eine allgegenw\u00e4rtige Bergrettung.  <\/p>\n<p>Die Erhabenheit der Natur wird zusehends banalisiert. Unser Verhalten bedroht<br \/>\neine einzigartige Wildnis und eine \u00f6kologisch wertvolle Kulturlandschaft.<br \/>\nReinhold Messner, der wie kein anderer die Berge der Welt kennt, analysiert in<br \/>\nseinem Buch die Bedrohungslage und gibt konkrete Handlungsempfehlungen:-<br \/>\nPointiert, meinungsstark und unbequem: ein Pl\u00e4doyer f\u00fcr einen neuen<br \/>\nNaturschutz- Nachhaltige Entwicklung statt Massentourismus: Was jeder von uns<br \/>\nzum Erhalt der Bergwelt tun kann- Bonus-Kapitel: Berge besteigen, obwohl es<br \/>\nabsurd ist &#8211; Reinhold Messner im InterviewWie Mensch und Natur gemeinsam eine<br \/>\nLandschaft gestaltenWir Menschen brauchen die Berge. Aber brauchen die Berge<br \/>\nuns? Reinhold Messner, Bergsteiger, Abenteurer und Philosoph in Aktion, sagt:<br \/>\nJa!  <\/p>\n<p>Das, was wir als Gebirge erleben, besteht f\u00fcr ihn aus zwei miteinander<br \/>\nverzahnten Elementen: Einer Kulturlandschaft aus Almen, W\u00e4ldern und<br \/>\nBergd\u00f6rfern und einer Naturlandschaft, die sich weit \u00fcber die Waldgrenze<br \/>\nhinaus in die Hochgebirgsregionen erstreckt. Reinhold Messner k\u00e4mpft f\u00fcr einen<br \/>\nnachhaltigen Umgang mit der Natur, bewirtschaftet Bergbauernh\u00f6fe und gestaltet<br \/>\nan sechs Standorten das Messner Mountain Museum. In seinem Buch \u00bbRettet die<br \/>\nBerge\u00ab zeigt er, wie das Zusammenspiel von Stadt und Land, Berg und Tal,<br \/>\nMensch und Natur funktioniert und was wir tun m\u00fcssen, um die grandiose<br \/>\nLandschaft und den einzigartigen Lebensraum der Gebirge f\u00fcr nachfolgende<br \/>\nGenerationen zu erhalten. Wir haben kein Ersatzgebirge &#8211; rettet die Berge!  <\/p>","protected":false},"excerpt":{"rendered":"<p>Ein Appell von Reinhold Messner Naturschutz statt Massentourismus &#8211; ein k\u00e4mpferischer Appell von Reinhold Messner Als die Romantiker die Sch\u00f6nheit der Berge entdeckten, konnte niemand ahnen, dass dies der Beginn des alpinen Massentourismus sein w\u00fcrde. Ob Alpen, Himalaya oder Hohe Tatra: Heute sind ganze Bergregionen ein einziger Spielplatz mit inszenierten Freizeitparks, Klettersteigen, Skigebieten und kahlen [&#8230;]\n","protected":false},"featured_media":39892,"template":"","meta":[],"product_brand":[],"product_cat":[21542],"product_tag":[],"class_list":{"0":"post-154881","1":"product","2":"type-product","3":"status-publish","4":"has-post-thumbnail","6":"product_cat-sachbuecher-dokumentationen","7":"pa_autor-messner","8":"pa_erscheinungsjahr-21586","9":"pa_region-italien","10":"pa_sprache-de","12":"first","13":"instock","14":"taxable","15":"shipping-taxable","16":"purchasable","17":"product-type-simple"},"_links":{"self":[{"href":"https:\/\/pizbube.ch\/en\/wp-json\/wp\/v2\/product\/154881","targetHints":{"allow":["GET"]}}],"collection":[{"href":"https:\/\/pizbube.ch\/en\/wp-json\/wp\/v2\/product"}],"about":[{"href":"https:\/\/pizbube.ch\/en\/wp-json\/wp\/v2\/types\/product"}],"wp:featuredmedia":[{"embeddable":true,"href":"https:\/\/pizbube.ch\/en\/wp-json\/wp\/v2\/media\/39892"}],"wp:attachment":[{"href":"https:\/\/pizbube.ch\/en\/wp-json\/wp\/v2\/media?parent=154881"}],"wp:term":[{"taxonomy":"product_brand","embeddable":true,"href":"https:\/\/pizbube.ch\/en\/wp-json\/wp\/v2\/product_brand?post=154881"},{"taxonomy":"product_cat","embeddable":true,"href":"https:\/\/pizbube.ch\/en\/wp-json\/wp\/v2\/product_cat?post=154881"},{"taxonomy":"product_tag","embeddable":true,"href":"https:\/\/pizbube.ch\/en\/wp-json\/wp\/v2\/product_tag?post=154881"}],"curies":[{"name":"wp","href":"https:\/\/api.w.org\/{rel}","templated":true}]}}