{"id":155494,"date":"2021-01-24T21:47:28","date_gmt":"2021-01-24T20:47:28","guid":{"rendered":"https:\/\/codengine3.ch\/?post_type=product&#038;p=155494"},"modified":"2021-03-25T08:38:22","modified_gmt":"2021-03-25T07:38:22","slug":"buechergutschein-100","status":"publish","type":"product","link":"https:\/\/pizbube.ch\/en\/shop\/buechergutschein-100\/","title":{"rendered":"B\u00fcchergutschein 100.-"},"content":{"rendered":"<p>Wenn Sie nicht sicher sind, welche Titel der Beschenkte bereits besitzt oder einfach um der Liebsten eine Freude zu machen:<br \/>\nGutscheine f\u00fcr B\u00fccher gibt es bei uns \u00fcber CHF 30.00, 50.00 und 100.00<\/p>\n<p>Sie sind unbeschr\u00e4nkt g\u00fcltig und Teilabbuchungen sind m\u00f6glich.<\/p>","protected":false},"excerpt":{"rendered":"<p>Wenn Sie nicht sicher sind, welche Titel der Beschenkte bereits besitzt oder einfach um der Liebsten eine Freude zu machen: Gutscheine f\u00fcr B\u00fccher gibt es bei uns \u00fcber CHF 30.00, 50.00 und 100.00 Sie sind unbeschr\u00e4nkt g\u00fcltig und Teilabbuchungen sind m\u00f6glich.<\/p>","protected":false},"featured_media":156263,"template":"","meta":[],"product_brand":[],"product_cat":[21836],"product_tag":[26801,26818],"class_list":{"0":"post-155494","1":"product","2":"type-product","3":"status-publish","4":"has-post-thumbnail","6":"product_cat-geschenkideen","7":"product_tag-buechergutschein","8":"product_tag-buechergutscheine","9":"pa_erscheinungsjahr-21558","10":"pa_region-schweiz","12":"first","13":"instock","14":"taxable","15":"shipping-taxable","16":"purchasable","17":"product-type-simple"},"_links":{"self":[{"href":"https:\/\/pizbube.ch\/en\/wp-json\/wp\/v2\/product\/155494","targetHints":{"allow":["GET"]}}],"collection":[{"href":"https:\/\/pizbube.ch\/en\/wp-json\/wp\/v2\/product"}],"about":[{"href":"https:\/\/pizbube.ch\/en\/wp-json\/wp\/v2\/types\/product"}],"wp:featuredmedia":[{"embeddable":true,"href":"https:\/\/pizbube.ch\/en\/wp-json\/wp\/v2\/media\/156263"}],"wp:attachment":[{"href":"https:\/\/pizbube.ch\/en\/wp-json\/wp\/v2\/media?parent=155494"}],"wp:term":[{"taxonomy":"product_brand","embeddable":true,"href":"https:\/\/pizbube.ch\/en\/wp-json\/wp\/v2\/product_brand?post=155494"},{"taxonomy":"product_cat","embeddable":true,"href":"https:\/\/pizbube.ch\/en\/wp-json\/wp\/v2\/product_cat?post=155494"},{"taxonomy":"product_tag","embeddable":true,"href":"https:\/\/pizbube.ch\/en\/wp-json\/wp\/v2\/product_tag?post=155494"}],"curies":[{"name":"wp","href":"https:\/\/api.w.org\/{rel}","templated":true}]}}