{"id":155927,"date":"2021-02-18T11:37:52","date_gmt":"2021-02-18T10:37:52","guid":{"rendered":"https:\/\/pizbube-test.ch\/?post_type=product&#038;p=155927"},"modified":"2024-03-20T10:48:18","modified_gmt":"2024-03-20T09:48:18","slug":"skitouren-in-osttirol-und-oberkaernten","status":"publish","type":"product","link":"https:\/\/pizbube.ch\/en\/shop\/skitouren-in-osttirol-und-oberkaernten\/","title":{"rendered":"Skitouren in Osttirol und Oberk\u00e4rnten"},"content":{"rendered":"<p>Hohe Tauern \u2013 Villgrater Berge \u2013 Lienzer Dolomiten \u2013 Karnischer Kamm.<br \/>\n200 Tourenvorschl\u00e4ge. Mit Skidurchquerung Hoch Tirol<\/p>\n<p>Mit 200 sorgf\u00e4ltig ausgearbeiteten Tourentipps bietet er ein umfassendes und einzigartiges Portfolio dessen, was abseits der Piste auf zwei Brettern im Schnee m\u00f6glich ist. Das Spektrum reicht dabei von einfachen Tagestouren f\u00fcr Toureneinsteiger bis hin zu anspruchsvollen Hochtouren f\u00fcr den erfahrenen Skibergsteiger.<\/p>\n<p>Gegliedert nach Ausgangsorten umfasst die Tourenauswahl dabei die ganze Vielfalt der Bergwelt Osttirols und Oberk\u00e4rntens: Lienzer Dolomiten, Schobergruppe, Defregger Berge, Villgrater Berge, Las\u00f6rlinggruppe, Panargenkamm, Rieserfernergruppe, Venediger-, Granatspitz- und Glocknergruppe, Goldberggruppe, Gailtaler Alpen und Karnischer Kamm \u2013 Ziele f\u00fcr mehr als ein halbes Leben.<\/p>\n<p>512 Seiten<br \/>\nmit 200 Touren und der Ski-Hochroute Hoch Tirol,<br \/>\n447 farb. Abb. und 36 topographische Karten mit eingezeichnetem Routenverlauf sowie 1 \u00dcbersichtskarte<\/p>\n<p>2. aktualisierte und erweiterte Auflage 2022<\/p>","protected":false},"excerpt":{"rendered":"<p>Hohe Tauern \u2013 Villgrater Berge \u2013 Lienzer Dolomiten \u2013 Karnischer Kamm. 200 Tourenvorschl\u00e4ge. Mit Skidurchquerung Hoch Tirol Mit 200 sorgf\u00e4ltig ausgearbeiteten Tourentipps bietet er ein umfassendes und einzigartiges Portfolio dessen, was abseits der Piste auf zwei Brettern im Schnee m\u00f6glich ist. Das Spektrum reicht dabei von einfachen Tagestouren f\u00fcr Toureneinsteiger bis hin zu anspruchsvollen Hochtouren [&#8230;]\n","protected":false},"featured_media":171722,"template":"","meta":[],"product_brand":[],"product_cat":[21540],"product_tag":[],"class_list":{"0":"post-155927","1":"product","2":"type-product","3":"status-publish","4":"has-post-thumbnail","6":"product_cat-fuehrerliteratur-alpin-winter","7":"pa_autor-mariacher","8":"pa_erscheinungsjahr-21558","9":"pa_region-oesterreich","10":"pa_sprache-de","12":"first","13":"instock","14":"taxable","15":"shipping-taxable","16":"purchasable","17":"product-type-simple"},"_links":{"self":[{"href":"https:\/\/pizbube.ch\/en\/wp-json\/wp\/v2\/product\/155927","targetHints":{"allow":["GET"]}}],"collection":[{"href":"https:\/\/pizbube.ch\/en\/wp-json\/wp\/v2\/product"}],"about":[{"href":"https:\/\/pizbube.ch\/en\/wp-json\/wp\/v2\/types\/product"}],"wp:featuredmedia":[{"embeddable":true,"href":"https:\/\/pizbube.ch\/en\/wp-json\/wp\/v2\/media\/171722"}],"wp:attachment":[{"href":"https:\/\/pizbube.ch\/en\/wp-json\/wp\/v2\/media?parent=155927"}],"wp:term":[{"taxonomy":"product_brand","embeddable":true,"href":"https:\/\/pizbube.ch\/en\/wp-json\/wp\/v2\/product_brand?post=155927"},{"taxonomy":"product_cat","embeddable":true,"href":"https:\/\/pizbube.ch\/en\/wp-json\/wp\/v2\/product_cat?post=155927"},{"taxonomy":"product_tag","embeddable":true,"href":"https:\/\/pizbube.ch\/en\/wp-json\/wp\/v2\/product_tag?post=155927"}],"curies":[{"name":"wp","href":"https:\/\/api.w.org\/{rel}","templated":true}]}}