{"id":155932,"date":"2021-02-18T13:07:33","date_gmt":"2021-02-18T12:07:33","guid":{"rendered":"https:\/\/pizbube-test.ch\/?post_type=product&#038;p=155932"},"modified":"2021-02-18T15:01:29","modified_gmt":"2021-02-18T14:01:29","slug":"escapades-hivernales-70-itineraires-en-raquettes-ou-a-ski-sur-les-cretes-de-larc-jurassien-franco-suisse","status":"publish","type":"product","link":"https:\/\/pizbube.ch\/en\/shop\/escapades-hivernales-70-itineraires-en-raquettes-ou-a-ski-sur-les-cretes-de-larc-jurassien-franco-suisse\/","title":{"rendered":"Escapades hivernales &#8211; 70 itin\u00e9raires en raquettes ou \u00e0 ski sur les cr\u00eates de l\u2019Arc jurassien franco-suisse"},"content":{"rendered":"<p>70 itin\u00e9raires en raquettes ou a ski sur les cr\u00eates de l&#8217;Arc jurassien franco-suisse. Paradis pour la pratique des activit\u00e9s nordiques, l\u2019Arc jurassien franco-suisse offre une multitude de possibilit\u00e9s d\u2019escapades hivernales, de Montb\u00e9liard \u00e0 Culoz du c\u00f4t\u00e9 fran\u00e7ais, de Soleure \u00e0 Gen\u00e8ve du c\u00f4t\u00e9 suisse. Fin connaisseur et passionn\u00e9 de cette montagne, Jean-Luc Girod propose 70 suggestions d\u2019itin\u00e9raires.<\/p>\n<p>Il d\u00e9crit l\u2019environnement dans lequel la randonn\u00e9e se pra- tique, d\u00e9taille le parcours et donne des pistes pour la d\u00e9couverte des curiosit\u00e9s caract\u00e9ristiques du massif. Et dans une logique transfrontali\u00e8re, en toute libert\u00e9, il invite \u00e0 \u00e9voluer de combe en for\u00eat, de clairi\u00e8re en cr\u00eate, avec toujours l\u2019id\u00e9e de cibler un point de vue, un belv\u00e9d\u00e8re, un cr\u00eat ou un sommet.<\/p>\n<p>Ce guide est \u00e9galement construit avec l\u2019ambition de d\u00e9couvrir une nature exceptionnelle (de nombreuses informations sur la nature travers\u00e9e sont transmises) en limitant au maximum l\u2019impact de la visite et en respectant les prescriptions de protection, en France comme en Suisse. Une aventure sans fin, dans la neige, au grand air, sous le soleil et parfois dans le brouillard, d\u2019un chalet d\u2019alpage \u00e0 un abri en altitude, avec toujours un floril\u00e8ge de vues panoramiques sur les lacs et les sommets.<\/p>\n<p>Pages: 240 pages<\/p>","protected":false},"excerpt":{"rendered":"<p>70 itin\u00e9raires en raquettes ou a ski sur les cr\u00eates de l&#8217;Arc jurassien franco-suisse. Paradis pour la pratique des activit\u00e9s nordiques, l\u2019Arc jurassien franco-suisse offre une multitude de possibilit\u00e9s d\u2019escapades hivernales, de Montb\u00e9liard \u00e0 Culoz du c\u00f4t\u00e9 fran\u00e7ais, de Soleure \u00e0 Gen\u00e8ve du c\u00f4t\u00e9 suisse. Fin connaisseur et passionn\u00e9 de cette montagne, Jean-Luc Girod propose [&#8230;]\n","protected":false},"featured_media":155933,"template":"","meta":[],"product_brand":[],"product_cat":[21540],"product_tag":[],"class_list":{"0":"post-155932","1":"product","2":"type-product","3":"status-publish","4":"has-post-thumbnail","6":"product_cat-fuehrerliteratur-alpin-winter","7":"pa_autor-girod","8":"pa_erscheinungsjahr-21558","9":"pa_region-schweiz","10":"pa_sprache-fr","12":"first","13":"instock","14":"taxable","15":"shipping-taxable","16":"purchasable","17":"product-type-simple"},"_links":{"self":[{"href":"https:\/\/pizbube.ch\/en\/wp-json\/wp\/v2\/product\/155932","targetHints":{"allow":["GET"]}}],"collection":[{"href":"https:\/\/pizbube.ch\/en\/wp-json\/wp\/v2\/product"}],"about":[{"href":"https:\/\/pizbube.ch\/en\/wp-json\/wp\/v2\/types\/product"}],"wp:featuredmedia":[{"embeddable":true,"href":"https:\/\/pizbube.ch\/en\/wp-json\/wp\/v2\/media\/155933"}],"wp:attachment":[{"href":"https:\/\/pizbube.ch\/en\/wp-json\/wp\/v2\/media?parent=155932"}],"wp:term":[{"taxonomy":"product_brand","embeddable":true,"href":"https:\/\/pizbube.ch\/en\/wp-json\/wp\/v2\/product_brand?post=155932"},{"taxonomy":"product_cat","embeddable":true,"href":"https:\/\/pizbube.ch\/en\/wp-json\/wp\/v2\/product_cat?post=155932"},{"taxonomy":"product_tag","embeddable":true,"href":"https:\/\/pizbube.ch\/en\/wp-json\/wp\/v2\/product_tag?post=155932"}],"curies":[{"name":"wp","href":"https:\/\/api.w.org\/{rel}","templated":true}]}}