{"id":155944,"date":"2021-02-18T16:45:42","date_gmt":"2021-02-18T15:45:42","guid":{"rendered":"https:\/\/pizbube-test.ch\/?post_type=product&#038;p=155944"},"modified":"2024-12-10T18:19:31","modified_gmt":"2024-12-10T17:19:31","slug":"handbuch-zur-oesterreichischen-bergfuehrer-ausbildung","status":"publish","type":"product","link":"https:\/\/pizbube.ch\/en\/shop\/handbuch-zur-oesterreichischen-bergfuehrer-ausbildung\/","title":{"rendered":"Handbuch zur \u00f6sterreichischen Bergf\u00fchrer Ausbildung"},"content":{"rendered":"<p>Die Lehrunterlagen f\u00fcr die \u00f6sterreichische Berg- und Skif\u00fchrerausbildung wurden \u00fcberarbeitet und sind nun in Buchform erh\u00e4ltlich.<\/p>\n<p>Das neue Handbuch bringt euch in allen Bereichen des Bergsports auf den aktuellen Stand, von diversen F\u00fchrungstechniken und der Vermittlung von Inhalten der unterschiedlichen Disziplinen bis hin zu gruppendynamischen Prozessen. Nat\u00fcrlich werden auch Themen wie Ausr\u00fcstung, Wetter, Orientierung, Natur- und Gletscherkunde detailliert behandelt.<\/p>\n<p><span class=\"value\">Zentraler Teil dieses Werks ist der aktuelle Stand der unterschiedlichen F\u00fchrungstechniken in Fels, Eis und Schnee, welche in der \u00f6sterreichischen Berg- und Skif\u00fchrerausbildung gelehrt werden.<br \/>\nWeiters sind in diesem Handbuch die wichtigsten theoretischen Inhalte der Ausbildung ausgef\u00fchrt. Dieses Handbuch wurde vor allem f\u00fcr die Verwandung als Lehrunterlage in der Ausbildung konzipiert.<\/span><\/p>\n<p>Die Pflichtlekt\u00fcre f\u00fcr jeden Bergf\u00fchrer und Aspiranten &#8211; mit 606 Seiten und 2,6 kg im Rucksack dient das Werk auch zu Trainingszwecken!<\/p>\n<p>5. Auflage 2020; 606 Seiten<\/p>","protected":false},"excerpt":{"rendered":"<p>Die Lehrunterlagen f\u00fcr die \u00f6sterreichische Berg- und Skif\u00fchrerausbildung wurden \u00fcberarbeitet und sind nun in Buchform erh\u00e4ltlich. Das neue Handbuch bringt euch in allen Bereichen des Bergsports auf den aktuellen Stand, von diversen F\u00fchrungstechniken und der Vermittlung von Inhalten der unterschiedlichen Disziplinen bis hin zu gruppendynamischen Prozessen. Nat\u00fcrlich werden auch Themen wie Ausr\u00fcstung, Wetter, Orientierung, Natur- [&#8230;]\n","protected":false},"featured_media":157535,"template":"","meta":[],"product_brand":[],"product_cat":[21538],"product_tag":[],"class_list":{"0":"post-155944","1":"product","2":"type-product","3":"status-publish","4":"has-post-thumbnail","6":"product_cat-lehrbuecher","7":"pa_autor-voebs","8":"pa_erscheinungsjahr-21558","9":"pa_region-alpin-sommer","10":"pa_region-alpin-winter","11":"pa_region-klettertechnik","12":"pa_sprache-de","14":"first","15":"onbackorder","16":"taxable","17":"shipping-taxable","18":"purchasable","19":"product-type-simple"},"_links":{"self":[{"href":"https:\/\/pizbube.ch\/en\/wp-json\/wp\/v2\/product\/155944","targetHints":{"allow":["GET"]}}],"collection":[{"href":"https:\/\/pizbube.ch\/en\/wp-json\/wp\/v2\/product"}],"about":[{"href":"https:\/\/pizbube.ch\/en\/wp-json\/wp\/v2\/types\/product"}],"wp:featuredmedia":[{"embeddable":true,"href":"https:\/\/pizbube.ch\/en\/wp-json\/wp\/v2\/media\/157535"}],"wp:attachment":[{"href":"https:\/\/pizbube.ch\/en\/wp-json\/wp\/v2\/media?parent=155944"}],"wp:term":[{"taxonomy":"product_brand","embeddable":true,"href":"https:\/\/pizbube.ch\/en\/wp-json\/wp\/v2\/product_brand?post=155944"},{"taxonomy":"product_cat","embeddable":true,"href":"https:\/\/pizbube.ch\/en\/wp-json\/wp\/v2\/product_cat?post=155944"},{"taxonomy":"product_tag","embeddable":true,"href":"https:\/\/pizbube.ch\/en\/wp-json\/wp\/v2\/product_tag?post=155944"}],"curies":[{"name":"wp","href":"https:\/\/api.w.org\/{rel}","templated":true}]}}