{"id":155948,"date":"2021-02-18T17:26:32","date_gmt":"2021-02-18T16:26:32","guid":{"rendered":"https:\/\/pizbube-test.ch\/?post_type=product&#038;p=155948"},"modified":"2021-02-18T17:26:32","modified_gmt":"2021-02-18T16:26:32","slug":"neige-et-avalanches","status":"publish","type":"product","link":"https:\/\/pizbube.ch\/en\/shop\/neige-et-avalanches\/","title":{"rendered":"Neige et Avalanches"},"content":{"rendered":"<p>Le guide complet pour conna\u00eetre et comprendre la neige et les avalanches et limiter le risque d\u2019accident.<\/p>\n<p>La montagne enneig\u00e9e est source de plaisir et de joie, mais l\u2019espace d\u2019un instant, elle peut s\u2019av\u00e9rer meurtri\u00e8re pour qui se trouve au mauvais endroit au mauvais moment.<\/p>\n<p>Chaque ann\u00e9e les avalanches sont responsables de plusieurs dizaines de d\u00e9c\u00e8s en France, les principales victimes \u00e9tant les randonneurs \u00e0 skis ou \u00e0 raquettes et les skieurs en hors-piste. M\u00e9connaissance de la neige et des risques, inconscience, mauvais choix de sortie, mauvaise d\u00e9cision sur le terrain malgr\u00e9 les \u00e9l\u00e9ments observables et l\u2019\u00e9volution des conditions, les causes sont multiples mais les moyens simples de limiter le risque \u00e9galement !<\/p>\n<p>Gr\u00e2ce \u00e0 des explications claires et une p\u00e9dagogie \u00e9prouv\u00e9e, l&#8217;objectif de cet ouvrage, richement illustr\u00e9 et document\u00e9, est de les faire conna\u00eetre. Ces connaissances \u00e9voluent et s\u2019affinent petit \u00e0 petit. Ce travail est le fruit de nombreuses ann\u00e9es de pratique et de r\u00e9flexion, de rencontres et d&#8217;\u00e9changes d&#8217;exp\u00e9riences, tant avec des experts, scientifiques ou professionnels de la montagne, qu&#8217;avec des amateurs, pratiquants des sports de neige.<\/p>","protected":false},"excerpt":{"rendered":"<p>Le guide complet pour conna\u00eetre et comprendre la neige et les avalanches et limiter le risque d\u2019accident. La montagne enneig\u00e9e est source de plaisir et de joie, mais l\u2019espace d\u2019un instant, elle peut s\u2019av\u00e9rer meurtri\u00e8re pour qui se trouve au mauvais endroit au mauvais moment. Chaque ann\u00e9e les avalanches sont responsables de plusieurs dizaines de [&#8230;]\n","protected":false},"featured_media":155949,"template":"","meta":[],"product_brand":[],"product_cat":[21538],"product_tag":[],"class_list":{"0":"post-155948","1":"product","2":"type-product","3":"status-publish","4":"has-post-thumbnail","6":"product_cat-lehrbuecher","7":"pa_autor-cabot","8":"pa_erscheinungsjahr-21558","9":"pa_region-alpin-winter","10":"pa_sprache-fr","12":"first","13":"instock","14":"taxable","15":"shipping-taxable","16":"purchasable","17":"product-type-simple"},"_links":{"self":[{"href":"https:\/\/pizbube.ch\/en\/wp-json\/wp\/v2\/product\/155948","targetHints":{"allow":["GET"]}}],"collection":[{"href":"https:\/\/pizbube.ch\/en\/wp-json\/wp\/v2\/product"}],"about":[{"href":"https:\/\/pizbube.ch\/en\/wp-json\/wp\/v2\/types\/product"}],"wp:featuredmedia":[{"embeddable":true,"href":"https:\/\/pizbube.ch\/en\/wp-json\/wp\/v2\/media\/155949"}],"wp:attachment":[{"href":"https:\/\/pizbube.ch\/en\/wp-json\/wp\/v2\/media?parent=155948"}],"wp:term":[{"taxonomy":"product_brand","embeddable":true,"href":"https:\/\/pizbube.ch\/en\/wp-json\/wp\/v2\/product_brand?post=155948"},{"taxonomy":"product_cat","embeddable":true,"href":"https:\/\/pizbube.ch\/en\/wp-json\/wp\/v2\/product_cat?post=155948"},{"taxonomy":"product_tag","embeddable":true,"href":"https:\/\/pizbube.ch\/en\/wp-json\/wp\/v2\/product_tag?post=155948"}],"curies":[{"name":"wp","href":"https:\/\/api.w.org\/{rel}","templated":true}]}}