{"id":155953,"date":"2021-02-18T17:57:08","date_gmt":"2021-02-18T16:57:08","guid":{"rendered":"https:\/\/pizbube-test.ch\/?post_type=product&#038;p=155953"},"modified":"2021-02-18T17:57:08","modified_gmt":"2021-02-18T16:57:08","slug":"mont-blanc-les-plus-beaux-itineraires-a-skis","status":"publish","type":"product","link":"https:\/\/pizbube.ch\/en\/shop\/mont-blanc-les-plus-beaux-itineraires-a-skis\/","title":{"rendered":"Mont-Blanc &#8211; Les plus beaux itin\u00e9raires \u00e0 skis"},"content":{"rendered":"<p>Le massif du Mont-Blanc est un terrain de jeux fabuleux pour le ski alpin, le free-rando ou le ski de rando. Philippe Batoux, guide de haute montagne, a s\u00e9lectionn\u00e9 70 courses parmi les plus belles et les plus exclusives pour rejoindre des sommets, d\u00e9valer des pentes sans fin et des couloirs magiques.<\/p>\n<p>Ce qui concourt \u00e0 la notori\u00e9t\u00e9 du massif est son acc\u00e8s facile gr\u00e2ce au r\u00e9seau de remont\u00e9es m\u00e9caniques qui permet de skier beaucoup plus qu&#8217;ailleurs et tr\u00e8s tard en saison. Certains itin\u00e9raires \u00e0 skis exceptionnels sont accessibles par gravit\u00e9 depuis les remont\u00e9es m\u00e9caniques, ce qui est unique au monde. Pour d\u2019autres, une mont\u00e9e plus ou moins longue avec les peaux sera n\u00e9cessaire pour rejoindre le d\u00e9but de la descente. La plus belle fa\u00e7on de gravir le mont Blanc est de le faire \u00e0 skis. Quel bonheur de chausser sur le Toit de l\u2019Europe pour d\u00e9chausser \u00e0 Chamonix, 3 700 m\u00e8tres plus bas, apr\u00e8s une des plus longues descentes au monde.<\/p>\n<p>Victime de son succ\u00e8s, le massif du Mont-Blanc est tr\u00e8s couru par les amateurs de neige. Mais cette fr\u00e9quentation se concentre sur certains itin\u00e9raires et Philippe Batoux pr\u00e9sente les grandes classiques ainsi que des courses o\u00f9 la solitude est assur\u00e9e. Tous ces itin\u00e9raires se pratiquent essentiellement sur glacier, m\u00ealant les techniques de l\u2019alpinisme et du ski. Ils sont illustr\u00e9s par de superbes photos, sont trac\u00e9s sur photos pour plus de pr\u00e9cisions et repr\u00e9sent\u00e9s sur des cartes pour mieux pr\u00e9parer sa course. Les fiches techniques des courses sont t\u00e9l\u00e9chargeables gr\u00e2ce au QR code.<\/p>","protected":false},"excerpt":{"rendered":"<p>Le massif du Mont-Blanc est un terrain de jeux fabuleux pour le ski alpin, le free-rando ou le ski de rando. Philippe Batoux, guide de haute montagne, a s\u00e9lectionn\u00e9 70 courses parmi les plus belles et les plus exclusives pour rejoindre des sommets, d\u00e9valer des pentes sans fin et des couloirs magiques. Ce qui concourt [&#8230;]\n","protected":false},"featured_media":155954,"template":"","meta":[],"product_brand":[],"product_cat":[21540],"product_tag":[],"class_list":{"0":"post-155953","1":"product","2":"type-product","3":"status-publish","4":"has-post-thumbnail","6":"product_cat-fuehrerliteratur-alpin-winter","7":"pa_autor-batoux","8":"pa_erscheinungsjahr-21558","9":"pa_region-frankreich","10":"pa_sprache-fr","12":"first","13":"instock","14":"taxable","15":"shipping-taxable","16":"purchasable","17":"product-type-simple"},"_links":{"self":[{"href":"https:\/\/pizbube.ch\/en\/wp-json\/wp\/v2\/product\/155953","targetHints":{"allow":["GET"]}}],"collection":[{"href":"https:\/\/pizbube.ch\/en\/wp-json\/wp\/v2\/product"}],"about":[{"href":"https:\/\/pizbube.ch\/en\/wp-json\/wp\/v2\/types\/product"}],"wp:featuredmedia":[{"embeddable":true,"href":"https:\/\/pizbube.ch\/en\/wp-json\/wp\/v2\/media\/155954"}],"wp:attachment":[{"href":"https:\/\/pizbube.ch\/en\/wp-json\/wp\/v2\/media?parent=155953"}],"wp:term":[{"taxonomy":"product_brand","embeddable":true,"href":"https:\/\/pizbube.ch\/en\/wp-json\/wp\/v2\/product_brand?post=155953"},{"taxonomy":"product_cat","embeddable":true,"href":"https:\/\/pizbube.ch\/en\/wp-json\/wp\/v2\/product_cat?post=155953"},{"taxonomy":"product_tag","embeddable":true,"href":"https:\/\/pizbube.ch\/en\/wp-json\/wp\/v2\/product_tag?post=155953"}],"curies":[{"name":"wp","href":"https:\/\/api.w.org\/{rel}","templated":true}]}}