{"id":155958,"date":"2021-02-19T10:11:29","date_gmt":"2021-02-19T09:11:29","guid":{"rendered":"https:\/\/pizbube-test.ch\/?post_type=product&#038;p=155958"},"modified":"2025-08-08T18:10:12","modified_gmt":"2025-08-08T16:10:12","slug":"tirol-plaisir-kletterfuehrer","status":"publish","type":"product","link":"https:\/\/pizbube.ch\/en\/shop\/tirol-plaisir-kletterfuehrer\/","title":{"rendered":"Tirol Plaisir Kletterf\u00fchrer"},"content":{"rendered":"<p>Die sch\u00f6nsten Mehrseill\u00e4ngentouren zwischen 5 und 7 in Tirol \u2013 mit Touren in Bayern und Salzburg<\/p>\n<p>Plaisirklettern \u2013 darunter versteht man das Klettern in sehr gut bis gut mit Bohrhaken ausgestatteten Mehrseill\u00e4ngen-Routen, die einen moderaten Schwierigkeitsgrad aufweisen.<\/p>\n<p>Im vorliegenden Buch werden die sch\u00f6nsten Touren zwischen 5 (5a) und 7 (6b) optisch ansprechend dargestellt. Man sieht sofort, was einem erwartet \u2013 Toposkizze, \u00dcbersichtsbild, Beschreibung und Schwierigkeitsdiagramm. Mit Zugang zur Touren-App hat man die Toureninfo aus dem Buch immer griffbereit auf dem Smartphone dabei.<\/p>\n<p>Angefangen vom Tannheimer Tal und der Region um Ehrwald \u2013 streift die Routensammlung das Inntal und dessen Seitent\u00e4ler bis hin zum Wilden Kaiser \u2013 nat\u00fcrlich sind auch die tollen Mehrseill\u00e4ngen-Touren in den Bayerischen Voralpen, den Chiemgauer und Berchtesgadener Alpen aufgelistet. Egal ob Klettervergn\u00fcgen in der N\u00e4he des Tales oder perfekt abgesicherte Mehrseill\u00e4ngen-Touren im Hochgebirge, f\u00fcr jeden, der entspannt in Nordtirol und Umgebung klettern will, ist dieser Plaisir-Kletterf\u00fchrer genau die richtige Wahl.<\/p>\n<p>Besonderer Wert wurde auf aussagekr\u00e4ftige Routenskizzen (Topos) gelegt, in denen neben der exakten Bewertung der einzelnen Tourenabschnitte auch auf m\u00f6gliche Problemstellen hingewiesen wird. Die Informationen wurden in enger Zusammenarbeit mit Gebietskennern und Bergf\u00fchrern gesammelt.<\/p>\n<p>336 Seiten, Format 15,4 x 22 cm kompl. vielfarbig auf speziellem Kunstdruckpapier gedruckt, stabile Fadenheftung, mit Steig-Topos, Wand\u00fcbersichten und ca. 500 Farbfotos! Inkl. Touren-App Zugang!<br \/>\n(with English version: There are also short English abstracts with the most important information about the fixed rope routes in the book. The Topos and GPX-Tracks are in the App.)<\/p>","protected":false},"excerpt":{"rendered":"<p>Die sch\u00f6nsten Mehrseill\u00e4ngentouren zwischen 5 und 7 in Tirol \u2013 mit Touren in Bayern und Salzburg Plaisirklettern \u2013 darunter versteht man das Klettern in sehr gut bis gut mit Bohrhaken ausgestatteten Mehrseill\u00e4ngen-Routen, die einen moderaten Schwierigkeitsgrad aufweisen. Im vorliegenden Buch werden die sch\u00f6nsten Touren zwischen 5 (5a) und 7 (6b) optisch ansprechend dargestellt. Man sieht [&#8230;]\n","protected":false},"featured_media":155959,"template":"","meta":[],"product_brand":[],"product_cat":[21539],"product_tag":[],"class_list":{"0":"post-155958","1":"product","2":"type-product","3":"status-publish","4":"has-post-thumbnail","6":"product_cat-fuehrerliteratur-sportklettern-bouldern","7":"pa_autor-jentzsch-jentzsch-rabl","8":"pa_erscheinungsjahr-25440","9":"pa_region-oesterreich","10":"pa_sprache-de-en","12":"first","13":"instock","14":"taxable","15":"shipping-taxable","16":"purchasable","17":"product-type-simple"},"_links":{"self":[{"href":"https:\/\/pizbube.ch\/en\/wp-json\/wp\/v2\/product\/155958","targetHints":{"allow":["GET"]}}],"collection":[{"href":"https:\/\/pizbube.ch\/en\/wp-json\/wp\/v2\/product"}],"about":[{"href":"https:\/\/pizbube.ch\/en\/wp-json\/wp\/v2\/types\/product"}],"wp:featuredmedia":[{"embeddable":true,"href":"https:\/\/pizbube.ch\/en\/wp-json\/wp\/v2\/media\/155959"}],"wp:attachment":[{"href":"https:\/\/pizbube.ch\/en\/wp-json\/wp\/v2\/media?parent=155958"}],"wp:term":[{"taxonomy":"product_brand","embeddable":true,"href":"https:\/\/pizbube.ch\/en\/wp-json\/wp\/v2\/product_brand?post=155958"},{"taxonomy":"product_cat","embeddable":true,"href":"https:\/\/pizbube.ch\/en\/wp-json\/wp\/v2\/product_cat?post=155958"},{"taxonomy":"product_tag","embeddable":true,"href":"https:\/\/pizbube.ch\/en\/wp-json\/wp\/v2\/product_tag?post=155958"}],"curies":[{"name":"wp","href":"https:\/\/api.w.org\/{rel}","templated":true}]}}