{"id":155962,"date":"2021-02-19T10:28:55","date_gmt":"2021-02-19T09:28:55","guid":{"rendered":"https:\/\/pizbube-test.ch\/?post_type=product&#038;p=155962"},"modified":"2024-08-13T13:51:06","modified_gmt":"2024-08-13T11:51:06","slug":"via-alta-valle-maggia","status":"publish","type":"product","link":"https:\/\/pizbube.ch\/en\/shop\/via-alta-valle-maggia\/","title":{"rendered":"Via alta Valle Maggia"},"content":{"rendered":"<p>Dal lago alle nuvole e ritorno &#8211; Vom See zu den Wolken und zur\u00fcck<\/p>\n<p>Grossformatige Dokumentation \u00fcber die Via alta Valle Maggia. Auf der Via Alta Valle Maggia im Herzen des Tessins l\u00e4sst man den Alltag ganz schnell hinter sich.<br \/>\nJede Etappe erfordert hohe Konzentration. Und ist die mal f\u00fcr ein paar Augenblicke zu vernachl\u00e4ssigen, zieht einen sofort die grandiose Aussicht auf diesem Weitwanderweg im Tessin in ihren Bann.<\/p>\n<p>320 Seiten; Format: 32 x 23 cm<\/p>\n<p>Chi segue la traccia della Via Alta Vallemaggia \u2013 che corre sui crinali, che attraversa i circhi glaciali delle valli laterali, che serpeggia tra i massi delle frane \u2013 cammina in un mondo selvaggio e silenzioso, accompagnato solo dal fruscio del vento e dal mormorio dell\u2019acqua. \u00c8 un paesaggio impervio dove in alto domina la pietra sulla quale attecchisce a malapena il verde di una vegetazione pioniera. Pi\u00f9 in basso i versanti si coprono sempre pi\u00f9 di un verde intenso, di boschi rigogliosi in continua espansione, tanto da cancellare le radure, da ostacolare passaggi e da soffocare gli spazi umanizzati. \u00c8 il trionfo della natura spontanea che si apre allo sguardo degli escursionisti durante la loro presenza fugace.<\/p>\n<p>Camminare su un sentiero ti rende libero, libero di decidere, di fare delle scelte senza vincoli e condizionamenti, che non siano quelli delle tue capacit\u00e0, della tua curiosit\u00e0, delle tue passioni. Libero, soprattutto nella mente, che pu\u00f2 dialogare con il ritmo dei passi e sbizzarrirsi nel tracciare intricati percorsi della fantasia. La montagna assaporata con lentezza diventa dimensione del silenzio, luogo di contemplazione, di viaggio interiore, ma \u00e8 anche uno spazio di vita senza confini.<\/p>","protected":false},"excerpt":{"rendered":"<p>&nbsp;<\/p>\n<p><strong>\u00a0<\/strong><\/p>","protected":false},"featured_media":155963,"template":"","meta":[],"product_brand":[],"product_cat":[21542],"product_tag":[],"class_list":{"0":"post-155962","1":"product","2":"type-product","3":"status-publish","4":"has-post-thumbnail","6":"product_cat-sachbuecher-dokumentationen","7":"pa_autor-buzzini","8":"pa_erscheinungsjahr-27339","9":"pa_region-schweiz","10":"pa_sprache-de-it","12":"first","13":"instock","14":"taxable","15":"shipping-taxable","16":"purchasable","17":"product-type-simple"},"_links":{"self":[{"href":"https:\/\/pizbube.ch\/en\/wp-json\/wp\/v2\/product\/155962","targetHints":{"allow":["GET"]}}],"collection":[{"href":"https:\/\/pizbube.ch\/en\/wp-json\/wp\/v2\/product"}],"about":[{"href":"https:\/\/pizbube.ch\/en\/wp-json\/wp\/v2\/types\/product"}],"wp:featuredmedia":[{"embeddable":true,"href":"https:\/\/pizbube.ch\/en\/wp-json\/wp\/v2\/media\/155963"}],"wp:attachment":[{"href":"https:\/\/pizbube.ch\/en\/wp-json\/wp\/v2\/media?parent=155962"}],"wp:term":[{"taxonomy":"product_brand","embeddable":true,"href":"https:\/\/pizbube.ch\/en\/wp-json\/wp\/v2\/product_brand?post=155962"},{"taxonomy":"product_cat","embeddable":true,"href":"https:\/\/pizbube.ch\/en\/wp-json\/wp\/v2\/product_cat?post=155962"},{"taxonomy":"product_tag","embeddable":true,"href":"https:\/\/pizbube.ch\/en\/wp-json\/wp\/v2\/product_tag?post=155962"}],"curies":[{"name":"wp","href":"https:\/\/api.w.org\/{rel}","templated":true}]}}