{"id":155967,"date":"2021-02-19T14:19:09","date_gmt":"2021-02-19T13:19:09","guid":{"rendered":"https:\/\/pizbube-test.ch\/?post_type=product&#038;p=155967"},"modified":"2025-03-11T10:42:42","modified_gmt":"2025-03-11T09:42:42","slug":"cook-the-mountain","status":"publish","type":"product","link":"https:\/\/pizbube.ch\/en\/shop\/cook-the-mountain\/","title":{"rendered":"Cook The Mountain"},"content":{"rendered":"<p>The Nature Around You (2 B\u00e4nde. im Schuber)<\/p>\n<p>Als zentralen Punkt seiner Kochkunst bezeichnet Norbert Niederkofler den Respekt vor dem Produkt und die Kenntnis der richtigen Garmethode, um geschmacklich das Beste herauszuholen. Er setzt sich mit seiner K\u00fcche f\u00fcr den Erhalt der Kulturlandschaft S\u00fcdtirol ein, in der die Herkunft zur Zukunft werden soll. Sein Konzept \u00bbCook the Mountain\u00ab setzt ausschlie\u00dflich auf nat\u00fcrliche Produkte der Region. Das hochwertig ausgestattete Werk vermittelt die einzigartige Arbeitsweise und Philosophie des Autors in noch nie dagewesener Weise.<\/p>\n<p>Der Bildband zeigt in brillanten Fotos das vielf\u00e4ltige Gesicht S\u00fcdtirols. Wie dieser Landstrich durch den Menschen im Lauf von Jahrtausenden zur Kulturlandschaft umgestaltet wurde, spiegelt sich in den Aufnahmen unber\u00fchrter Landschaft ebenso, wie in Bildern landwirtschaftlich genutzter Fl\u00e4chen. Starke Portraits erz\u00e4hlen die Lebensgeschichten der Menschen. Bild und Text machen erlebbar, wie zukunftsweisend sinnvoll gelebte Tradition sein kann.<\/p>\n<p>Alle Rezepte sind von Norbert Niederkofler selbst verfasst und in professioneller Weise so detailliert beschrieben, dass sie f\u00fcr ambitionierte (Hobby-)K\u00f6che nachkochbar sind. Der Logik seiner Philosophie entsprechend ist das Buch in vier Kapitel gegliedert, die jede Saison in ihrer ganzen F\u00fclle erlebbar machen.<\/p>\n<p>Hardcover, Lederoptik, ca. 560 Seiten, 28,0 x 33,0 cm<br \/>\nca. 350 Farbfotografien und 60 Illustrationen<\/p>","protected":false},"excerpt":{"rendered":"<p>The Nature Around You (2 B\u00e4nde. im Schuber) Als zentralen Punkt seiner Kochkunst bezeichnet Norbert Niederkofler den Respekt vor dem Produkt und die Kenntnis der richtigen Garmethode, um geschmacklich das Beste herauszuholen. Er setzt sich mit seiner K\u00fcche f\u00fcr den Erhalt der Kulturlandschaft S\u00fcdtirol ein, in der die Herkunft zur Zukunft werden soll. Sein Konzept [&#8230;]\n","protected":false},"featured_media":155968,"template":"","meta":[],"product_brand":[],"product_cat":[21542],"product_tag":[],"class_list":{"0":"post-155967","1":"product","2":"type-product","3":"status-publish","4":"has-post-thumbnail","6":"product_cat-sachbuecher-dokumentationen","7":"pa_autor-niederkofler","8":"pa_erscheinungsjahr-21558","9":"pa_region-italien","10":"pa_sprache-de","12":"first","13":"outofstock","14":"taxable","15":"shipping-taxable","16":"purchasable","17":"product-type-simple"},"_links":{"self":[{"href":"https:\/\/pizbube.ch\/en\/wp-json\/wp\/v2\/product\/155967","targetHints":{"allow":["GET"]}}],"collection":[{"href":"https:\/\/pizbube.ch\/en\/wp-json\/wp\/v2\/product"}],"about":[{"href":"https:\/\/pizbube.ch\/en\/wp-json\/wp\/v2\/types\/product"}],"wp:featuredmedia":[{"embeddable":true,"href":"https:\/\/pizbube.ch\/en\/wp-json\/wp\/v2\/media\/155968"}],"wp:attachment":[{"href":"https:\/\/pizbube.ch\/en\/wp-json\/wp\/v2\/media?parent=155967"}],"wp:term":[{"taxonomy":"product_brand","embeddable":true,"href":"https:\/\/pizbube.ch\/en\/wp-json\/wp\/v2\/product_brand?post=155967"},{"taxonomy":"product_cat","embeddable":true,"href":"https:\/\/pizbube.ch\/en\/wp-json\/wp\/v2\/product_cat?post=155967"},{"taxonomy":"product_tag","embeddable":true,"href":"https:\/\/pizbube.ch\/en\/wp-json\/wp\/v2\/product_tag?post=155967"}],"curies":[{"name":"wp","href":"https:\/\/api.w.org\/{rel}","templated":true}]}}