{"id":155973,"date":"2021-02-23T09:41:54","date_gmt":"2021-02-23T08:41:54","guid":{"rendered":"https:\/\/pizbube-test.ch\/?post_type=product&#038;p=155973"},"modified":"2021-02-23T09:41:55","modified_gmt":"2021-02-23T08:41:55","slug":"skialp-tra-gran-sasso-e-sibillini","status":"publish","type":"product","link":"https:\/\/pizbube.ch\/en\/shop\/skialp-tra-gran-sasso-e-sibillini\/","title":{"rendered":"SKIALP tra GRAN SASSO e SIBILLINI"},"content":{"rendered":"<p>Appennino ripido ed esplorativo vol.1<\/p>\n<p>Gli Appennini hanno un fascino che manca alle Alpi, quello della scoperta: montagne piccole, che nella loro dolcezza nascondono itinerari anche impegnativi, spazi dai grandi panorami che riescono continuamente a stupire per la loro incredibile variet\u00e0 antropica e naturalistica.<\/p>\n<p>Le piste possibili, su questi pendii, paiono infinite. Abbiamo scelto di proporvi una selezione di 104 itinerari di Sci Ripido e Sci-Alpinismo classico, pertanto pi\u00f9 facili, dove i motivi dominanti fossero l\u2019esplorazione e la novit\u00e0: sono infatti tutti poco conosciuti e frequentati, e quasi tutti inediti. Oltre a questi troverete diverse proposte di concatenamento e numerose varianti che aiutano a conoscere ed amare queste piccole e meravigliose montagne a cavallo tra i due mari.<\/p>\n<p>Non mancano gli itinerari impegnativi ed alcuni, se non parecchi, sono di valore tecnico notevole, se non addirittura assoluto. La prima parte della guida \u00e8 dedicata alla nivo-meteorologia ed \u00e8 incentrata sul clima appenninico che \u00e8 particolare come le sue montagne, tutto da scoprire, e pu\u00f2 riservare sorprese a chi non lo conosce o lo sottovaluta.<br \/>\nIl libro vuole essere un incitamento a ripercorrere, ideare e provare nuove soluzioni: ci sar\u00e0 sempre spazio per la fantasia e la creativit\u00e0.<\/p>","protected":false},"excerpt":{"rendered":"<p>Appennino ripido ed esplorativo vol.1 Gli Appennini hanno un fascino che manca alle Alpi, quello della scoperta: montagne piccole, che nella loro dolcezza nascondono itinerari anche impegnativi, spazi dai grandi panorami che riescono continuamente a stupire per la loro incredibile variet\u00e0 antropica e naturalistica. Le piste possibili, su questi pendii, paiono infinite. Abbiamo scelto di [&#8230;]\n","protected":false},"featured_media":155974,"template":"","meta":[],"product_brand":[],"product_cat":[21540],"product_tag":[26777,26776],"class_list":{"0":"post-155973","1":"product","2":"type-product","3":"status-publish","4":"has-post-thumbnail","6":"product_cat-fuehrerliteratur-alpin-winter","7":"product_tag-abbruzzen","8":"product_tag-abruzzen","9":"pa_autor-iurisci-de-angelis-le-donne","10":"pa_erscheinungsjahr-21558","11":"pa_region-italien","12":"pa_sprache-it","14":"first","15":"instock","16":"taxable","17":"shipping-taxable","18":"purchasable","19":"product-type-simple"},"_links":{"self":[{"href":"https:\/\/pizbube.ch\/en\/wp-json\/wp\/v2\/product\/155973","targetHints":{"allow":["GET"]}}],"collection":[{"href":"https:\/\/pizbube.ch\/en\/wp-json\/wp\/v2\/product"}],"about":[{"href":"https:\/\/pizbube.ch\/en\/wp-json\/wp\/v2\/types\/product"}],"wp:featuredmedia":[{"embeddable":true,"href":"https:\/\/pizbube.ch\/en\/wp-json\/wp\/v2\/media\/155974"}],"wp:attachment":[{"href":"https:\/\/pizbube.ch\/en\/wp-json\/wp\/v2\/media?parent=155973"}],"wp:term":[{"taxonomy":"product_brand","embeddable":true,"href":"https:\/\/pizbube.ch\/en\/wp-json\/wp\/v2\/product_brand?post=155973"},{"taxonomy":"product_cat","embeddable":true,"href":"https:\/\/pizbube.ch\/en\/wp-json\/wp\/v2\/product_cat?post=155973"},{"taxonomy":"product_tag","embeddable":true,"href":"https:\/\/pizbube.ch\/en\/wp-json\/wp\/v2\/product_tag?post=155973"}],"curies":[{"name":"wp","href":"https:\/\/api.w.org\/{rel}","templated":true}]}}