{"id":155982,"date":"2021-02-23T10:25:08","date_gmt":"2021-02-23T09:25:08","guid":{"rendered":"https:\/\/pizbube-test.ch\/?post_type=product&#038;p=155982"},"modified":"2023-10-31T12:39:02","modified_gmt":"2023-10-31T11:39:02","slug":"la-corse-en-canyon","status":"publish","type":"product","link":"https:\/\/pizbube.ch\/en\/shop\/la-corse-en-canyon\/","title":{"rendered":"La Corse en Canyon"},"content":{"rendered":"<p>Ce livre recense les canyons de Corse du Cap nord au grand sud. Le guide vous indique les acc\u00e8s, le parcours ainsi que l\u2019\u00e9quipement n\u00e9cessaire \u00e0 chaque canyon. Il contient \u00e9galement toutes les informations sur les d\u00e9nivel\u00e9s, ainsi que des sch\u00e9mas explicatifs sur l\u2019acc\u00e8s et sur la descente. Le topo s\u2019accompagne \u00e9galement de nombreuses photos.<\/p>\n<p>Avec ce guide de 280 pages nous vous invitons \u00e0 un voyage aquatique du Cap Corse au Grand Sud, en passant par les contreforts du Monte Cinto, sans oublier \u00e9videmment les falaises de granite rouge des Calanques de Piana. Les 93 descentes r\u00e9pertori\u00e9es, dont certaines in\u00e9dites, sont le fruit de plusieurs d\u00e9cennies d&#8217;exp\u00e9rience et de pratique que le club Corsecanyon a plaisir \u00e0 partager avec vous.<\/p>\n<p>Chaque fiche d\u00e9crite dans cet ouvrage est illustr\u00e9e de photographies, de coupes sch\u00e9matiques et pour certaines de micro-cartes. Un portfolio de 8 pages enrichit ce topo de nos meilleurs clich\u00e9s.<\/p>\n<p>Gr\u00e2ce \u00e0 ce guide, de belles d\u00e9couvertes et d&#8217;agr\u00e9ables descentes au c\u0153ur d&#8217;une nature sauvage et pr\u00e9serv\u00e9e s&#8217;offrent \u00e0 vous !<\/p>\n<p>280 pages<\/p>","protected":false},"excerpt":{"rendered":"<p>Ce livre recense les canyons de Corse du Cap nord au grand sud. Le guide vous indique les acc\u00e8s, le parcours ainsi que l\u2019\u00e9quipement n\u00e9cessaire \u00e0 chaque canyon. Il contient \u00e9galement toutes les informations sur les d\u00e9nivel\u00e9s, ainsi que des sch\u00e9mas explicatifs sur l\u2019acc\u00e8s et sur la descente. Le topo s\u2019accompagne \u00e9galement de nombreuses photos. [&#8230;]\n","protected":false},"featured_media":155983,"template":"","meta":[],"product_brand":[],"product_cat":[21650],"product_tag":[26779],"class_list":{"0":"post-155982","1":"product","2":"type-product","3":"status-publish","4":"has-post-thumbnail","6":"product_cat-canyoningfuehrer","7":"product_tag-korsika","8":"pa_autor-association-corsecanyon","9":"pa_erscheinungsjahr-21546","10":"pa_region-frankreich","11":"pa_sprache-fr","13":"first","14":"outofstock","15":"taxable","16":"shipping-taxable","17":"purchasable","18":"product-type-simple"},"_links":{"self":[{"href":"https:\/\/pizbube.ch\/en\/wp-json\/wp\/v2\/product\/155982","targetHints":{"allow":["GET"]}}],"collection":[{"href":"https:\/\/pizbube.ch\/en\/wp-json\/wp\/v2\/product"}],"about":[{"href":"https:\/\/pizbube.ch\/en\/wp-json\/wp\/v2\/types\/product"}],"wp:featuredmedia":[{"embeddable":true,"href":"https:\/\/pizbube.ch\/en\/wp-json\/wp\/v2\/media\/155983"}],"wp:attachment":[{"href":"https:\/\/pizbube.ch\/en\/wp-json\/wp\/v2\/media?parent=155982"}],"wp:term":[{"taxonomy":"product_brand","embeddable":true,"href":"https:\/\/pizbube.ch\/en\/wp-json\/wp\/v2\/product_brand?post=155982"},{"taxonomy":"product_cat","embeddable":true,"href":"https:\/\/pizbube.ch\/en\/wp-json\/wp\/v2\/product_cat?post=155982"},{"taxonomy":"product_tag","embeddable":true,"href":"https:\/\/pizbube.ch\/en\/wp-json\/wp\/v2\/product_tag?post=155982"}],"curies":[{"name":"wp","href":"https:\/\/api.w.org\/{rel}","templated":true}]}}