{"id":155993,"date":"2021-02-23T11:58:28","date_gmt":"2021-02-23T10:58:28","guid":{"rendered":"https:\/\/pizbube-test.ch\/?post_type=product&#038;p=155993"},"modified":"2024-04-22T11:44:33","modified_gmt":"2024-04-22T09:44:33","slug":"eine-besondere-seilschaft","status":"publish","type":"product","link":"https:\/\/pizbube.ch\/en\/shop\/eine-besondere-seilschaft\/","title":{"rendered":"Eine besondere Seilschaft"},"content":{"rendered":"<p>Die Geschichten von zwei Bergsteigern, die unterschiedlicher nicht sein k\u00f6nnten, aber am Seil sehr gut zusammenpassten und sich ideal erg\u00e4nzten: Alois Strickler und Fredy H\u00e4chler.<\/p>\n<p>Alois Strickler (1924 \u2013 2019) und Fredy H\u00e4chler (*1932) waren 1959 bis 1962 zusammen am Seil und bildeten eine der damals st\u00e4rksten Schweizer Seilschaften. In diesen knapp drei Jahren bestiegen sie namhafte W\u00e4nde und Grate, darunter die Matterhorn- Nordwand, den Bonatti-Pfeiler an der Dru sowie den Walkerpfeiler an der Grande Jorasses.<\/p>\n<p>Alois Strickler war in dieser Zeit zus\u00e4tzlich mit einem anderen Seilpartner in der Eiger- Nordwand. Davor hatte er bereits die Nordwand der Grossen Zinne und der Dru, sowie die Badile-Nordostwand geklettert. Somit war er 1962 der erste Schweizer, der die sechs grossen Nordw\u00e4nde der Alpen erfolgreich bestiegen hat.<\/p>\n<p>Paperback, A4 (210 x 297 mm), 350 Seiten<\/p>","protected":false},"excerpt":{"rendered":"<p><a href=\"https:\/\/pizbube.ch\/wp-content\/uploads\/2021\/02\/Leseprobe_Besondere_Seilschaft.pdf\">Leseprobe_Besondere_Seilschaft<\/a><\/p>","protected":false},"featured_media":155995,"template":"","meta":[],"product_brand":[],"product_cat":[21542],"product_tag":[],"class_list":{"0":"post-155993","1":"product","2":"type-product","3":"status-publish","4":"has-post-thumbnail","6":"product_cat-sachbuecher-dokumentationen","7":"pa_autor-bollinger","8":"pa_erscheinungsjahr-21558","9":"pa_region-schweiz","10":"pa_sprache-de","12":"first","13":"outofstock","14":"taxable","15":"shipping-taxable","16":"purchasable","17":"product-type-simple"},"_links":{"self":[{"href":"https:\/\/pizbube.ch\/en\/wp-json\/wp\/v2\/product\/155993","targetHints":{"allow":["GET"]}}],"collection":[{"href":"https:\/\/pizbube.ch\/en\/wp-json\/wp\/v2\/product"}],"about":[{"href":"https:\/\/pizbube.ch\/en\/wp-json\/wp\/v2\/types\/product"}],"wp:featuredmedia":[{"embeddable":true,"href":"https:\/\/pizbube.ch\/en\/wp-json\/wp\/v2\/media\/155995"}],"wp:attachment":[{"href":"https:\/\/pizbube.ch\/en\/wp-json\/wp\/v2\/media?parent=155993"}],"wp:term":[{"taxonomy":"product_brand","embeddable":true,"href":"https:\/\/pizbube.ch\/en\/wp-json\/wp\/v2\/product_brand?post=155993"},{"taxonomy":"product_cat","embeddable":true,"href":"https:\/\/pizbube.ch\/en\/wp-json\/wp\/v2\/product_cat?post=155993"},{"taxonomy":"product_tag","embeddable":true,"href":"https:\/\/pizbube.ch\/en\/wp-json\/wp\/v2\/product_tag?post=155993"}],"curies":[{"name":"wp","href":"https:\/\/api.w.org\/{rel}","templated":true}]}}