{"id":155996,"date":"2021-02-23T12:27:26","date_gmt":"2021-02-23T11:27:26","guid":{"rendered":"https:\/\/pizbube-test.ch\/?post_type=product&#038;p=155996"},"modified":"2025-04-11T11:20:49","modified_gmt":"2025-04-11T09:20:49","slug":"ostrov-kletterfuehrer","status":"publish","type":"product","link":"https:\/\/pizbube.ch\/en\/shop\/ostrov-kletterfuehrer\/","title":{"rendered":"Ostrov &#8211; Kletterf\u00fchrer"},"content":{"rendered":"<p>Ostrov (deutsch: Eiland) ist ein kleines tschechisches Dorf im oberen Bielatal, welches idyllisch am Ende einer Stichstra\u00dfe in einem Talkessel liegt. In der Mitte gibt es einen sch\u00f6nen Campingplatz mit Kneipe und an allen Seiten ringsum stehen Felsen, die man in kurzen Spazierg\u00e4ngen zwischen 5 und 20 Minuten erreichen kann. Ein Badesee macht den Besuch mit Kindern perfekt. Man muss hier kein Auto fahren, um klettern zu gehen, es gibt weithin keinen Handyempfang, Kn\u00f6del und Bier sind garantiert \u2013 kurz: f\u00fcr Kletterer das Paradies auf Erden!<\/p>\n<p>Die Fakten: 400 Felsen, 750 Fototopos, 3800 Routen. Der Komplettf\u00fchrer ist zwei (-einhalb)sprachig: Deutsch, Englisch, z.T. Tschechisch (Gipfel und Routen).<\/p>\n<p>Achtung: Der Kletterf\u00fchrer ist mit 560 Seiten das bisher dickste Buch von Geoquest. Es ist ein &#171;Trumm&#187; von einem Buch mit einer gigantischen Menge an Informationen. Man kann damit viele Jahre und wahrscheinlich sogar Jahrzehnte durch die Felsenwelt ziehen, ohne irgendeine eine Route zweimal klettern zu m\u00fcssen. Wir konnten uns das 1,2 Kilo-Buch auch nur deshalb erlauben, weil kaum ein Zustieg in Ostrov l\u00e4nger als 15 Minuten ist.<\/p>\n<p>Ostrov is a llittle czech village in the Elbsandstein mountains which is surrounded by beautiful rocks. 400 towers and walls with 3800 routes wait to be climbed. In the middle of it all is a campground with a restaurant, from where it is between 5 to 20 minutes to the rocks. A lake for swimming makes the scenery perfect. And the czech beer &#8230;<\/p>\n<p>Attention: this is with its 560 pages the most comprehensive guide of Geoquest. With it you may stroll around the towers without climbing any of the routes twice for many, many years (if not to say: decades). We could only dare to make such a thick bible by a single reason: the approach to the rocks exceed barely 15 minutes.<\/p>\n<p>The guide ist in German and English, Routes and summits are also in Czech language.<\/p>","protected":false},"excerpt":{"rendered":"<p>Ostrov (deutsch: Eiland) ist ein kleines tschechisches Dorf im oberen Bielatal, welches idyllisch am Ende einer Stichstra\u00dfe in einem Talkessel liegt. In der Mitte gibt es einen sch\u00f6nen Campingplatz mit Kneipe und an allen Seiten ringsum stehen Felsen, die man in kurzen Spazierg\u00e4ngen zwischen 5 und 20 Minuten erreichen kann. Ein Badesee macht den Besuch [&#8230;]\n","protected":false},"featured_media":155997,"template":"","meta":[],"product_brand":[],"product_cat":[21539],"product_tag":[26781],"class_list":{"0":"post-155996","1":"product","2":"type-product","3":"status-publish","4":"has-post-thumbnail","6":"product_cat-fuehrerliteratur-sportklettern-bouldern","7":"product_tag-tschechien","8":"pa_autor-krug","9":"pa_erscheinungsjahr-21558","10":"pa_region-deutschland","11":"pa_region-osteuropa","12":"pa_sprache-de-en","14":"first","15":"instock","16":"taxable","17":"shipping-taxable","18":"purchasable","19":"product-type-simple"},"_links":{"self":[{"href":"https:\/\/pizbube.ch\/en\/wp-json\/wp\/v2\/product\/155996","targetHints":{"allow":["GET"]}}],"collection":[{"href":"https:\/\/pizbube.ch\/en\/wp-json\/wp\/v2\/product"}],"about":[{"href":"https:\/\/pizbube.ch\/en\/wp-json\/wp\/v2\/types\/product"}],"wp:featuredmedia":[{"embeddable":true,"href":"https:\/\/pizbube.ch\/en\/wp-json\/wp\/v2\/media\/155997"}],"wp:attachment":[{"href":"https:\/\/pizbube.ch\/en\/wp-json\/wp\/v2\/media?parent=155996"}],"wp:term":[{"taxonomy":"product_brand","embeddable":true,"href":"https:\/\/pizbube.ch\/en\/wp-json\/wp\/v2\/product_brand?post=155996"},{"taxonomy":"product_cat","embeddable":true,"href":"https:\/\/pizbube.ch\/en\/wp-json\/wp\/v2\/product_cat?post=155996"},{"taxonomy":"product_tag","embeddable":true,"href":"https:\/\/pizbube.ch\/en\/wp-json\/wp\/v2\/product_tag?post=155996"}],"curies":[{"name":"wp","href":"https:\/\/api.w.org\/{rel}","templated":true}]}}