{"id":156001,"date":"2021-02-23T13:03:38","date_gmt":"2021-02-23T12:03:38","guid":{"rendered":"https:\/\/pizbube-test.ch\/?post_type=product&#038;p=156001"},"modified":"2021-02-23T13:03:38","modified_gmt":"2021-02-23T12:03:38","slug":"ecrins-selected-ice-climbs","status":"publish","type":"product","link":"https:\/\/pizbube.ch\/en\/shop\/ecrins-selected-ice-climbs\/","title":{"rendered":"Ecrins: Selected Ice Climbs"},"content":{"rendered":"<p>Situated close to the Italian border in southeast France, the \u00c9crins and Queyras regions offer some of the best valley icefall climbing in the Alps.<\/p>\n<p>The area is centred around the towns of Brian\u00e7on and L&#8217;Argenti\u00e8re-la-Bess\u00e9e, renowned for their spectacular alpine scenery crowned by the mighty peaks of Le Meije, Mont Pelvoux and the Barre des \u00c9crins. Surrounding these summits are the world-famous ice-climbing centres of La Grave, Diable, Fournel, Freissini\u00e8res and Ceillac \u2013 all legendary destinations to which climbers flock each winter to enjoy some of the most spectacular, accessible and reliable ice climbing in Europe.<\/p>\n<p>Whether you&#8217;re looking for a short fix close to the road or a world-class adventure on a huge alpine face, these valleys have plenty to offer throughout the full spectrum of grades, from the easiest of easy to some of the hardest routes in the world.<br \/>\nAdd in to the mix easy access from major cities such as Grenoble, Lyon, Geneva and Turin, and you&#8217;ve got a true paradise of alpine winter ice climbing.<\/p>\n<p>The OAC Ecrins, Selected Ice Climbs guidebook is the essential companion for the visiting ice climber, describing more than 560 icefalls throughout the Ecrins and Queyras regions. As well as detailed photo topos, the guide includes accurate 1:25k mapping, QR-code navigation and a handy summary table, making it easier than ever to select and locate routes.<\/p>\n<p>For up-to-date condition reports, don&#8217;t forget to check out www.conditions.ice-fall.com before your trip.<\/p>\n<p>No of Pages: 180, Page Size: 150 x 210 mm<br \/>\nIllustrations: Full colour topos and photographs<br \/>\nEdition: 1st: Dec 2020<br \/>\nBinding: Paperback (flapped)<\/p>","protected":false},"excerpt":{"rendered":"<p>Situated close to the Italian border in southeast France, the \u00c9crins and Queyras regions offer some of the best valley icefall climbing in the Alps. The area is centred around the towns of Brian\u00e7on and L&#8217;Argenti\u00e8re-la-Bess\u00e9e, renowned for their spectacular alpine scenery crowned by the mighty peaks of Le Meije, Mont Pelvoux and the Barre [&#8230;]\n","protected":false},"featured_media":156002,"template":"","meta":[],"product_brand":[],"product_cat":[21540],"product_tag":[],"class_list":{"0":"post-156001","1":"product","2":"type-product","3":"status-publish","4":"has-post-thumbnail","6":"product_cat-fuehrerliteratur-alpin-winter","7":"pa_autor-broadbent","8":"pa_erscheinungsjahr-21558","9":"pa_region-frankreich","10":"pa_sprache-en","12":"first","13":"instock","14":"taxable","15":"shipping-taxable","16":"purchasable","17":"product-type-simple"},"_links":{"self":[{"href":"https:\/\/pizbube.ch\/en\/wp-json\/wp\/v2\/product\/156001","targetHints":{"allow":["GET"]}}],"collection":[{"href":"https:\/\/pizbube.ch\/en\/wp-json\/wp\/v2\/product"}],"about":[{"href":"https:\/\/pizbube.ch\/en\/wp-json\/wp\/v2\/types\/product"}],"wp:featuredmedia":[{"embeddable":true,"href":"https:\/\/pizbube.ch\/en\/wp-json\/wp\/v2\/media\/156002"}],"wp:attachment":[{"href":"https:\/\/pizbube.ch\/en\/wp-json\/wp\/v2\/media?parent=156001"}],"wp:term":[{"taxonomy":"product_brand","embeddable":true,"href":"https:\/\/pizbube.ch\/en\/wp-json\/wp\/v2\/product_brand?post=156001"},{"taxonomy":"product_cat","embeddable":true,"href":"https:\/\/pizbube.ch\/en\/wp-json\/wp\/v2\/product_cat?post=156001"},{"taxonomy":"product_tag","embeddable":true,"href":"https:\/\/pizbube.ch\/en\/wp-json\/wp\/v2\/product_tag?post=156001"}],"curies":[{"name":"wp","href":"https:\/\/api.w.org\/{rel}","templated":true}]}}