{"id":156010,"date":"2021-02-23T14:35:10","date_gmt":"2021-02-23T13:35:10","guid":{"rendered":"https:\/\/pizbube-test.ch\/?post_type=product&#038;p=156010"},"modified":"2021-02-23T14:35:10","modified_gmt":"2021-02-23T13:35:10","slug":"obouldering-breiter-stein-2020","status":"publish","type":"product","link":"https:\/\/pizbube.ch\/en\/shop\/obouldering-breiter-stein-2020\/","title":{"rendered":"OBouldering Breiter Stein 2020"},"content":{"rendered":"<p>Parcoursf\u00fchrer von Michael &amp; Sven Scholz, Hanka Owsian<\/p>\n<p>Fester Fels, klasse Linien, beste Bl\u00f6cke, sonnenexponiert: das ist der Breite Stein. Ein idealer Ort zum Parcoursbouldern &#8211; finden bestimmt nicht nur die Autoren! In drei Sektoren erwarten den bewegungsfreudigen Boulderer Parcours verschiedener Schwierigkeit. Zum allgemeinen Komfort sind die farblichen Markierungen vom Buch nach drau\u00dfen an die Bl\u00f6cke gewandert.<br \/>\nNa dann, viel Vergn\u00fcgen und sch\u00f6ne Bouldertage!<\/p>\n<p>Hauptkarte mit Sektoren\u00fcbersicht, Zustiegsbeschreibungen zu den einzelnen Sektoren, alle Parcours mit eigener Karte, Blockfotos mit eingezeichneten Linien f\u00fcr jeden Parcours, Gesamt\u00fcbersicht aller Parcoursboulder und zus\u00e4tzlicher Probleme des jeweiligen Sektors mit Blockfotos und eingezeichneten Linien,<br \/>\ninklusive Lesezeichen<\/p>\n<p>DIN-A 5 Querformat, farbig, 272 Seiten, deutsch\/ englisch<br \/>\n1. Auflage 2020<\/p>","protected":false},"excerpt":{"rendered":"<p>Parcoursf\u00fchrer von Michael &amp; Sven Scholz, Hanka Owsian Fester Fels, klasse Linien, beste Bl\u00f6cke, sonnenexponiert: das ist der Breite Stein. Ein idealer Ort zum Parcoursbouldern &#8211; finden bestimmt nicht nur die Autoren! In drei Sektoren erwarten den bewegungsfreudigen Boulderer Parcours verschiedener Schwierigkeit. Zum allgemeinen Komfort sind die farblichen Markierungen vom Buch nach drau\u00dfen an die [&#8230;]\n","protected":false},"featured_media":156011,"template":"","meta":[],"product_brand":[],"product_cat":[21539],"product_tag":[],"class_list":{"0":"post-156010","1":"product","2":"type-product","3":"status-publish","4":"has-post-thumbnail","6":"product_cat-fuehrerliteratur-sportklettern-bouldern","7":"pa_autor-scholz-owsian","8":"pa_erscheinungsjahr-21558","9":"pa_region-deutschland","10":"pa_sprache-de","12":"first","13":"instock","14":"taxable","15":"shipping-taxable","16":"purchasable","17":"product-type-simple"},"_links":{"self":[{"href":"https:\/\/pizbube.ch\/en\/wp-json\/wp\/v2\/product\/156010","targetHints":{"allow":["GET"]}}],"collection":[{"href":"https:\/\/pizbube.ch\/en\/wp-json\/wp\/v2\/product"}],"about":[{"href":"https:\/\/pizbube.ch\/en\/wp-json\/wp\/v2\/types\/product"}],"wp:featuredmedia":[{"embeddable":true,"href":"https:\/\/pizbube.ch\/en\/wp-json\/wp\/v2\/media\/156011"}],"wp:attachment":[{"href":"https:\/\/pizbube.ch\/en\/wp-json\/wp\/v2\/media?parent=156010"}],"wp:term":[{"taxonomy":"product_brand","embeddable":true,"href":"https:\/\/pizbube.ch\/en\/wp-json\/wp\/v2\/product_brand?post=156010"},{"taxonomy":"product_cat","embeddable":true,"href":"https:\/\/pizbube.ch\/en\/wp-json\/wp\/v2\/product_cat?post=156010"},{"taxonomy":"product_tag","embeddable":true,"href":"https:\/\/pizbube.ch\/en\/wp-json\/wp\/v2\/product_tag?post=156010"}],"curies":[{"name":"wp","href":"https:\/\/api.w.org\/{rel}","templated":true}]}}