{"id":156016,"date":"2021-02-23T15:02:34","date_gmt":"2021-02-23T14:02:34","guid":{"rendered":"https:\/\/pizbube-test.ch\/?post_type=product&#038;p=156016"},"modified":"2022-08-02T10:40:13","modified_gmt":"2022-08-02T08:40:13","slug":"au-milieu-de-lete-un-invincible-hiver","status":"publish","type":"product","link":"https:\/\/pizbube.ch\/en\/shop\/au-milieu-de-lete-un-invincible-hiver\/","title":{"rendered":"Au milieu de l&#8217;\u00e9t\u00e9, un invincible hiver"},"content":{"rendered":"<p>&nbsp;<\/p>\n<p>Le r\u00e9cit poignant de la trag\u00e9die du Fr\u00eaney ou la lutte pour la survie de deux g\u00e9ants de l&#8217;alpinisme : l&#8217;Italien Walter Bonatti et le Fran\u00e7ais Pierre Mazeaud.<\/p>\n<p>Le 11 juillet 1961, le calme estival est perturb\u00e9 par une temp\u00eate que personne n\u2019a vu venir. La France enti\u00e8re est touch\u00e9e. Les pins se couchent dans les Landes tandis que les bateaux font naufrage en Bretagne. Dans le massif du Mont-Blanc, sept alpinistes, persuad\u00e9s qu\u2019il s\u2019agit l\u00e0 d\u2019un orage passager bivouaquent \u00e0 quelques m\u00e8tres du sommet du Pilier du Fr\u00eaney, en attendant une accalmie qui ne viendra pas.<\/p>\n<p>Parmi eux : Pierre Mazeaud et Walter Bonatti. Mais la temp\u00eate ne se calmera pas, la foudre tombera et seuls trois des compagnons s&#8217;en sortiront. Ils seront r\u00e9cup\u00e9r\u00e9s dans un \u00e9tat de fatigue extr\u00eame. C&#8217;est le r\u00e9cit de cette lutte pour la vie que raconte Virginie Troussier \u00e0 partir du t\u00e9moignage des survivants.<\/p>\n<p>Format (Taille): 15 x 21 cm; Nombre de pages: 128,<br \/>\nNombre d&#8217;ilustrations: 16<\/p>","protected":false},"excerpt":{"rendered":"<p><a href=\"https:\/\/www.youtube.com\/watch?v=b1QHSi9x9Uc&amp;feature=emb_logo\" target=\"_blank\" rel=\"noopener\">Film: Interview de Pierre Mazeaud : Au milieu de l&#8217;\u00e9t\u00e9 un invincible hiver de Virginie Troussier<\/a><\/p>","protected":false},"featured_media":156017,"template":"","meta":[],"product_brand":[],"product_cat":[21542],"product_tag":[],"class_list":{"0":"post-156016","1":"product","2":"type-product","3":"status-publish","4":"has-post-thumbnail","6":"product_cat-sachbuecher-dokumentationen","7":"pa_autor-troussier","8":"pa_erscheinungsjahr-21558","9":"pa_region-frankreich","10":"pa_sprache-fr","12":"first","13":"instock","14":"taxable","15":"shipping-taxable","16":"purchasable","17":"product-type-simple"},"_links":{"self":[{"href":"https:\/\/pizbube.ch\/en\/wp-json\/wp\/v2\/product\/156016","targetHints":{"allow":["GET"]}}],"collection":[{"href":"https:\/\/pizbube.ch\/en\/wp-json\/wp\/v2\/product"}],"about":[{"href":"https:\/\/pizbube.ch\/en\/wp-json\/wp\/v2\/types\/product"}],"wp:featuredmedia":[{"embeddable":true,"href":"https:\/\/pizbube.ch\/en\/wp-json\/wp\/v2\/media\/156017"}],"wp:attachment":[{"href":"https:\/\/pizbube.ch\/en\/wp-json\/wp\/v2\/media?parent=156016"}],"wp:term":[{"taxonomy":"product_brand","embeddable":true,"href":"https:\/\/pizbube.ch\/en\/wp-json\/wp\/v2\/product_brand?post=156016"},{"taxonomy":"product_cat","embeddable":true,"href":"https:\/\/pizbube.ch\/en\/wp-json\/wp\/v2\/product_cat?post=156016"},{"taxonomy":"product_tag","embeddable":true,"href":"https:\/\/pizbube.ch\/en\/wp-json\/wp\/v2\/product_tag?post=156016"}],"curies":[{"name":"wp","href":"https:\/\/api.w.org\/{rel}","templated":true}]}}