{"id":156024,"date":"2021-02-23T15:37:38","date_gmt":"2021-02-23T14:37:38","guid":{"rendered":"https:\/\/pizbube-test.ch\/?post_type=product&#038;p=156024"},"modified":"2023-04-29T13:47:30","modified_gmt":"2023-04-29T11:47:30","slug":"sicher-am-berg-booklet-alpinklettern","status":"publish","type":"product","link":"https:\/\/pizbube.ch\/en\/shop\/sicher-am-berg-booklet-alpinklettern\/","title":{"rendered":"Sicher am Berg Booklet Alpinklettern"},"content":{"rendered":"<p>Sicher am Berg bei Mehrseill\u00e4ngen im alpinen Gel\u00e4nde \u2013 das neue Booklet \u201eSicherAmBerg Alpinklettern\u201c bietet reich illustriertes Basiswissen f\u00fcr Anf\u00e4nger und Fortgeschrittene. Das geballte Wissen der Alpenvereinsexperten zum Thema Alpinklettern ist zusammengefasst auf 280 Seiten \u2013 ideal als Erg\u00e4nzung zu praktischen Kursinhalten.<\/p>\n<p>Alpinklettern ist kein Sport mehr, der nur Extrembergsportler vorbehalten ist. Durch talnahe, gut abgesicherte Plaisirrouten und sanierte Klassiker hat sich das Angebot erweitert, es gibt nun weit mehr als nur anspruchsvolle Routen in wilder Umgebung. Trotzdem ist Alpinklettern keine risikofreie Bergsportdisziplin. Wer Mehrseill\u00e4ngen klettern will, sollte umfangreiches Know-How besitzen und am besten mit fundierten Kursen sowie erfahrener Begleitung die ersten Schritte am Fels wagen.<\/p>\n<p>Als wertvolle Erg\u00e4nzung zur praktischen Ausbildung deckt das \u201eSicherAmBerg Booklet Alpinklettern\u201c anschaulich beschriebene Grundlagen ab, um Erlerntes zu festigen und Vergessenes wieder zur\u00fcck ins Ged\u00e4chtnis zu holen.<\/p>\n<p>Das Booklet, das neben den Basics wie Ausr\u00fcstung, Tourenplanung und Seiltechnik auch Hintergrundinfos und ein Notfallkapitel enth\u00e4lt, richtet sich nicht nur an Anf\u00e4nger und Fortgeschrittene. Auch Experten k\u00f6nnen es als Kursunterlage sowie Nachschlagewerk bereithalten.<br \/>\nCo-Autor und Bergf\u00fchrer Michael Larcher vom \u00d6sterreichischen Alpenverein betont: \u201eDas Booklet ist aber nur als Erg\u00e4nzung zu fundierten Kursen zu verstehen, denn selbst 280 Seiten theoretisches Wissen k\u00f6nnen die praktische Ausbildung nicht ersetzen.\u201c<\/p>\n<p>8. \u00fcberarbeitete Aufl. 2019<\/p>","protected":false},"excerpt":{"rendered":"<p>Sicher am Berg bei Mehrseill\u00e4ngen im alpinen Gel\u00e4nde \u2013 das neue Booklet \u201eSicherAmBerg Alpinklettern\u201c bietet reich illustriertes Basiswissen f\u00fcr Anf\u00e4nger und Fortgeschrittene. Das geballte Wissen der Alpenvereinsexperten zum Thema Alpinklettern ist zusammengefasst auf 280 Seiten \u2013 ideal als Erg\u00e4nzung zu praktischen Kursinhalten. Alpinklettern ist kein Sport mehr, der nur Extrembergsportler vorbehalten ist. Durch talnahe, gut [&#8230;]\n","protected":false},"featured_media":156915,"template":"","meta":[],"product_brand":[],"product_cat":[21538],"product_tag":[],"class_list":{"0":"post-156024","1":"product","2":"type-product","3":"status-publish","4":"has-post-thumbnail","6":"product_cat-lehrbuecher","7":"pa_autor-larcher-moessmer-fritz","8":"pa_erscheinungsjahr-21558","9":"pa_region-klettertechnik","10":"pa_sprache-de","12":"first","13":"instock","14":"taxable","15":"shipping-taxable","16":"purchasable","17":"product-type-simple"},"_links":{"self":[{"href":"https:\/\/pizbube.ch\/en\/wp-json\/wp\/v2\/product\/156024","targetHints":{"allow":["GET"]}}],"collection":[{"href":"https:\/\/pizbube.ch\/en\/wp-json\/wp\/v2\/product"}],"about":[{"href":"https:\/\/pizbube.ch\/en\/wp-json\/wp\/v2\/types\/product"}],"wp:featuredmedia":[{"embeddable":true,"href":"https:\/\/pizbube.ch\/en\/wp-json\/wp\/v2\/media\/156915"}],"wp:attachment":[{"href":"https:\/\/pizbube.ch\/en\/wp-json\/wp\/v2\/media?parent=156024"}],"wp:term":[{"taxonomy":"product_brand","embeddable":true,"href":"https:\/\/pizbube.ch\/en\/wp-json\/wp\/v2\/product_brand?post=156024"},{"taxonomy":"product_cat","embeddable":true,"href":"https:\/\/pizbube.ch\/en\/wp-json\/wp\/v2\/product_cat?post=156024"},{"taxonomy":"product_tag","embeddable":true,"href":"https:\/\/pizbube.ch\/en\/wp-json\/wp\/v2\/product_tag?post=156024"}],"curies":[{"name":"wp","href":"https:\/\/api.w.org\/{rel}","templated":true}]}}