{"id":156026,"date":"2021-02-23T16:45:48","date_gmt":"2021-02-23T15:45:48","guid":{"rendered":"https:\/\/pizbube-test.ch\/?post_type=product&#038;p=156026"},"modified":"2024-02-15T17:14:05","modified_gmt":"2024-02-15T16:14:05","slug":"lawinen-erkennen-beurteilen-vermeiden","status":"publish","type":"product","link":"https:\/\/pizbube.ch\/en\/shop\/lawinen-erkennen-beurteilen-vermeiden\/","title":{"rendered":"Lawinen: Erkennen &#8211; Beurteilen &#8211; Vermeiden"},"content":{"rendered":"<p>Lawinengefahr im Gebirge richtig einsch\u00e4tzen<\/p>\n<p>F\u00fcr Wintersportler ist es eine gute Nachricht: Die Lawinenkunde hat sich in den letzten zehn Jahren so weiterentwickelt, dass sich das Lawinenrisiko wesentlich besser beurteilen l\u00e4sst.<\/p>\n<p>Obwohl am Berg immer ein gewisses Restrisiko bestehen bleibt, k\u00f6nnen Lawinenausl\u00f6sung und Unf\u00e4lle durch gezielte Vorsichtsma\u00dfnahmen und Methoden vermieden werden.<\/p>\n<p>Das Autorenteam Jan Mersch, Markus Fleischmann und Helmut Mittermayr vermittelt in diesem Grundlagenwerk auf verst\u00e4ndliche Weise den aktuellen Stand der Lawinenforschung. Dabei gehen sie auch auf die richtige Vorgehensweise zur Kameradenrettung im Fall einer Versch\u00fcttung ein.<\/p>\n<p>&#8211; Aktueller Erkenntnisstand der Lawinenkunde, aufbereitet f\u00fcr Anf\u00e4nger und Fortgeschrittene<br \/>\n&#8211; Welche Lawinenarten gibt es und wie unterscheiden sie sich?<br \/>\n&#8211; Risikoabsch\u00e4tzung und Hangbeurteilung: Woran Sie typisches Lawinengel\u00e4nde erkennen<br \/>\n&#8211; Das Lawinenmantra: Bewertung der Lawinengefahr bei der Tourenplanung zuhause, vor Ort im Gebiet und im Einzelhang<br \/>\n&#8211; Was treibt den Menschen trotz des potenziellen Risikos durch Lawinengefahr ins Hochgebirge? Analysen und Handlungsempfehlungen rund um den wesentlichen Faktor Mensch<\/p>\n<p>Steile H\u00e4nge, die entgegen der Erwartungen stabil bleiben, und Schneebretter, die sich schon bei niedriger Lawinen-Gefahrenstufe l\u00f6sen: Selbst die hohe Schule der theoretischen Physik ist bis heute nicht in der Lage, das Ph\u00e4nomen Lawine in seiner Gesamtheit zu beschreiben. Schnee und Schneedecke unterliegen thermodynamischen Prozessen in einem chaotischen System.<\/p>\n<p>Doch mit diesem Handbuch zur Lawinenkunde k\u00f6nnen alle Wintersportler lernen, Gefahren zu erkennen und Risiken zu beurteilen. Das hilft, richtig zu beurteilen, Unf\u00e4lle zu vermeiden, und im Ungl\u00fccksfall die richtigen Entscheidungen zur Rettung Versch\u00fctteter zu treffen \u2013 wichtiges Grundlagenwissen f\u00fcr einen sicheren Aufenthalt in den Bergen!<\/p>","protected":false},"excerpt":{"rendered":"<p>Lawinengefahr im Gebirge richtig einsch\u00e4tzen F\u00fcr Wintersportler ist es eine gute Nachricht: Die Lawinenkunde hat sich in den letzten zehn Jahren so weiterentwickelt, dass sich das Lawinenrisiko wesentlich besser beurteilen l\u00e4sst. Obwohl am Berg immer ein gewisses Restrisiko bestehen bleibt, k\u00f6nnen Lawinenausl\u00f6sung und Unf\u00e4lle durch gezielte Vorsichtsma\u00dfnahmen und Methoden vermieden werden. Das Autorenteam Jan Mersch, [&#8230;]\n","protected":false},"featured_media":156027,"template":"","meta":[],"product_brand":[],"product_cat":[21538],"product_tag":[],"class_list":{"0":"post-156026","1":"product","2":"type-product","3":"status-publish","4":"has-post-thumbnail","6":"product_cat-lehrbuecher","7":"pa_autor-mersch-fleischmann-mittermayer","8":"pa_erscheinungsjahr-25440","9":"pa_region-alpin-winter","10":"pa_sprache-de","12":"first","13":"instock","14":"taxable","15":"shipping-taxable","16":"purchasable","17":"product-type-simple"},"_links":{"self":[{"href":"https:\/\/pizbube.ch\/en\/wp-json\/wp\/v2\/product\/156026","targetHints":{"allow":["GET"]}}],"collection":[{"href":"https:\/\/pizbube.ch\/en\/wp-json\/wp\/v2\/product"}],"about":[{"href":"https:\/\/pizbube.ch\/en\/wp-json\/wp\/v2\/types\/product"}],"wp:featuredmedia":[{"embeddable":true,"href":"https:\/\/pizbube.ch\/en\/wp-json\/wp\/v2\/media\/156027"}],"wp:attachment":[{"href":"https:\/\/pizbube.ch\/en\/wp-json\/wp\/v2\/media?parent=156026"}],"wp:term":[{"taxonomy":"product_brand","embeddable":true,"href":"https:\/\/pizbube.ch\/en\/wp-json\/wp\/v2\/product_brand?post=156026"},{"taxonomy":"product_cat","embeddable":true,"href":"https:\/\/pizbube.ch\/en\/wp-json\/wp\/v2\/product_cat?post=156026"},{"taxonomy":"product_tag","embeddable":true,"href":"https:\/\/pizbube.ch\/en\/wp-json\/wp\/v2\/product_tag?post=156026"}],"curies":[{"name":"wp","href":"https:\/\/api.w.org\/{rel}","templated":true}]}}