{"id":156030,"date":"2021-02-23T16:54:31","date_gmt":"2021-02-23T15:54:31","guid":{"rendered":"https:\/\/pizbube-test.ch\/?post_type=product&#038;p=156030"},"modified":"2024-11-26T10:35:07","modified_gmt":"2024-11-26T09:35:07","slug":"skitourenfuehrer-skifuehrer-salzburger-land","status":"publish","type":"product","link":"https:\/\/pizbube.ch\/en\/shop\/skitourenfuehrer-skifuehrer-salzburger-land\/","title":{"rendered":"Skitourenf\u00fchrer Salzburger Land"},"content":{"rendered":"<p>Die Geburtsstadt Mozarts liegt als Landeshauptstadt des gleichnamigen \u00f6sterreichischen Bundeslandes zwar schon im Flachland, aber bei au\u00dfergew\u00f6hnlicher Schneelage kann man direkt von Salzburg aus mit Ski auf den angrenzenden Gaisberg steigen. Auch die 1300-H\u00f6henmeter-Skitour auf den Untersberg ist noch mit dem Stadtbus erreichbar. Das eigentliche Skitourenparadies beginnt allerdings erst einige Kilometer s\u00fcdlich.<\/p>\n<p>Den Einstieg vermitteln die eher voralpin geformten Berge der Osterhorngruppe, wo vor allem Skitourenanf\u00e4nger und -genie\u00dfer auf ihre Kosten kommen. Hinter diesen Vorbergen baut sich die eindrucksvolle Barriere der N\u00f6rdlichen Kalkalpen auf, die vom Gosaukamm \u00fcber das Tennengebirge und das Hagengebirge bis zum Hochk\u00f6nig reicht \u2013 weiter im Westen schlie\u00dfen dann die nicht weniger imposanten Gipfel des Steinernen Meeres sowie der Loferer und Leoganger Steinberge an.<\/p>\n<p>Die Skitourenm\u00f6glichkeiten in deren gewaltigen Karen, steilen Flanken, weitl\u00e4ufigen Hochplateaus aber auch an den moderaten Randbergen sind enorm und lassen die Herzen bei Skitourenfreunden jeder K\u00f6nnensstufe h\u00f6her schlagen. S\u00fcdlich daran schlie\u00dfen die Salzburger Grasberge an. W\u00e4hrend st\u00fcrmischer Staulagen fallen hier, im Windschatten der gro\u00dfen Kalkgebirgsst\u00f6cke, die gr\u00f6\u00dften Schneemengen und aufgrund des skifreundlichen Gel\u00e4ndes handelt es sich bei Powderalarm um eine der besten Adressen der gesamten Ostalpen.<\/p>\n<p>Rudi K\u00fchberger lebt inmitten dieser Berge und kennt sie wie kaum ein Anderer. Mit Akribie und Begeisterung hat er \u00fcber viele Jahre die Informationen und \u00dcbersichtsfotos zu den mehr als 220 Zielen dieses Skif\u00fchrers zusammengetragen und damit eine eindrucksvolle Bestandsaufnahme der Skitourenm\u00f6glichkeiten der Region geschaffen. Gebietsneulinge finden in diesem Buch alle Toptouren zwischen Lofer, Bischofshofen, St. Johann und Abtenau und sogar Einheimische und Gebietskenner werden wahrscheinlich das ein oder andere Schmankerl entdecken, das ihnen bisher noch unbekannt war.<\/p>\n<p>inkl. GPS-Tracks<br \/>\n1. Auflage 2021, 432 Seiten, 115 x 185 mm, Softcover, komplett 4 Farbig<\/p>","protected":false},"excerpt":{"rendered":"<p><a href=\"https:\/\/pizbube.ch\/wp-content\/uploads\/2021\/02\/Skitouren_SalzburgerLand_Leseprobe.pdf\">Leseprobe_Skitouren_SalzburgerLand<\/a><\/p>","protected":false},"featured_media":156031,"template":"","meta":[],"product_brand":[],"product_cat":[21540],"product_tag":[],"class_list":{"0":"post-156030","1":"product","2":"type-product","3":"status-publish","4":"has-post-thumbnail","6":"product_cat-fuehrerliteratur-alpin-winter","7":"pa_autor-kuehberger","8":"pa_erscheinungsjahr-25440","9":"pa_region-oesterreich","10":"pa_sprache-de","12":"first","13":"instock","14":"taxable","15":"shipping-taxable","16":"purchasable","17":"product-type-simple"},"_links":{"self":[{"href":"https:\/\/pizbube.ch\/en\/wp-json\/wp\/v2\/product\/156030","targetHints":{"allow":["GET"]}}],"collection":[{"href":"https:\/\/pizbube.ch\/en\/wp-json\/wp\/v2\/product"}],"about":[{"href":"https:\/\/pizbube.ch\/en\/wp-json\/wp\/v2\/types\/product"}],"wp:featuredmedia":[{"embeddable":true,"href":"https:\/\/pizbube.ch\/en\/wp-json\/wp\/v2\/media\/156031"}],"wp:attachment":[{"href":"https:\/\/pizbube.ch\/en\/wp-json\/wp\/v2\/media?parent=156030"}],"wp:term":[{"taxonomy":"product_brand","embeddable":true,"href":"https:\/\/pizbube.ch\/en\/wp-json\/wp\/v2\/product_brand?post=156030"},{"taxonomy":"product_cat","embeddable":true,"href":"https:\/\/pizbube.ch\/en\/wp-json\/wp\/v2\/product_cat?post=156030"},{"taxonomy":"product_tag","embeddable":true,"href":"https:\/\/pizbube.ch\/en\/wp-json\/wp\/v2\/product_tag?post=156030"}],"curies":[{"name":"wp","href":"https:\/\/api.w.org\/{rel}","templated":true}]}}