{"id":156043,"date":"2021-02-23T17:22:09","date_gmt":"2021-02-23T16:22:09","guid":{"rendered":"https:\/\/pizbube-test.ch\/?post_type=product&#038;p=156043"},"modified":"2021-02-23T17:22:09","modified_gmt":"2021-02-23T16:22:09","slug":"wetterhorn-hohe-warte-ueber-grindelwald-und-rosenlaui","status":"publish","type":"product","link":"https:\/\/pizbube.ch\/en\/shop\/wetterhorn-hohe-warte-ueber-grindelwald-und-rosenlaui\/","title":{"rendered":"Wetterhorn &#8211; Hohe Warte \u00fcber Grindelwald und Rosenlaui"},"content":{"rendered":"<p>Das Wetterhorn ist einer der sch\u00f6nsten Berge im Berner Oberland. Beim Wandern und Fahren von Grindelwald nach Rosenlaui (oder umgekehrt) reckt es sich un\u00fcbersehbar in den Himmel. An diesem Schloss aus Kalk und Eis wurde und wird seit Jahrhunderten Tourismus-, Kunst-, Alpinismus- und Seilbahngeschichte geschrieben.<\/p>\n<p>Die neue Bergmonografie wandert Schritt um Schritt, Seite um Seite auf den Spuren bemerkenswerter Leute. Begleitet werden wir dabei von bekannten Kunstmalern wie Alexandre Calame und Ferdinand Hodler, weitgereisten Dichtern wie Johann Wolfgang Goethe und Hermann Hesse, grossen F\u00fchrern wie Johann Jaun (Erstbesteiger aller drei Wetterh\u00f6rner 1844\/45) und Christian Almer, weitsichtigen Tourismusf\u00f6rderern wie Andreas von Bergen und Gottfried Strasser, mutigen Alpinisten wie Ernst Reiss und Nicolas Zambetti, ber\u00fchmten G\u00e4sten wie Lucy Walker und Winston Churchill.<\/p>\n<p>F\u00fcr den US-Amerikaner Daniel P. Rhodes war das Wetterhorn die &#171;himmlische Kathedrale von Chartres: diese breiten Bahnen von karmesinrotem Licht, das gegen seine Flanken st\u00fcrzt, k\u00f6nnen fast erh\u00f6rt werden &#8211; wie in einer englischen Prozession&#187;. Beim Anblick des Wetterhorns gerieten und geraten halt alle ins Schw\u00e4rmen, Amerikaner und Japaner, Engl\u00e4nder und Schweizer. H\u00f6chste Zeit also, dass die hohe Warte \u00fcber Grindelwald und Rosenlaui ein eigenes Buch erh\u00e4lt.<\/p>\n<p>Gebunden; 288 Seiten; mit ca. 140 Abbildungen in Farbe<\/p>","protected":false},"excerpt":{"rendered":"<p>Das Wetterhorn ist einer der sch\u00f6nsten Berge im Berner Oberland. Beim Wandern und Fahren von Grindelwald nach Rosenlaui (oder umgekehrt) reckt es sich un\u00fcbersehbar in den Himmel. An diesem Schloss aus Kalk und Eis wurde und wird seit Jahrhunderten Tourismus-, Kunst-, Alpinismus- und Seilbahngeschichte geschrieben. Die neue Bergmonografie wandert Schritt um Schritt, Seite um Seite [&#8230;]\n","protected":false},"featured_media":156044,"template":"","meta":[],"product_brand":[],"product_cat":[21542],"product_tag":[],"class_list":{"0":"post-156043","1":"product","2":"type-product","3":"status-publish","4":"has-post-thumbnail","6":"product_cat-sachbuecher-dokumentationen","7":"pa_autor-anker","8":"pa_erscheinungsjahr-25440","9":"pa_region-schweiz","10":"pa_sprache-de","12":"first","13":"instock","14":"taxable","15":"shipping-taxable","16":"purchasable","17":"product-type-simple"},"_links":{"self":[{"href":"https:\/\/pizbube.ch\/en\/wp-json\/wp\/v2\/product\/156043","targetHints":{"allow":["GET"]}}],"collection":[{"href":"https:\/\/pizbube.ch\/en\/wp-json\/wp\/v2\/product"}],"about":[{"href":"https:\/\/pizbube.ch\/en\/wp-json\/wp\/v2\/types\/product"}],"wp:featuredmedia":[{"embeddable":true,"href":"https:\/\/pizbube.ch\/en\/wp-json\/wp\/v2\/media\/156044"}],"wp:attachment":[{"href":"https:\/\/pizbube.ch\/en\/wp-json\/wp\/v2\/media?parent=156043"}],"wp:term":[{"taxonomy":"product_brand","embeddable":true,"href":"https:\/\/pizbube.ch\/en\/wp-json\/wp\/v2\/product_brand?post=156043"},{"taxonomy":"product_cat","embeddable":true,"href":"https:\/\/pizbube.ch\/en\/wp-json\/wp\/v2\/product_cat?post=156043"},{"taxonomy":"product_tag","embeddable":true,"href":"https:\/\/pizbube.ch\/en\/wp-json\/wp\/v2\/product_tag?post=156043"}],"curies":[{"name":"wp","href":"https:\/\/api.w.org\/{rel}","templated":true}]}}