{"id":156224,"date":"2021-03-09T10:57:43","date_gmt":"2021-03-09T09:57:43","guid":{"rendered":"https:\/\/pizbube-test.ch\/?post_type=product&#038;p=156224"},"modified":"2026-01-29T13:51:29","modified_gmt":"2026-01-29T12:51:29","slug":"pietra-di-luna-supramonte","status":"publish","type":"product","link":"https:\/\/pizbube.ch\/en\/shop\/pietra-di-luna-supramonte\/","title":{"rendered":"PIETRA DI LUNA &#8211; Supramonte"},"content":{"rendered":"<p>Im Supramonte auf Sardinien sind die Felsen mit der besten Qualit\u00e4t der Insel zu finden&#8230;<br \/>\nDieser F\u00fchrer beschr\u00e4nkt sich auf die Sportkletterrouten bzw. beinhaltet ausschlie\u00dflich die Einseill\u00e4ngen.<br \/>\nMit Hilfe von Piktogrammen, Topos und kleinen Beschreibungen sollte jeder die Sektoren und Routen finden, zumal die meisten Routennamen meist auch am Fels angeschrieben sind.<br \/>\nWer Mehrseill\u00e4ngenrouten auf Sardinien besuchen m\u00f6chte, findet diese in diesem F\u00fchrer vom selben Autor:<br \/>\n<a href=\"https:\/\/pizbube.ch\/en\/shop\/pietra-di-luna-trad-multi-pitches-engl-version\/\" target=\"_blank\" rel=\"noopener\">Pietra Di Luna \u2013 Trad &amp; Multi Pitches<\/a><\/p>\n<p>Folgende Gebiete sind im F\u00fchrer zu finden:<br \/>\nDorgali, Cala Gonone, Urzulei, Oliena, Valle di Lanaitto, Galtell\u00ec &#8211; Orosei, Lula, Siniscola<\/p>\n<p>Auflage 2022,<br \/>\n144 Seiten<br \/>\nFormat: 15 x 21 cm<\/p>","protected":false},"excerpt":{"rendered":"<p>Im Supramonte auf Sardinien sind die Felsen mit der besten Qualit\u00e4t der Insel zu finden&#8230; Dieser F\u00fchrer beschr\u00e4nkt sich auf die Sportkletterrouten bzw. beinhaltet ausschlie\u00dflich die Einseill\u00e4ngen. Mit Hilfe von Piktogrammen, Topos und kleinen Beschreibungen sollte jeder die Sektoren und Routen finden, zumal die meisten Routennamen meist auch am Fels angeschrieben sind. Wer Mehrseill\u00e4ngenrouten auf [&#8230;]\n","protected":false},"featured_media":183020,"template":"","meta":[],"product_brand":[],"product_cat":[21539],"product_tag":[],"class_list":{"0":"post-156224","1":"product","2":"type-product","3":"status-publish","4":"has-post-thumbnail","6":"product_cat-fuehrerliteratur-sportklettern-bouldern","7":"pa_autor-oviglia-pinotti","8":"pa_erscheinungsjahr-27013","9":"pa_region-italien","10":"pa_sprache-de","12":"first","13":"instock","14":"taxable","15":"shipping-taxable","16":"purchasable","17":"product-type-simple"},"_links":{"self":[{"href":"https:\/\/pizbube.ch\/en\/wp-json\/wp\/v2\/product\/156224","targetHints":{"allow":["GET"]}}],"collection":[{"href":"https:\/\/pizbube.ch\/en\/wp-json\/wp\/v2\/product"}],"about":[{"href":"https:\/\/pizbube.ch\/en\/wp-json\/wp\/v2\/types\/product"}],"wp:featuredmedia":[{"embeddable":true,"href":"https:\/\/pizbube.ch\/en\/wp-json\/wp\/v2\/media\/183020"}],"wp:attachment":[{"href":"https:\/\/pizbube.ch\/en\/wp-json\/wp\/v2\/media?parent=156224"}],"wp:term":[{"taxonomy":"product_brand","embeddable":true,"href":"https:\/\/pizbube.ch\/en\/wp-json\/wp\/v2\/product_brand?post=156224"},{"taxonomy":"product_cat","embeddable":true,"href":"https:\/\/pizbube.ch\/en\/wp-json\/wp\/v2\/product_cat?post=156224"},{"taxonomy":"product_tag","embeddable":true,"href":"https:\/\/pizbube.ch\/en\/wp-json\/wp\/v2\/product_tag?post=156224"}],"curies":[{"name":"wp","href":"https:\/\/api.w.org\/{rel}","templated":true}]}}