{"id":156274,"date":"2021-03-10T11:17:09","date_gmt":"2021-03-10T10:17:09","guid":{"rendered":"https:\/\/pizbube-test.ch\/?post_type=product&#038;p=156274"},"modified":"2026-02-20T09:58:11","modified_gmt":"2026-02-20T08:58:11","slug":"skitourenfuehrer-suedtirol-band-2-dolomiten","status":"publish","type":"product","link":"https:\/\/pizbube.ch\/en\/shop\/skitourenfuehrer-suedtirol-band-2-dolomiten\/","title":{"rendered":"Skitourenf\u00fchrer S\u00fcdtirol Band 2 &#8211; Dolomiten"},"content":{"rendered":"<p>Skitouren in den Dolomiten inkl. GPS-Tracks zum Download<\/p>\n<p>Die Dolomiten mit ihren zahlreichen Gebirgsst\u00f6cken geh\u00f6ren nicht nur im Sommer f\u00fcr die Kletterer, sondern auch im Winter f\u00fcr Skibergsteiger zu den attraktivsten Gebieten des gesamten Alpenbogens. Von den Geislerspitzen im Westen bis hin zu den Tofanen und Drei ZInnen im Osten sowie Marmolada und Pala im S\u00fcden halten sie eine unglaubliche Vielfalt an Skitourenm\u00f6glichkeiten bereit.<\/p>\n<p>Der Gr\u00f6dner Bergf\u00fchrer Ivo Rabanser hat diese nun f\u00fcr den Panico-Verlag in diesem Buch gesammelt. Er kennt in seinen Hausbergen jeden Gipfel und jede Rinne aus jahrzehntelanger Erfahrung. In dem bew\u00e4hrten Panico-Skif\u00fchrer-Style mit vielen \u00dcbersichtsfotos und umfassenden Beschreibungen stellt er sein Wissen hier der Skitourengehercommunity zur Verf\u00fcgung.<\/p>\n<p>Die Tourenauswahl umfasst reicht von (einigen) leichten Einsteigertouren \u00fcber viele moderate Genussrouten bis hin zu anspruchsvollen Gipfelzielen, wilden Steilrinnen und mehrt\u00e4gigen Durchquerungen. Dem Buch liegt ein Downloadcode bei, mit dem sich die digitalen Routen im GPX-Format f\u00fcr die GPS-Navigation von der Verlagshomepage herunterladen lassen.<\/p>\n<p>Tourenziele:<\/p>\n<div id=\"product_destinations_tab\" class=\"data item content\" role=\"tabpanel\" data-role=\"content\" aria-labelledby=\"tab-label-product_destinations_tab\" aria-hidden=\"false\">\n<div class=\"\">Villn\u00f6\u00df<\/div>\n<div class=\"\">Geisler<\/div>\n<div class=\"\">Puez<\/div>\n<div class=\"\">Sella<\/div>\n<div class=\"\">Langkofel<\/div>\n<div class=\"\">Seiser Alm<\/div>\n<div class=\"\">Latemar<\/div>\n<div class=\"\">Rosengarten<\/div>\n<div class=\"\">Marmolada<\/div>\n<div class=\"\">San Pellegrino<\/div>\n<div class=\"\">Pala<\/div>\n<div class=\"\">Alta Badia<\/div>\n<div class=\"\">Cortina<br \/>\nDolomiten Haute-Route<\/div>\n<\/div>\n<p>1. Auflage 2021, ca 408 Seiten, 115 x 185 mm, Softcover, komplett 4 Farbig<\/p>","protected":false},"excerpt":{"rendered":"<p><strong><a href=\"https:\/\/pizbube.ch\/wp-content\/uploads\/2021\/03\/Skitouren-Suedtirol-Band2_Leseprobe.pdf\" target=\"_blank\" rel=\"noopener\">Skitouren-Suedtirol-Band2_Leseprobe<\/a><\/strong><\/p>","protected":false},"featured_media":156275,"template":"","meta":[],"product_brand":[],"product_cat":[21540],"product_tag":[26803,26802],"class_list":{"0":"post-156274","1":"product","2":"type-product","3":"status-publish","4":"has-post-thumbnail","6":"product_cat-fuehrerliteratur-alpin-winter","7":"product_tag-skitouren-dolomiten","8":"product_tag-skitourenfuehrer-dolomiten","9":"pa_autor-rabanser","10":"pa_erscheinungsjahr-25440","11":"pa_region-italien","12":"pa_sprache-de","14":"first","15":"instock","16":"taxable","17":"shipping-taxable","18":"purchasable","19":"product-type-simple"},"_links":{"self":[{"href":"https:\/\/pizbube.ch\/en\/wp-json\/wp\/v2\/product\/156274","targetHints":{"allow":["GET"]}}],"collection":[{"href":"https:\/\/pizbube.ch\/en\/wp-json\/wp\/v2\/product"}],"about":[{"href":"https:\/\/pizbube.ch\/en\/wp-json\/wp\/v2\/types\/product"}],"wp:featuredmedia":[{"embeddable":true,"href":"https:\/\/pizbube.ch\/en\/wp-json\/wp\/v2\/media\/156275"}],"wp:attachment":[{"href":"https:\/\/pizbube.ch\/en\/wp-json\/wp\/v2\/media?parent=156274"}],"wp:term":[{"taxonomy":"product_brand","embeddable":true,"href":"https:\/\/pizbube.ch\/en\/wp-json\/wp\/v2\/product_brand?post=156274"},{"taxonomy":"product_cat","embeddable":true,"href":"https:\/\/pizbube.ch\/en\/wp-json\/wp\/v2\/product_cat?post=156274"},{"taxonomy":"product_tag","embeddable":true,"href":"https:\/\/pizbube.ch\/en\/wp-json\/wp\/v2\/product_tag?post=156274"}],"curies":[{"name":"wp","href":"https:\/\/api.w.org\/{rel}","templated":true}]}}