{"id":156294,"date":"2021-03-10T17:51:06","date_gmt":"2021-03-10T16:51:06","guid":{"rendered":"https:\/\/pizbube-test.ch\/?post_type=product&#038;p=156294"},"modified":"2026-01-28T16:54:50","modified_gmt":"2026-01-28T15:54:50","slug":"erste-hilfe-am-berg-massnahmen-im-ernstfall","status":"publish","type":"product","link":"https:\/\/pizbube.ch\/en\/shop\/erste-hilfe-am-berg-massnahmen-im-ernstfall\/","title":{"rendered":"Erste Hilfe am Berg &#8211; Massnahmen im Ernstfall"},"content":{"rendered":"<p align=\"justify\">Dieses Erste-Hilfe-Buch kann medizinische Laien dabei unterst\u00fctzen, einem Verletzten oder Erkrankten in einem Notfall angemessen zu helfen. Es bietet Wanderern, Bergsteigern, Outdoor-Sportlern und Reisenden praktische Hilfe bei Notf\u00e4llen am Berg oder abseits der Zivilisation und erkl\u00e4rt alle wichtigen lebensrettenden Erstma\u00dfnahmen.<\/p>\n<p align=\"justify\">Weitere in diesem Buch behandelte Themenbereiche sind: Organisation im Notfall, Br\u00fcche und Weichteilverletzungen mit Wundversorgung, Verbinden und Schienen, K\u00e4lte- und Hitzesch\u00e4den, Behandlung spezieller Erkrankungen im Gebirge, Abtransport eines Verletzten und Rucksack-Apotheke. Zahlreiche informative Abbildungen, \u00dcbersichten, Merks\u00e4tze und Tipps machen Kompliziertes verst\u00e4ndlich.<\/p>\n<p>Dr. med. Walter Treibel, geb. 1955, ist Facharzt f\u00fcr Orthop\u00e4die und Sportmedizin in M\u00fcnchen.\u00a0 war Gr\u00fcndungsmitglied und Vizepr\u00e4sident der Deutschen Gesellschaft f\u00fcr Berg- und Expeditionsmedizin (BExMed). Seit 45 Jahren ist er als Allroundalpinist in den Gebirgen der Welt unterwegs, dabei konnte er unter anderem die Seven Summits, drei Achttausender und die Nose am El Capitan f\u00fcr sich verbuchen. Zus\u00e4tzlich ist er Hochtouren- sowie Skihochtourenf\u00fchrer und war 18 Jahre 1. Vorsitzender der gro\u00dfen DAV-Sektion Oberland. Zu seinen weiteren Erfahrungen z\u00e4hlen mehrfache Eins\u00e4tze als Expeditionsarzt, verschiedene bergmedizinische Studien, zahlreiche Ver\u00f6ffentlichungen, bergspezifische Erste-Hilfe-Kurse sowie alpine Vortr\u00e4ge.<\/p>\n<p align=\"justify\">1. Auflage 2021<br \/>\n112 Seiten mit 146 Farbabbildungen<br \/>\nMit 146 Farbabbildungen, 15 Grafiken und 4 \u00dcbersichtstabellen<br \/>\nFormat 11,5 x 15,5 cm<br \/>\nKartoniert<\/p>","protected":false},"excerpt":{"rendered":"<p><a href=\"https:\/\/pizbube.ch\/wp-content\/uploads\/2021\/03\/Leseprobe_Erste_Hilfe_am_Berg.pdf\">Leseprobe_Erste_Hilfe_am_Berg<\/a><\/p>","protected":false},"featured_media":156295,"template":"","meta":[],"product_brand":[],"product_cat":[21538],"product_tag":[26804,26805],"class_list":{"0":"post-156294","1":"product","2":"type-product","3":"status-publish","4":"has-post-thumbnail","6":"product_cat-lehrbuecher","7":"product_tag-bergmedizin","8":"product_tag-bergrettung","9":"pa_autor-treibel","10":"pa_erscheinungsjahr-25440","11":"pa_region-medizin-recht","12":"pa_sprache-de","14":"first","15":"onbackorder","16":"taxable","17":"shipping-taxable","18":"purchasable","19":"product-type-simple"},"_links":{"self":[{"href":"https:\/\/pizbube.ch\/en\/wp-json\/wp\/v2\/product\/156294","targetHints":{"allow":["GET"]}}],"collection":[{"href":"https:\/\/pizbube.ch\/en\/wp-json\/wp\/v2\/product"}],"about":[{"href":"https:\/\/pizbube.ch\/en\/wp-json\/wp\/v2\/types\/product"}],"wp:featuredmedia":[{"embeddable":true,"href":"https:\/\/pizbube.ch\/en\/wp-json\/wp\/v2\/media\/156295"}],"wp:attachment":[{"href":"https:\/\/pizbube.ch\/en\/wp-json\/wp\/v2\/media?parent=156294"}],"wp:term":[{"taxonomy":"product_brand","embeddable":true,"href":"https:\/\/pizbube.ch\/en\/wp-json\/wp\/v2\/product_brand?post=156294"},{"taxonomy":"product_cat","embeddable":true,"href":"https:\/\/pizbube.ch\/en\/wp-json\/wp\/v2\/product_cat?post=156294"},{"taxonomy":"product_tag","embeddable":true,"href":"https:\/\/pizbube.ch\/en\/wp-json\/wp\/v2\/product_tag?post=156294"}],"curies":[{"name":"wp","href":"https:\/\/api.w.org\/{rel}","templated":true}]}}