{"id":156307,"date":"2021-03-11T09:44:36","date_gmt":"2021-03-11T08:44:36","guid":{"rendered":"https:\/\/pizbube-test.ch\/?post_type=product&#038;p=156307"},"modified":"2021-03-11T09:44:37","modified_gmt":"2021-03-11T08:44:37","slug":"petits-desastres","status":"publish","type":"product","link":"https:\/\/pizbube.ch\/en\/shop\/petits-desastres\/","title":{"rendered":"Petits d\u00e9sastres"},"content":{"rendered":"<p>Surdou\u00e9 de la montagne, grimpeur hors pair, rigolard et provocateur, Sam Beaugey est du genre \u00e0 relever tous les d\u00e9fis. Alors il a choisi le plus difficile. Il se rend dans le Yosemite, en Californie, et tente, sans jamais y parvenir, de gravir le plus fameux des big walls : El Capitan.<\/p>\n<p>Sam Beaugey est parti chercher un sens (forc\u00e9ment vertical) \u00e0 sa vie sur les parois du Yosemite. Inlassablement, il tente de gravir le fameux El Capitan et son kilom\u00e8tre de granit vertical, et toujours il s\u2019y casse les dents. <em>Petits d\u00e9sastres<\/em> raconte cette qu\u00eate souvent cocasse, avec ses envol\u00e9es solitaires jubilatoires : vers le haut par les voies les plus difficiles et vers le bas par le moyen express du base jump.<\/p>\n<p>Apr\u00e8s <em>Sales gosses<\/em>, son autobiographie, voici un r\u00e9cit grin\u00e7ant qui accompagne une r\u00e9flexion sur la pers\u00e9v\u00e9rance et l\u2019\u00e9chec.<br \/>\nJusqu&#8217;o\u00f9 pers\u00e9v\u00e9rer ? \u00c0 quel moment renoncer ? Comment rebondir apr\u00e8s un \u00e9chec?<\/p>\n<p>Format (Taille): 15&#215;21 cm.<br \/>\n120 pages<\/p>","protected":false},"excerpt":{"rendered":"<p><a href=\"https:\/\/pizbube.ch\/wp-content\/uploads\/2021\/03\/Leseprobe_petits_desastres.pdf\">PDF Leseprobe_petits_desastres<\/a><\/p>","protected":false},"featured_media":156309,"template":"","meta":[],"product_brand":[],"product_cat":[21629],"product_tag":[],"class_list":{"0":"post-156307","1":"product","2":"type-product","3":"status-publish","4":"has-post-thumbnail","6":"product_cat-belletristik","7":"pa_autor-beaugey","8":"pa_erscheinungsjahr-25440","9":"pa_region-amerika-nord","10":"pa_region-frankreich","11":"pa_sprache-fr","13":"first","14":"instock","15":"taxable","16":"shipping-taxable","17":"purchasable","18":"product-type-simple"},"_links":{"self":[{"href":"https:\/\/pizbube.ch\/en\/wp-json\/wp\/v2\/product\/156307","targetHints":{"allow":["GET"]}}],"collection":[{"href":"https:\/\/pizbube.ch\/en\/wp-json\/wp\/v2\/product"}],"about":[{"href":"https:\/\/pizbube.ch\/en\/wp-json\/wp\/v2\/types\/product"}],"wp:featuredmedia":[{"embeddable":true,"href":"https:\/\/pizbube.ch\/en\/wp-json\/wp\/v2\/media\/156309"}],"wp:attachment":[{"href":"https:\/\/pizbube.ch\/en\/wp-json\/wp\/v2\/media?parent=156307"}],"wp:term":[{"taxonomy":"product_brand","embeddable":true,"href":"https:\/\/pizbube.ch\/en\/wp-json\/wp\/v2\/product_brand?post=156307"},{"taxonomy":"product_cat","embeddable":true,"href":"https:\/\/pizbube.ch\/en\/wp-json\/wp\/v2\/product_cat?post=156307"},{"taxonomy":"product_tag","embeddable":true,"href":"https:\/\/pizbube.ch\/en\/wp-json\/wp\/v2\/product_tag?post=156307"}],"curies":[{"name":"wp","href":"https:\/\/api.w.org\/{rel}","templated":true}]}}