{"id":156312,"date":"2021-03-11T10:38:31","date_gmt":"2021-03-11T09:38:31","guid":{"rendered":"https:\/\/pizbube-test.ch\/?post_type=product&#038;p=156312"},"modified":"2021-03-11T12:08:07","modified_gmt":"2021-03-11T11:08:07","slug":"in-den-gletschern-der-erinnerung","status":"publish","type":"product","link":"https:\/\/pizbube.ch\/en\/shop\/in-den-gletschern-der-erinnerung\/","title":{"rendered":"\u00bbIn den Gletschern der Erinnerung\u00ab"},"content":{"rendered":"<p>Durch die Jahrhunderte sahen SchriftstellerInnen in den Gletschern Beweis und Symbol h\u00f6herer M\u00e4chte, empfanden Ahnungen von Ewigkeit, sp\u00fcrten den Hauch des Todes. Im Angesicht ihrer gewaltigen r\u00e4umlichen und zeitlichen Dimensionen erschien der Mensch klein und in seinem Einfluss beschr\u00e4nkt.<\/p>\n<p>Mit dem R\u00fcckzug der Gletscher kollabieren diese Zuschreibungen. \u00bbIn den Gletschern der Erinnerung\u00ab versammelt zwanzig zwischen 1729 und 1968 publizierte Texte und Textausschnitte als Zeugen einer verschwindenden Erfahrung.<\/p>\n<p>Albrecht von Haller | Marc-Th\u00e9odor Bourrit | Friederike Brun | Gotthold Friedrich St\u00e4udlin | Lord Byron | Percy Bysshe Shelly | Mary Woll\u00adstonecraft Shelley | Adalbert Stifter | Jeremias Gotthelf | Hans Christian Andersen | \u00adMark Twain | Friedrich Nietzsche | Stefan George | Christian Morgenstern | Walter Benjamin | Max Frisch | Halld\u00f3r Laxness | Paul Celan | Guillaume Apollinaire<\/p>\n<p>mit zeitgen\u00f6ssischen Fotografien von Daniel Schwartz<br \/>\nund einem Essay von Peter Weibel<\/p>\n<p>herausgegeben und mit einem Vorwort versehen<br \/>\nvon Patrick Hegglin<\/p>\n<p>152 Seiten<br \/>\nHardcover, Leseband<\/p>","protected":false},"excerpt":{"rendered":"<p>Durch die Jahrhunderte sahen SchriftstellerInnen in den Gletschern Beweis und Symbol h\u00f6herer M\u00e4chte, empfanden Ahnungen von Ewigkeit, sp\u00fcrten den Hauch des Todes. Im Angesicht ihrer gewaltigen r\u00e4umlichen und zeitlichen Dimensionen erschien der Mensch klein und in seinem Einfluss beschr\u00e4nkt. Mit dem R\u00fcckzug der Gletscher kollabieren diese Zuschreibungen. \u00bbIn den Gletschern der Erinnerung\u00ab versammelt zwanzig zwischen [&#8230;]\n","protected":false},"featured_media":156313,"template":"","meta":[],"product_brand":[],"product_cat":[21629,21542],"product_tag":[],"class_list":{"0":"post-156312","1":"product","2":"type-product","3":"status-publish","4":"has-post-thumbnail","6":"product_cat-belletristik","7":"product_cat-sachbuecher-dokumentationen","8":"pa_autor-hegglin","9":"pa_erscheinungsjahr-21558","10":"pa_region-schweiz","11":"pa_sprache-de","13":"first","14":"instock","15":"taxable","16":"shipping-taxable","17":"purchasable","18":"product-type-simple"},"_links":{"self":[{"href":"https:\/\/pizbube.ch\/en\/wp-json\/wp\/v2\/product\/156312","targetHints":{"allow":["GET"]}}],"collection":[{"href":"https:\/\/pizbube.ch\/en\/wp-json\/wp\/v2\/product"}],"about":[{"href":"https:\/\/pizbube.ch\/en\/wp-json\/wp\/v2\/types\/product"}],"wp:featuredmedia":[{"embeddable":true,"href":"https:\/\/pizbube.ch\/en\/wp-json\/wp\/v2\/media\/156313"}],"wp:attachment":[{"href":"https:\/\/pizbube.ch\/en\/wp-json\/wp\/v2\/media?parent=156312"}],"wp:term":[{"taxonomy":"product_brand","embeddable":true,"href":"https:\/\/pizbube.ch\/en\/wp-json\/wp\/v2\/product_brand?post=156312"},{"taxonomy":"product_cat","embeddable":true,"href":"https:\/\/pizbube.ch\/en\/wp-json\/wp\/v2\/product_cat?post=156312"},{"taxonomy":"product_tag","embeddable":true,"href":"https:\/\/pizbube.ch\/en\/wp-json\/wp\/v2\/product_tag?post=156312"}],"curies":[{"name":"wp","href":"https:\/\/api.w.org\/{rel}","templated":true}]}}