{"id":156347,"date":"2021-03-12T10:54:57","date_gmt":"2021-03-12T09:54:57","guid":{"rendered":"https:\/\/pizbube-test.ch\/?post_type=product&#038;p=156347"},"modified":"2025-11-14T08:45:30","modified_gmt":"2025-11-14T07:45:30","slug":"2610-m-ue-m-irma-clavadetscher-ein-leben-auf-der-coaz-huette","status":"publish","type":"product","link":"https:\/\/pizbube.ch\/en\/shop\/2610-m-ue-m-irma-clavadetscher-ein-leben-auf-der-coaz-huette\/","title":{"rendered":"2610 m \u00fc. M. &#8211; Irma Clavadetscher. Ein Leben auf der Coaz-H\u00fctte"},"content":{"rendered":"<p>\u00abIch hatte alles, was ich wollte\u00bb, sagt die heute achtzigj\u00e4hrige Irma Clavadetscher. Als eine der ersten H\u00fcttenwartinnen der Schweiz verbrachte sie fast ihr halbes Leben auf 2610 Metern \u00fcber Meer, zuhinterst im Engadiner Val Roseg.<\/p>\n<p>Von 1963 bis 2001 bewirtschaftete sie dort zusammen mit ihrem Mann die Coaz-H\u00fctte. Die Autorin Irene Wirthlin zeichnet diese besondere Lebensgeschichte nach: Irmas beh\u00fctete Jugend am Z\u00fcrichsee, die Heirat mit ihrer grossen Liebe, dem Bergf\u00fchrer Christian Clavadetscher, die vielen Jahre, in denen das Ehepaar mit seinen zwei Kindern im Sommer auf der H\u00fctte, im Winter in Samedan lebte.<\/p>\n<p>Harte Arbeit, grossartige Naturerlebnisse und Begegnungen mit Menschen aus aller Welt haben Irma Clavadetschers Leben gepr\u00e4gt. Einf\u00fchlsam und spannend werden heitere, ber\u00fchrende und dramatische Geschichten der H\u00fcttenwartin erz\u00e4hlt. Sie zeigen das aussergew\u00f6hnliche Leben dieser pragmatischen, naturverbundenen und lebensklugen Frau.<\/p>\n<p>228 Seiten; 40 sw Abbildungen; gebunden;<br \/>\n5. Auflage 2025<\/p>","protected":false},"excerpt":{"rendered":"<p>\u00abIch hatte alles, was ich wollte\u00bb, sagt die heute achtzigj\u00e4hrige Irma Clavadetscher. Als eine der ersten H\u00fcttenwartinnen der Schweiz verbrachte sie fast ihr halbes Leben auf 2610 Metern \u00fcber Meer, zuhinterst im Engadiner Val Roseg. Von 1963 bis 2001 bewirtschaftete sie dort zusammen mit ihrem Mann die Coaz-H\u00fctte. Die Autorin Irene Wirthlin zeichnet diese besondere [&#8230;]\n","protected":false},"featured_media":156348,"template":"","meta":[],"product_brand":[],"product_cat":[21542],"product_tag":[],"class_list":{"0":"post-156347","1":"product","2":"type-product","3":"status-publish","4":"has-post-thumbnail","6":"product_cat-sachbuecher-dokumentationen","7":"pa_autor-wirthlin","8":"pa_erscheinungsjahr-27415","9":"pa_region-schweiz","10":"pa_sprache-de","12":"first","13":"instock","14":"taxable","15":"shipping-taxable","16":"purchasable","17":"product-type-simple"},"_links":{"self":[{"href":"https:\/\/pizbube.ch\/en\/wp-json\/wp\/v2\/product\/156347","targetHints":{"allow":["GET"]}}],"collection":[{"href":"https:\/\/pizbube.ch\/en\/wp-json\/wp\/v2\/product"}],"about":[{"href":"https:\/\/pizbube.ch\/en\/wp-json\/wp\/v2\/types\/product"}],"wp:featuredmedia":[{"embeddable":true,"href":"https:\/\/pizbube.ch\/en\/wp-json\/wp\/v2\/media\/156348"}],"wp:attachment":[{"href":"https:\/\/pizbube.ch\/en\/wp-json\/wp\/v2\/media?parent=156347"}],"wp:term":[{"taxonomy":"product_brand","embeddable":true,"href":"https:\/\/pizbube.ch\/en\/wp-json\/wp\/v2\/product_brand?post=156347"},{"taxonomy":"product_cat","embeddable":true,"href":"https:\/\/pizbube.ch\/en\/wp-json\/wp\/v2\/product_cat?post=156347"},{"taxonomy":"product_tag","embeddable":true,"href":"https:\/\/pizbube.ch\/en\/wp-json\/wp\/v2\/product_tag?post=156347"}],"curies":[{"name":"wp","href":"https:\/\/api.w.org\/{rel}","templated":true}]}}