{"id":156516,"date":"2021-03-19T12:52:16","date_gmt":"2021-03-19T11:52:16","guid":{"rendered":"https:\/\/pizbube.ch\/?post_type=product&#038;p=156516"},"modified":"2021-03-19T12:52:16","modified_gmt":"2021-03-19T11:52:16","slug":"alpilles-les-plus-belles-randonnees","status":"publish","type":"product","link":"https:\/\/pizbube.ch\/en\/shop\/alpilles-les-plus-belles-randonnees\/","title":{"rendered":"Alpilles &#8211; les plus belles randonn\u00e9es"},"content":{"rendered":"<p>Itin\u00e9raires \u00e0 la journ\u00e9e et tour du Parc<\/p>\n<p>Nich\u00e9 entre Rh\u00f4ne et Durance, s\u2019\u00e9tend le Parc naturel r\u00e9gional des Alpilles, un territoire sculpt\u00e9 par la nature et fa\u00e7onn\u00e9 par l\u2019homme. Alain Godon vous invite \u00e0 suivre ses pas au gr\u00e9 de ces 15 randonn\u00e9es \u2013 s\u00e9lectionn\u00e9es et choisies avec le Parc \u2013 plus belles les unes que les autres pour d\u00e9couvrir cette p\u00e9pite de Provence. Villages de charme, senteurs de thym et de romarin, lumi\u00e8res envo\u00fbtantes, champs d\u2019oliviers, cypr\u00e8s, ciel bleu, les rochers calcaire qui \u00e9mergent des plaines&#8230; rien ne manque.<\/p>\n<p>Pour encore mieux vous impr\u00e9gner des lieux, et si 5 jours magiques de randonn\u00e9e vous tentent, lancez-vous sur le tour du Parc. Un tour in\u00e9dit et en exclusivit\u00e9 dans cet ouvrage.<\/p>","protected":false},"excerpt":{"rendered":"<p>Itin\u00e9raires \u00e0 la journ\u00e9e et tour du Parc Nich\u00e9 entre Rh\u00f4ne et Durance, s\u2019\u00e9tend le Parc naturel r\u00e9gional des Alpilles, un territoire sculpt\u00e9 par la nature et fa\u00e7onn\u00e9 par l\u2019homme. Alain Godon vous invite \u00e0 suivre ses pas au gr\u00e9 de ces 15 randonn\u00e9es \u2013 s\u00e9lectionn\u00e9es et choisies avec le Parc \u2013 plus belles les [&#8230;]\n","protected":false},"featured_media":156517,"template":"","meta":[],"product_brand":[],"product_cat":[21605],"product_tag":[],"class_list":{"0":"post-156516","1":"product","2":"type-product","3":"status-publish","4":"has-post-thumbnail","6":"product_cat-wanderfuehrer-trekking","7":"pa_autor-godon","8":"pa_erscheinungsjahr-25440","9":"pa_region-frankreich","10":"pa_sprache-fr","12":"first","13":"instock","14":"taxable","15":"shipping-taxable","16":"purchasable","17":"product-type-simple"},"_links":{"self":[{"href":"https:\/\/pizbube.ch\/en\/wp-json\/wp\/v2\/product\/156516","targetHints":{"allow":["GET"]}}],"collection":[{"href":"https:\/\/pizbube.ch\/en\/wp-json\/wp\/v2\/product"}],"about":[{"href":"https:\/\/pizbube.ch\/en\/wp-json\/wp\/v2\/types\/product"}],"wp:featuredmedia":[{"embeddable":true,"href":"https:\/\/pizbube.ch\/en\/wp-json\/wp\/v2\/media\/156517"}],"wp:attachment":[{"href":"https:\/\/pizbube.ch\/en\/wp-json\/wp\/v2\/media?parent=156516"}],"wp:term":[{"taxonomy":"product_brand","embeddable":true,"href":"https:\/\/pizbube.ch\/en\/wp-json\/wp\/v2\/product_brand?post=156516"},{"taxonomy":"product_cat","embeddable":true,"href":"https:\/\/pizbube.ch\/en\/wp-json\/wp\/v2\/product_cat?post=156516"},{"taxonomy":"product_tag","embeddable":true,"href":"https:\/\/pizbube.ch\/en\/wp-json\/wp\/v2\/product_tag?post=156516"}],"curies":[{"name":"wp","href":"https:\/\/api.w.org\/{rel}","templated":true}]}}