{"id":156560,"date":"2021-03-24T11:11:53","date_gmt":"2021-03-24T10:11:53","guid":{"rendered":"https:\/\/pizbube.ch\/?post_type=product&#038;p=156560"},"modified":"2024-11-30T14:47:17","modified_gmt":"2024-11-30T13:47:17","slug":"wanderpapa","status":"publish","type":"product","link":"https:\/\/pizbube.ch\/en\/shop\/wanderpapa\/","title":{"rendered":"Wanderpapa"},"content":{"rendered":"<p>Familiengeschichten vom Wanderweg<\/p>\n<p>Wandern mit Kindern kann Eltern vor gro\u00dfe Herausforderungen stellen: Der Sohn mag pl\u00f6tzlich nicht mehr weiterwandern, die Tochter hat Brennnesseln angefasst, und das Baby kr\u00e4ht ohne Unterlass in der Rucksacktrage. Und dann hat es im Bergrestaurant erst noch keine Glac\u00e9 mehr!<\/p>\n<p>In mehreren Essays erz\u00e4hlt der \u00bbWanderpapa\u00ab R\u00e9my Kappeler, wie er solche Situationen mit seiner Familie gemeistert hat. Er beschreibt, was einen familiengerechten Wanderweg ausmacht, wie er seine Ideen f\u00fcr Ausfl\u00fcge findet, wie er seine Kinder zum Weiterwandern motiviert und wie man mit kleinen und gro\u00dfen Katastrophen auf dem Weg umgeht. So entsteht ein Buch, das eine Philosophie des Wanderns mit Kindern entwickelt und nebenbei auch praktische Tipps liefert.<\/p>","protected":false},"excerpt":{"rendered":"<p>Familiengeschichten vom Wanderweg Wandern mit Kindern kann Eltern vor gro\u00dfe Herausforderungen stellen: Der Sohn mag pl\u00f6tzlich nicht mehr weiterwandern, die Tochter hat Brennnesseln angefasst, und das Baby kr\u00e4ht ohne Unterlass in der Rucksacktrage. Und dann hat es im Bergrestaurant erst noch keine Glac\u00e9 mehr! In mehreren Essays erz\u00e4hlt der \u00bbWanderpapa\u00ab R\u00e9my Kappeler, wie er solche [&#8230;]\n","protected":false},"featured_media":156561,"template":"","meta":[],"product_brand":[],"product_cat":[21542],"product_tag":[],"class_list":{"0":"post-156560","1":"product","2":"type-product","3":"status-publish","4":"has-post-thumbnail","6":"product_cat-sachbuecher-dokumentationen","7":"pa_autor-kappeler","8":"pa_erscheinungsjahr-25440","9":"pa_region-schweiz","10":"pa_sprache-de","12":"first","13":"instock","14":"taxable","15":"shipping-taxable","16":"purchasable","17":"product-type-simple"},"_links":{"self":[{"href":"https:\/\/pizbube.ch\/en\/wp-json\/wp\/v2\/product\/156560","targetHints":{"allow":["GET"]}}],"collection":[{"href":"https:\/\/pizbube.ch\/en\/wp-json\/wp\/v2\/product"}],"about":[{"href":"https:\/\/pizbube.ch\/en\/wp-json\/wp\/v2\/types\/product"}],"wp:featuredmedia":[{"embeddable":true,"href":"https:\/\/pizbube.ch\/en\/wp-json\/wp\/v2\/media\/156561"}],"wp:attachment":[{"href":"https:\/\/pizbube.ch\/en\/wp-json\/wp\/v2\/media?parent=156560"}],"wp:term":[{"taxonomy":"product_brand","embeddable":true,"href":"https:\/\/pizbube.ch\/en\/wp-json\/wp\/v2\/product_brand?post=156560"},{"taxonomy":"product_cat","embeddable":true,"href":"https:\/\/pizbube.ch\/en\/wp-json\/wp\/v2\/product_cat?post=156560"},{"taxonomy":"product_tag","embeddable":true,"href":"https:\/\/pizbube.ch\/en\/wp-json\/wp\/v2\/product_tag?post=156560"}],"curies":[{"name":"wp","href":"https:\/\/api.w.org\/{rel}","templated":true}]}}