{"id":156602,"date":"2021-03-25T15:58:49","date_gmt":"2021-03-25T14:58:49","guid":{"rendered":"https:\/\/pizbube.ch\/?post_type=product&#038;p=156602"},"modified":"2025-07-11T16:12:27","modified_gmt":"2025-07-11T14:12:27","slug":"setesdal-klettern-in-suednorwegen","status":"publish","type":"product","link":"https:\/\/pizbube.ch\/en\/shop\/setesdal-klettern-in-suednorwegen\/","title":{"rendered":"Setesdal  &#8211; Klettern in S\u00fcdnorwegen"},"content":{"rendered":"<p>Kletterf\u00fchrer Setesdal \u2013 das Paradies f\u00fcr Mehrseill\u00e4ngen, Sportklettern, Bouldern, Cleanclimbing in S\u00fcdnorwegen.<br \/>\nDreisprachig: Deutsch, Norsk, English<\/p>\n<p>Climbing guidebook Setesdal &#8211; a paradise for multipitch, sports climbing, bouldering and trad climbing in southern Norway<\/p>\n<p>Nein ein Geheimtipp ist das Setesdal in S\u00fcdnorwegen schon lange nicht mehr. Seit die herrlichen Granitw\u00e4nde von F\u00fchrerautor Hans Weninger 1981 entdeckt und wachgek\u00fcsst wurden, hat es sich zu einem vielseitigen und beliebten Klettergebiet gemausert. Hier werden wirklich alle gl\u00fccklich: Boulderer k\u00f6nnen sich an zahllosen Problemen von easy bis knallhart erfreuen, Unerschrockene d\u00fcrfen ihren Mut an cleanen Abenteuerrouten beweisen und die gro\u00dfe Zahl der Genussfreunde kommen in bestens abgesicherten Plaisirrouten auf ihre Kosten. Mittlerweile offeriert das Setesdal \u00fcber 650 Routen mit knapp 1700 Seill\u00e4ngen und \u00fcber 150 Boulder. Seit der letzten Auflage sind wieder 150 neue Touren dazugekommen &#8211; und drei eindrucksvolle Klettersteige. \u00c4u\u00dferst popul\u00e4r sind neben den familienfreundlichen Routen am gigantischen Loefjell auch die wunderbaren Granitreisen mit 10 und mehr Seill\u00e4ngen durch traumhafte Wandfluchten. F\u00fcr die es nur ein B\u00fcndel Expressen braucht. Und die F\u00e4higkeit sich begeistern zu lassen.<\/p>\n<p>Make no mistake: Setesdal in southern Norway has evolved from an insider tip to a diverse and highly popular climbing destination over the last decades. Since the discovery of the magnificent granite walls by Hans Wenninger in 1981 Setesdal has grown increasingly popular. Nowadays, everybody can indulge in their favorite style of climbing. You can find boulder problems in abundance ranging from easy to hard. Even the most elite athletes will find their match. Also, the daredevils amongst you don\u2019t need to look any further and will find countless opportunities to test out their limits in one of the many trad climbs. Finally, the large number of pleasure-seeking climbers will find plenty of perfectly bolted easy routes with the most scenic backdrops. Today Sedestal features over 650 routes with almost 1700 pitches and over 150 boulders. Since the last edition, 150 new routes and three impressive via ferratas have been added. Extremely popular, in addition to the family-friendly routes on the gigantic Loefjell, are the wonderful granite journeys with 10 and more pitches through stunning walls. For which you only need countless quickdraws and the ability to get carried away by the breathtaking beauty around you.<\/p>\n<p>5. Auflage 2021, 352 Seiten, 148 x 185 mm, Softcover, komplett 4 Farbig<\/p>","protected":false},"excerpt":{"rendered":"<ul>\n<li>PDF: <strong><a href=\"https:\/\/pizbube.ch\/wp-content\/uploads\/2021\/03\/Leseprobe_Setesdal_2021.pdf\">Leseprobe_Setesdal_2021<\/a><\/strong><\/li>\n<\/ul>","protected":false},"featured_media":156603,"template":"","meta":[],"product_brand":[],"product_cat":[21539],"product_tag":[],"class_list":{"0":"post-156602","1":"product","2":"type-product","3":"status-publish","4":"has-post-thumbnail","6":"product_cat-fuehrerliteratur-sportklettern-bouldern","7":"pa_autor-weninger-brunnert","8":"pa_erscheinungsjahr-21568","9":"pa_region-skandinavien-norwegen-schweden-finnland","10":"pa_sprache-de-en-norw","12":"first","13":"instock","14":"taxable","15":"shipping-taxable","16":"purchasable","17":"product-type-simple"},"_links":{"self":[{"href":"https:\/\/pizbube.ch\/en\/wp-json\/wp\/v2\/product\/156602","targetHints":{"allow":["GET"]}}],"collection":[{"href":"https:\/\/pizbube.ch\/en\/wp-json\/wp\/v2\/product"}],"about":[{"href":"https:\/\/pizbube.ch\/en\/wp-json\/wp\/v2\/types\/product"}],"wp:featuredmedia":[{"embeddable":true,"href":"https:\/\/pizbube.ch\/en\/wp-json\/wp\/v2\/media\/156603"}],"wp:attachment":[{"href":"https:\/\/pizbube.ch\/en\/wp-json\/wp\/v2\/media?parent=156602"}],"wp:term":[{"taxonomy":"product_brand","embeddable":true,"href":"https:\/\/pizbube.ch\/en\/wp-json\/wp\/v2\/product_brand?post=156602"},{"taxonomy":"product_cat","embeddable":true,"href":"https:\/\/pizbube.ch\/en\/wp-json\/wp\/v2\/product_cat?post=156602"},{"taxonomy":"product_tag","embeddable":true,"href":"https:\/\/pizbube.ch\/en\/wp-json\/wp\/v2\/product_tag?post=156602"}],"curies":[{"name":"wp","href":"https:\/\/api.w.org\/{rel}","templated":true}]}}