{"id":156618,"date":"2021-03-26T10:37:25","date_gmt":"2021-03-26T09:37:25","guid":{"rendered":"https:\/\/pizbube.ch\/?post_type=product&#038;p=156618"},"modified":"2021-03-30T18:06:14","modified_gmt":"2021-03-30T16:06:14","slug":"melchior-anderegg-pionier-und-gentleman-der-alpen-kopie","status":"publish","type":"product","link":"https:\/\/pizbube.ch\/en\/shop\/melchior-anderegg-pionier-und-gentleman-der-alpen-kopie\/","title":{"rendered":"Melchior Anderegg &#8211; Pionier und Gentleman der Alpen"},"content":{"rendered":"<p>Das Leben der Bergf\u00fchrerlegende Melchior Anderegg (1828\u22121914) und die<br \/>\nBl\u00fctezeit der Erstbesteigungen in der Schweiz<\/p>\n<p>Melchior Anderegg (1828\u20131914) war einer der ber\u00fchmtesten Bergf\u00fchrer des 19.<br \/>\nJahrhunderts. In Zaun bei Meiringen geboren, wurde er Holzschnitzer, als<br \/>\nGemsj\u00e4ger erwarb er sich die Kletterf\u00e4higkeiten. Als Knecht des Grimsel-Hospiz<br \/>\nbegann er, englische Alpinisten auf Bergspitzen zu leiten und gl\u00e4nzte schon<br \/>\nbald mit Erstbesteigungen im Inund Ausland. Andereggs K\u00f6nnen und Umsicht,<br \/>\nseine Intelligenz und seine Herzlichkeit f\u00fchrten ihm eine Reihe von<br \/>\nStammg\u00e4sten zu, er pr\u00e4gte das Niveau f\u00fcr Bergf\u00fchrer, drei Mal wurde er vom<br \/>\nAlpine Club nach London eingeladen.<\/p>\n<p>Auch lebenslange Freundschaften entstanden, insbesondere zu Lucy Walker, die<br \/>\ndank ihm als erste Frau auf dem Matterhorn stand, ihn gerne geheiratet h\u00e4tte<br \/>\nund die er \u2013 verheiratet und Vater von zw\u00f6lf Kindern \u2013 bis ins Alter von 69<br \/>\nJahren in die Berge begleitete. Natascha Knecht erz\u00e4hlt mit dem Leben<br \/>\nAndereggs gleichzeitig die faszinierende Bl\u00fctezeit des Alpinismus, als<br \/>\nunternehmungslustige Engl\u00e4nder mit Hilfe der einheimischen F\u00fchrer die<br \/>\nSchweizer Bergspitzen eroberten.<\/p>\n<p>200 Seiten, gebunden, 54 Fotografien, Karten und Abbildungen<br \/>\n2. Aufl., M\u00e4rz 2021<\/p>","protected":false},"excerpt":{"rendered":"<ul>\n<li><a href=\"https:\/\/pizbube.ch\/wp-content\/uploads\/2021\/01\/Leseprobe_Melchior_Anderegg_Bergtour.pdf\" target=\"_blank\" rel=\"noopener\">Leseprobe_Melchior_Anderegg_Bergtour<\/a><\/li>\n<\/ul>","protected":false},"featured_media":156076,"template":"","meta":[],"product_brand":[],"product_cat":[21542],"product_tag":[],"class_list":{"0":"post-156618","1":"product","2":"type-product","3":"status-publish","4":"has-post-thumbnail","6":"product_cat-sachbuecher-dokumentationen","7":"pa_autor-knecht","8":"pa_erscheinungsjahr-25440","9":"pa_region-schweiz","10":"pa_sprache-de","12":"first","13":"instock","14":"taxable","15":"shipping-taxable","16":"purchasable","17":"product-type-simple"},"_links":{"self":[{"href":"https:\/\/pizbube.ch\/en\/wp-json\/wp\/v2\/product\/156618","targetHints":{"allow":["GET"]}}],"collection":[{"href":"https:\/\/pizbube.ch\/en\/wp-json\/wp\/v2\/product"}],"about":[{"href":"https:\/\/pizbube.ch\/en\/wp-json\/wp\/v2\/types\/product"}],"wp:featuredmedia":[{"embeddable":true,"href":"https:\/\/pizbube.ch\/en\/wp-json\/wp\/v2\/media\/156076"}],"wp:attachment":[{"href":"https:\/\/pizbube.ch\/en\/wp-json\/wp\/v2\/media?parent=156618"}],"wp:term":[{"taxonomy":"product_brand","embeddable":true,"href":"https:\/\/pizbube.ch\/en\/wp-json\/wp\/v2\/product_brand?post=156618"},{"taxonomy":"product_cat","embeddable":true,"href":"https:\/\/pizbube.ch\/en\/wp-json\/wp\/v2\/product_cat?post=156618"},{"taxonomy":"product_tag","embeddable":true,"href":"https:\/\/pizbube.ch\/en\/wp-json\/wp\/v2\/product_tag?post=156618"}],"curies":[{"name":"wp","href":"https:\/\/api.w.org\/{rel}","templated":true}]}}