{"id":156682,"date":"2021-03-31T10:28:39","date_gmt":"2021-03-31T08:28:39","guid":{"rendered":"https:\/\/pizbube.ch\/?post_type=product&#038;p=156682"},"modified":"2023-11-23T08:57:19","modified_gmt":"2023-11-23T07:57:19","slug":"bergseensucht-67-mal-auftauchen-eintauchen-und-abtauchen","status":"publish","type":"product","link":"https:\/\/pizbube.ch\/en\/shop\/bergseensucht-67-mal-auftauchen-eintauchen-und-abtauchen\/","title":{"rendered":"BERGSEENSUCHT WALLIS &#8211; 67 mal auftauchen, eintauchen und abtauchen"},"content":{"rendered":"<p>BERGSEEN ENTDECKEN &#8211; WANDERN IM WALLIS<\/p>\n<p>Foto-Bildband von 67 Walliser Bergseen.<\/p>\n<p>Die Schweiz ist ein Land voller wundervoller Seen &#8211; und das Wallis erst recht: In keinem anderen Kanton finden sich so viele und vor allem vielf\u00e4ltige, einzigartige Bergseen. Und davon bekommt man Bergseensucht.<\/p>\n<p>Bettina Mattia, die Bergseefee, hat in den vergangenen drei Jahren zahlreiche Bergseen des Kantons Wallis erwandert, entdeckt und lieben gelernt. Und aus Liebe zu den wunderbar-bet\u00f6renden Landschaften einen Bildband kreiert: Bergseensucht \u2013 67mal auftauchen, eintauchen und abtauchen. Ein Abbild der sch\u00f6nsten Bergseenlandschaft der Schweiz.<\/p>\n<p>Wissen, wo&#8217;s langgeht: Wer im Buch den zu jedem Bergsee integrierten QR-Code abfotografiert, erh\u00e4lt obendrauf noch alle wichtigen Info&#8217;s zu den Wanderwegen und Zugang mit \u00f6ffentlichen Verkehrsmitteln. Perfekt zum planen Ihrer n\u00e4chsten Wanderung!<\/p>\n<p>1. Auflage 2020<br \/>\nEinband Hardcover, 288 Seiten, 25&#215;25 cm<br \/>\nZweisprachig Deutsch &amp; Franz\u00f6sisch<\/p>","protected":false},"excerpt":{"rendered":"<p>BERGSEEN ENTDECKEN &#8211; WANDERN IM WALLIS Foto-Bildband von 67 Walliser Bergseen. Die Schweiz ist ein Land voller wundervoller Seen &#8211; und das Wallis erst recht: In keinem anderen Kanton finden sich so viele und vor allem vielf\u00e4ltige, einzigartige Bergseen. Und davon bekommt man Bergseensucht. Bettina Mattia, die Bergseefee, hat in den vergangenen drei Jahren zahlreiche [&#8230;]\n","protected":false},"featured_media":156683,"template":"","meta":[],"product_brand":[],"product_cat":[21542],"product_tag":[26828],"class_list":{"0":"post-156682","1":"product","2":"type-product","3":"status-publish","4":"has-post-thumbnail","6":"product_cat-sachbuecher-dokumentationen","7":"product_tag-bergsehnsucht","8":"pa_autor-mattia","9":"pa_erscheinungsjahr-25440","10":"pa_region-schweiz","11":"pa_sprache-de-fr","13":"first","14":"onbackorder","15":"taxable","16":"shipping-taxable","17":"purchasable","18":"product-type-simple"},"_links":{"self":[{"href":"https:\/\/pizbube.ch\/en\/wp-json\/wp\/v2\/product\/156682","targetHints":{"allow":["GET"]}}],"collection":[{"href":"https:\/\/pizbube.ch\/en\/wp-json\/wp\/v2\/product"}],"about":[{"href":"https:\/\/pizbube.ch\/en\/wp-json\/wp\/v2\/types\/product"}],"wp:featuredmedia":[{"embeddable":true,"href":"https:\/\/pizbube.ch\/en\/wp-json\/wp\/v2\/media\/156683"}],"wp:attachment":[{"href":"https:\/\/pizbube.ch\/en\/wp-json\/wp\/v2\/media?parent=156682"}],"wp:term":[{"taxonomy":"product_brand","embeddable":true,"href":"https:\/\/pizbube.ch\/en\/wp-json\/wp\/v2\/product_brand?post=156682"},{"taxonomy":"product_cat","embeddable":true,"href":"https:\/\/pizbube.ch\/en\/wp-json\/wp\/v2\/product_cat?post=156682"},{"taxonomy":"product_tag","embeddable":true,"href":"https:\/\/pizbube.ch\/en\/wp-json\/wp\/v2\/product_tag?post=156682"}],"curies":[{"name":"wp","href":"https:\/\/api.w.org\/{rel}","templated":true}]}}