{"id":156752,"date":"2021-04-07T09:55:33","date_gmt":"2021-04-07T07:55:33","guid":{"rendered":"https:\/\/pizbube.ch\/?post_type=product&#038;p=156752"},"modified":"2021-04-07T10:15:59","modified_gmt":"2021-04-07T08:15:59","slug":"nicht-die-fuelle-nicht-idylle-nicht-der-berg-vorderglaernisch-bergportraet","status":"publish","type":"product","link":"https:\/\/pizbube.ch\/en\/shop\/nicht-die-fuelle-nicht-idylle-nicht-der-berg-vorderglaernisch-bergportraet\/","title":{"rendered":"Nicht die F\u00fclle nicht Idylle nicht der Berg &#8211; Vordergl\u00e4rnisch. Bergportr\u00e4t"},"content":{"rendered":"<p class=\"medium bold\">Wie klingt ein Berg? Formal \u00fcberaus vielf\u00e4ltig \u2013 vom Bergruf \u00fcber visuelle Poesie bis hin zu Gespr\u00e4chsprotokollen und Prosaminiaturen \u2013 portr\u00e4tiert der Glarner Autor und Komponist Claudio Landolt den Vordergl\u00e4rnisch. Die Texte sind gepr\u00e4gt von der Suche nach den klanglichen Qualit\u00e4ten der Sprache und inspiriert von Cut-Up-Techniken der Beatniks und Textcollagen der Surrealisten und Dadaisten. Landolt l\u00e4sst die Leser*innen teilhaben an seiner Erkundung des m\u00e4chtigen Bergmassivs, dessen verborgenen Winkeln, Schichten und Geschichten.<\/p>\n<p>Ausgangspunkt der 35-min\u00fctigen Klangcollage (Download-Code liegt dem Buch bei) sind unterschiedlichste Tonaufnahmen: von Luft- \u00fcber K\u00f6rperschallaufnahmen, Interviews mit AlpinistInnen, Geologen und Berg-h\u00fcttenbewohnern bis zur H\u00f6rbarmachung elektromagnetischer Felder und seismischer Wellen am und im Berg.<\/p>\n<p>\u201cNicht die F\u00fclle nicht Idylle nicht der Berg\u201d ist eine sinnlich-poetische Lese- und H\u00f6rreise, welche diesen Berg in den Glarner Alpen auf einzigartige Weise erfahrbar macht.<br \/>\nDas Nachwort stammt von Schriftsteller Peter Weber.<\/p>\n<p class=\"medium\">Mit Download-Code f\u00fcr Klangcollage<br \/>\nHardcover, Leinen, 84 Seiten<\/p>","protected":false},"excerpt":{"rendered":"<p>Wie klingt ein Berg? Formal \u00fcberaus vielf\u00e4ltig \u2013 vom Bergruf \u00fcber visuelle Poesie bis hin zu Gespr\u00e4chsprotokollen und Prosaminiaturen \u2013 portr\u00e4tiert der Glarner Autor und Komponist Claudio Landolt den Vordergl\u00e4rnisch. Die Texte sind gepr\u00e4gt von der Suche nach den klanglichen Qualit\u00e4ten der Sprache und inspiriert von Cut-Up-Techniken der Beatniks und Textcollagen der Surrealisten und Dadaisten. [&#8230;]\n","protected":false},"featured_media":156753,"template":"","meta":[],"product_brand":[],"product_cat":[21580],"product_tag":[],"class_list":{"0":"post-156752","1":"product","2":"type-product","3":"status-publish","4":"has-post-thumbnail","6":"product_cat-kunst-kultur","7":"pa_autor-landolt","8":"pa_erscheinungsjahr-25440","9":"pa_region-schweiz","10":"pa_sprache-de","12":"first","13":"instock","14":"taxable","15":"shipping-taxable","16":"purchasable","17":"product-type-simple"},"_links":{"self":[{"href":"https:\/\/pizbube.ch\/en\/wp-json\/wp\/v2\/product\/156752","targetHints":{"allow":["GET"]}}],"collection":[{"href":"https:\/\/pizbube.ch\/en\/wp-json\/wp\/v2\/product"}],"about":[{"href":"https:\/\/pizbube.ch\/en\/wp-json\/wp\/v2\/types\/product"}],"wp:featuredmedia":[{"embeddable":true,"href":"https:\/\/pizbube.ch\/en\/wp-json\/wp\/v2\/media\/156753"}],"wp:attachment":[{"href":"https:\/\/pizbube.ch\/en\/wp-json\/wp\/v2\/media?parent=156752"}],"wp:term":[{"taxonomy":"product_brand","embeddable":true,"href":"https:\/\/pizbube.ch\/en\/wp-json\/wp\/v2\/product_brand?post=156752"},{"taxonomy":"product_cat","embeddable":true,"href":"https:\/\/pizbube.ch\/en\/wp-json\/wp\/v2\/product_cat?post=156752"},{"taxonomy":"product_tag","embeddable":true,"href":"https:\/\/pizbube.ch\/en\/wp-json\/wp\/v2\/product_tag?post=156752"}],"curies":[{"name":"wp","href":"https:\/\/api.w.org\/{rel}","templated":true}]}}