{"id":156814,"date":"2021-04-09T10:36:18","date_gmt":"2021-04-09T08:36:18","guid":{"rendered":"https:\/\/pizbube.ch\/?post_type=product&#038;p=156814"},"modified":"2025-09-04T12:31:29","modified_gmt":"2025-09-04T10:31:29","slug":"schweiz-plaisir-ost-kopie","status":"publish","type":"product","link":"https:\/\/pizbube.ch\/en\/shop\/schweiz-plaisir-ost-kopie\/","title":{"rendered":"Schweiz plaisir OST"},"content":{"rendered":"<p>Der neue \u00abSchweiz plaisir OST\u00bb bietet gen\u00fcgend Stoff f\u00fcr ein ganzes Kletterleben.<br \/>\nEgal ob Anf\u00e4nger oder K\u00f6nner, zu zweit oder mit der Familie, kurz oder lang, Sommer oder Winter, es ist f\u00fcr jede und jeden sowie f\u00fcr alle Jahreszeiten und Vorlieben ein passendes Gebiet zu finden.<br \/>\n\u00abplaisir OST\u00bb startet im Melchtal mit seinem griffigen, quergeb\u00e4nderten Kalk. Weiter geht\u2019s durch die Zentralschweiz ins Sarganserland und nach Graub\u00fcnden.<br \/>\nFantastische Kalk- und Granitklettereien erwarten dich in dieser sch\u00f6nen Gegend. Weiter n\u00f6rdlich lockt der Alpstein mit kompakten W\u00e4nden.<br \/>\nSchliesslich machen wir einen Abstecher ins benachbarte Tirol, wo Plaisirklettern mittlerweile Tradition ist.<\/p>\n<p>\u00abSchweiz plaisir OST\u00bb h\u00e4lt f\u00fcr (fast) jedes Kletterherz und jede Jahreszeit das passende Gebiet bereit. Im Winter und Fr\u00fchling sind die Kletterg\u00e4rten<br \/>\noberhalb Gersau oder der Klettergarten in Haldenstein einen Besuch wert. Im Sommer und Herbst werden die h\u00f6her gelegenen, teilweise alpinen Gebiete<br \/>\naktuell. L\u00e4ngst bekannt und beliebt sind die Klettereien auf dem Susten-, Furka- oder Klausenpass.<\/p>\n<p>4-farbig, 432 Seiten, 77 Gebiete<br \/>\nFormat: 12.0 x 18.5 cm<br \/>\nSprachen: D, F, E<\/p>\n<p>Gr\u00e2ce \u00e0 \u00abSchweiz Plaisir OST\u00bb vous trouverez des sites adapt\u00e9s \u00e0 chaque saison<br \/>\nqui sauront combler (presque) tous les grimpeurs. Les jardins d\u2019escalade au-<br \/>\ndessus de Gersau ou \u00e0 Haldenstein sont parfaitement adapt\u00e9s \u00e0 l\u2019hiver et au<br \/>\nprintemps. En \u00e9t\u00e9 et en automne on se dirigera plus facilement vers les sites<br \/>\nplus en altitude. Les sites d\u2019escalade populaires des cols du Susten, de la<br \/>\nFurka ou du Klausen ne sont plus \u00e0 pr\u00e9senter.<\/p>\n<p>Les voies fantastiques au lac Lunghin ou le site d\u2019\u00e9t\u00e9 avec des voies de<br \/>\nplusieurs longueurs au-dessus de la cabane Lindauer sont venus \u00e9tayer cette<br \/>\nnouvelle \u00e9dition. Tout comme le \u00abK\u00e4nzele\u00bb \u00e0 Bregenz et les sites d\u2019escalade<br \/>\nplaisir dans le \u00d6tztal. Le premier n\u2019est pas loin de la Suisse orientale et<br \/>\nvous attend avec des voies sur du conglom\u00e9rat. Le \u00d6tztal garantira des<br \/>\nvacances en famille r\u00e9ussies: les voies sont parfaitement \u00e9quip\u00e9es, le rocher<br \/>\nd\u2019une solidit\u00e9 \u00e0 toute \u00e9preuve et le terrain au pied des voies souvent plat.<br \/>\nDe plus, on y trouvera toujours un site au frais pour pouvoir grimper m\u00eame les<br \/>\njours de canicule.<\/p>\n<p>\u201cSwitzerland Plaisir EAST\u201d has something for (practically) everyone and<br \/>\nsomething for every season. The crags above Gersau and at Haldenstein are very<br \/>\nworthwhile visits in winter and spring. In summer and fall, the higher up<br \/>\nalmost alpine areas reach their peak climbing season. Long known and popular<br \/>\nare the routes on the Susten, Furka, and Klausen Passes.<\/p>\n<p>Newly included here are the fantastic routes on Lunghin Lake and the multi-<br \/>\npitch crags above the Lindauer Hut. \u201cK\u00e4nzele\u201d in Bregenz and the Plaisir areas<br \/>\nof Oetz Valley are new areas included here. \u201cK\u00e4nzele\u201d is easily reached from<br \/>\nEastern Switzerland and has a good selection of conglomerate climbs to choose<br \/>\nfrom. Predestined for the makings of a perfect family vacation in the Oetz<br \/>\nValley: Well protected routes, bomber rock quality, nice flat landings at the<br \/>\nbase of the routes. You can always find a nice cool place to climb here during<br \/>\nthe summer months.<\/p>","protected":false},"excerpt":{"rendered":"<p><strong>NEUAUFLAGE LAUT VERLAG SOMMER 2026<\/strong><\/p>","protected":false},"featured_media":156815,"template":"","meta":[],"product_brand":[],"product_cat":[21539],"product_tag":[],"class_list":{"0":"post-156814","1":"product","2":"type-product","3":"status-publish","4":"has-post-thumbnail","6":"product_cat-fuehrerliteratur-sportklettern-bouldern","7":"pa_autor-von-kaenel","8":"pa_erscheinungsjahr-25440","9":"pa_region-schweiz","10":"pa_sprache-de","12":"first","13":"outofstock","14":"taxable","15":"shipping-taxable","16":"purchasable","17":"product-type-simple"},"_links":{"self":[{"href":"https:\/\/pizbube.ch\/en\/wp-json\/wp\/v2\/product\/156814","targetHints":{"allow":["GET"]}}],"collection":[{"href":"https:\/\/pizbube.ch\/en\/wp-json\/wp\/v2\/product"}],"about":[{"href":"https:\/\/pizbube.ch\/en\/wp-json\/wp\/v2\/types\/product"}],"wp:featuredmedia":[{"embeddable":true,"href":"https:\/\/pizbube.ch\/en\/wp-json\/wp\/v2\/media\/156815"}],"wp:attachment":[{"href":"https:\/\/pizbube.ch\/en\/wp-json\/wp\/v2\/media?parent=156814"}],"wp:term":[{"taxonomy":"product_brand","embeddable":true,"href":"https:\/\/pizbube.ch\/en\/wp-json\/wp\/v2\/product_brand?post=156814"},{"taxonomy":"product_cat","embeddable":true,"href":"https:\/\/pizbube.ch\/en\/wp-json\/wp\/v2\/product_cat?post=156814"},{"taxonomy":"product_tag","embeddable":true,"href":"https:\/\/pizbube.ch\/en\/wp-json\/wp\/v2\/product_tag?post=156814"}],"curies":[{"name":"wp","href":"https:\/\/api.w.org\/{rel}","templated":true}]}}