{"id":156829,"date":"2021-04-10T10:08:23","date_gmt":"2021-04-10T08:08:23","guid":{"rendered":"https:\/\/pizbube.ch\/?post_type=product&#038;p=156829"},"modified":"2025-06-05T09:07:16","modified_gmt":"2025-06-05T07:07:16","slug":"bosnien-und-herzegowina-50-touren","status":"publish","type":"product","link":"https:\/\/pizbube.ch\/en\/shop\/bosnien-und-herzegowina-50-touren\/","title":{"rendered":"Bosnien und Herzegowina &#8211; Der S\u00fcden &#8211; 50 Touren auf dem wilden Balkan"},"content":{"rendered":"<p><span class=\"value\">Bosnien und Herzegowina \u2013 ein unber\u00fchrtes Wanderparadies. Beeindruckende Hocht\u00e4ler, raue Steppen und markante Karstfelsen wechseln sich mit \u00fcppiger Vegetation ab. Die Landschaft erinnert an Szenen aus einem Winnetou-Film, w\u00e4hrend die kulturelle Vielfalt von Orient und Okzident \u00fcberall sp\u00fcrbar ist. 50 sorgf\u00e4ltig ausgew\u00e4hlte Wanderungen im Rother Wanderf\u00fchrer \u00bbBosnien und Herzegowina\u00ab lassen den wilden Balkan entdecken.<\/span><\/p>\n<p>Abseits der ausgetretenen Pfade f\u00fchren die Wanderungen durch die unber\u00fchrte Bergwelt von Bosnien und Herzegowina \u2013 perfekt f\u00fcr Abenteurer und Naturfreunde. Schroffe Gipfel, tiefe Schluchten, abgelegene Seen und rauschende Wasserf\u00e4lle: Jede Wanderung bietet neue H\u00f6hepunkte. Ob entspannte Halbtageswanderungen oder anspruchsvolle Mehrtagestouren, f\u00fcr jedes Level ist etwas dabei.<\/p>\n<p>Auf den Wanderungen trifft man nicht nur auf atemberaubende Natur, sondern auch auf die herzliche Gastfreundschaft der Einheimischen. In abgelegenen Bergd\u00f6rfern begegnet man Hirten und Kleinbauern, die ihre Kultur und Geschichte mit Freude teilen. Das Dinarische Gebirge dominiert das Landschaftsbild \u2013 von der mediterranen, sonnenverw\u00f6hnten Herzegowina bis zu den wasserreichen, gr\u00fcnen Bergen Bosniens. Und auch wenn der h\u00f6chste Berg \u00bbnur\u00ab knapp 2.400 Meter misst, bieten sich ambitionierte Gebirgswanderungen genauso wie entspannte Touren durch sanfte Landschaften.<\/p>\n<p>Jede Wanderung wird in diesem Rother Wanderf\u00fchrer detailliert beschrieben \u2013 mit zuverl\u00e4ssigen Routeninfos, detaillierten Karten und pr\u00e4zisen H\u00f6henprofilen. Gepr\u00fcfte GPS-Tracks zum Download garantieren eine sichere Orientierung in der Wildnis. Praktische Hinweise zu Startpunkten, Einkehrm\u00f6glichkeiten und Sehensw\u00fcrdigkeiten machen die Tourenplanung einfach und \u00fcbersichtlich.<\/p>\n<p>&nbsp;<\/p>\n<p>2. Auflage 2025<br \/>\n224 Seiten mit 129 Farbabbildungen<br \/>\n50 H\u00f6henprofile, 55 Wanderk\u00e4rtchen im Ma\u00dfstab 1:50.000\/1:75.000\/1:100.000, zwei \u00dcbersichtskarten, GPS-Tracks zum Download<br \/>\nFormat 11,5 x 16,5 cm<br \/>\nKartoniert mit Polytex-Laminierung<\/p>","protected":false},"excerpt":{"rendered":"<p>Bosnien und Herzegowina \u2013 ein unber\u00fchrtes Wanderparadies. Beeindruckende Hocht\u00e4ler, raue Steppen und markante Karstfelsen wechseln sich mit \u00fcppiger Vegetation ab. Die Landschaft erinnert an Szenen aus einem Winnetou-Film, w\u00e4hrend die kulturelle Vielfalt von Orient und Okzident \u00fcberall sp\u00fcrbar ist. 50 sorgf\u00e4ltig ausgew\u00e4hlte Wanderungen im Rother Wanderf\u00fchrer \u00bbBosnien und Herzegowina\u00ab lassen den wilden Balkan entdecken. Abseits [&#8230;]\n","protected":false},"featured_media":179946,"template":"","meta":[],"product_brand":[],"product_cat":[21605],"product_tag":[],"class_list":{"0":"post-156829","1":"product","2":"type-product","3":"status-publish","4":"has-post-thumbnail","6":"product_cat-wanderfuehrer-trekking","7":"pa_autor-spandler","8":"pa_erscheinungsjahr-27415","9":"pa_region-osteuropa","10":"pa_sprache-de","12":"first","13":"instock","14":"taxable","15":"shipping-taxable","16":"purchasable","17":"product-type-simple"},"_links":{"self":[{"href":"https:\/\/pizbube.ch\/en\/wp-json\/wp\/v2\/product\/156829","targetHints":{"allow":["GET"]}}],"collection":[{"href":"https:\/\/pizbube.ch\/en\/wp-json\/wp\/v2\/product"}],"about":[{"href":"https:\/\/pizbube.ch\/en\/wp-json\/wp\/v2\/types\/product"}],"wp:featuredmedia":[{"embeddable":true,"href":"https:\/\/pizbube.ch\/en\/wp-json\/wp\/v2\/media\/179946"}],"wp:attachment":[{"href":"https:\/\/pizbube.ch\/en\/wp-json\/wp\/v2\/media?parent=156829"}],"wp:term":[{"taxonomy":"product_brand","embeddable":true,"href":"https:\/\/pizbube.ch\/en\/wp-json\/wp\/v2\/product_brand?post=156829"},{"taxonomy":"product_cat","embeddable":true,"href":"https:\/\/pizbube.ch\/en\/wp-json\/wp\/v2\/product_cat?post=156829"},{"taxonomy":"product_tag","embeddable":true,"href":"https:\/\/pizbube.ch\/en\/wp-json\/wp\/v2\/product_tag?post=156829"}],"curies":[{"name":"wp","href":"https:\/\/api.w.org\/{rel}","templated":true}]}}