{"id":156835,"date":"2021-04-10T10:41:10","date_gmt":"2021-04-10T08:41:10","guid":{"rendered":"https:\/\/pizbube.ch\/?post_type=product&#038;p=156835"},"modified":"2024-09-25T11:49:27","modified_gmt":"2024-09-25T09:49:27","slug":"pindosgebirge-mit-meteora","status":"publish","type":"product","link":"https:\/\/pizbube.ch\/en\/shop\/pindosgebirge-mit-meteora\/","title":{"rendered":"Pindosgebirge mit Meteora"},"content":{"rendered":"<p>Wer Griechenland mit blauem Meer und wei\u00dfen Inseln verbindet, liegt zun\u00e4chst nicht falsch \u2013 aber dann eben doch! Drei Viertel Griechenlands sind n\u00e4mlich Gebirge. Und auch diese Regionen sind unbedingt einen Besuch wert. In eine der interessantesten Gebirgsgruppen Griechenlands entf\u00fchrt der Rother Wanderf\u00fchrer \u00bbPindosgebirge\u00ab.<\/p>\n<p>Der Pindos erstreckt sich gro\u00dfz\u00fcgig in Nordgriechenland. In einigen Regionen dieses Gebirges haben Wandern und Bergsteigen eine lange Tradition. Die Gebiete um die Astrakah\u00fctte und den Smolikas, den zweith\u00f6chsten Berg Griechenlands, sind gut erschlossen, doch auf keinen Fall \u00fcberlaufen. Auf vielen Wanderungen im Pindos trifft man tagelang keine Menschen. Spektakul\u00e4r ist die Vikosschlucht \u2013 ber\u00fchmt ist sie als tiefste Schlucht der Welt. Herrlich sind auch die vielen historischen Orte und Steinbr\u00fccken, die man auf den Wanderungen passiert. Beeindruckend ist auch Meteora, das am Rande des Pindosgebirges liegt und unbedingt einen Abstecher wert ist. Wie Vogelnester \u00bbkleben\u00ab die Klostergeb\u00e4ude an den senkrechten Felst\u00fcrmen.<\/p>\n<p>Das Autorenpaar Janina und Markus Meier haben in diesem Rother Wanderf\u00fchrer 52 Gebirgstouren zusammengestellt, die teilweise alpine Erfahrung und Orientierungsverm\u00f6gen voraussetzen. Die meisten Touren sind jedoch einfach bis mittelschwer und lassen sich bestens in den Griechenland-Urlaub integrieren.<\/p>\n<p>Sorgf\u00e4ltig recherchierte Wanderstrecken, verl\u00e4ssliche Wegbeschreibungen, detaillierte Informationen zu den Anforderungen sowie aussagekr\u00e4ftige H\u00f6henprofile und detaillierte Kartenausschnitte machen alle Tourenvorschl\u00e4ge leicht und sicher nachvollziehbar. Erg\u00e4nzend stehen GPS-Daten zum Download bereit. Zahlreiche Fotos stimmen auf ein erlebnisreiches Wandern ein.<\/p>\n<p>2. Auflage 2024<br \/>\n216 Seiten mit 173 Farbabbildungen<br \/>\n52 H\u00f6henprofile, 52 Wanderk\u00e4rtchen im Ma\u00dfstab 1:50.000 und 1:75.000, zwei \u00dcbersichtskarten im Ma\u00dfstab 1:900.000 und 1:1.500.000, GPS-Tracks zum Download<br \/>\nFormat 11,5 x 16,5 cm<\/p>","protected":false},"excerpt":{"rendered":"<ul>\n<li>PDF <a href=\"https:\/\/pizbube.ch\/wp-content\/uploads\/2021\/04\/Inhaltsverzeichnis_Pindosgebirge.pdf\" target=\"_blank\" rel=\"noopener\">Inhaltsverzeichnis_Pindosgebirge<\/a><\/li>\n<\/ul>","protected":false},"featured_media":156836,"template":"","meta":[],"product_brand":[],"product_cat":[21605],"product_tag":[],"class_list":{"0":"post-156835","1":"product","2":"type-product","3":"status-publish","4":"has-post-thumbnail","6":"product_cat-wanderfuehrer-trekking","7":"pa_autor-meier","8":"pa_erscheinungsjahr-27339","9":"pa_region-griechenland","10":"pa_sprache-de","12":"first","13":"instock","14":"taxable","15":"shipping-taxable","16":"purchasable","17":"product-type-simple"},"_links":{"self":[{"href":"https:\/\/pizbube.ch\/en\/wp-json\/wp\/v2\/product\/156835","targetHints":{"allow":["GET"]}}],"collection":[{"href":"https:\/\/pizbube.ch\/en\/wp-json\/wp\/v2\/product"}],"about":[{"href":"https:\/\/pizbube.ch\/en\/wp-json\/wp\/v2\/types\/product"}],"wp:featuredmedia":[{"embeddable":true,"href":"https:\/\/pizbube.ch\/en\/wp-json\/wp\/v2\/media\/156836"}],"wp:attachment":[{"href":"https:\/\/pizbube.ch\/en\/wp-json\/wp\/v2\/media?parent=156835"}],"wp:term":[{"taxonomy":"product_brand","embeddable":true,"href":"https:\/\/pizbube.ch\/en\/wp-json\/wp\/v2\/product_brand?post=156835"},{"taxonomy":"product_cat","embeddable":true,"href":"https:\/\/pizbube.ch\/en\/wp-json\/wp\/v2\/product_cat?post=156835"},{"taxonomy":"product_tag","embeddable":true,"href":"https:\/\/pizbube.ch\/en\/wp-json\/wp\/v2\/product_tag?post=156835"}],"curies":[{"name":"wp","href":"https:\/\/api.w.org\/{rel}","templated":true}]}}