{"id":156840,"date":"2021-04-10T11:59:10","date_gmt":"2021-04-10T09:59:10","guid":{"rendered":"https:\/\/pizbube.ch\/?post_type=product&#038;p=156840"},"modified":"2021-04-10T12:09:01","modified_gmt":"2021-04-10T10:09:01","slug":"landeskarte-der-schweiz-11million","status":"publish","type":"product","link":"https:\/\/pizbube.ch\/en\/shop\/landeskarte-der-schweiz-11million\/","title":{"rendered":"Landeskarte der Schweiz 1:1Million"},"content":{"rendered":"<p>Die Schweiz und das benachbarte Ausland von Lyon bis Salzburg und von Strassburg bis Genua auf einer handlichen \u00dcbersichtskarte!<\/p>\n<p>Ob f\u00fcr Reisende, Entdecker oder geografisch Interessierte \u2013 dank der Karte geht der \u00dcberblick nicht verloren.<\/p>\n<ul>\n<li>Deutliche Darstellung der Gel\u00e4ndestruktur dank anschaulichem Relief.<\/li>\n<li>Abbildung der Gletscher.<\/li>\n<li>\u00fcbersichtliche Darstellung der wichtigen Verkehrsachsen.<\/li>\n<li>Auswahl der wichtigsten Ortschaften.<\/li>\n<li>Die Schweiz und das benachbarte Ausland handlich auf einem Blatt.<\/li>\n<li>Zwei \u00dcbersichtskarten mit Bezeichnung der L\u00e4nder, Kantone und weiteren administrativen Einheiten.<\/li>\n<li>Gefalzt und ungefalzt lieferbar.<\/li>\n<\/ul>","protected":false},"excerpt":{"rendered":"<p>Die Schweiz und das benachbarte Ausland von Lyon bis Salzburg und von Strassburg bis Genua auf einer handlichen \u00dcbersichtskarte! Ob f\u00fcr Reisende, Entdecker oder geografisch Interessierte \u2013 dank der Karte geht der \u00dcberblick nicht verloren. Deutliche Darstellung der Gel\u00e4ndestruktur dank anschaulichem Relief. Abbildung der Gletscher. \u00fcbersichtliche Darstellung der wichtigen Verkehrsachsen. Auswahl der wichtigsten Ortschaften. Die [&#8230;]\n","protected":false},"featured_media":156841,"template":"","meta":[],"product_brand":[],"product_cat":[21543],"product_tag":[26835],"class_list":{"0":"post-156840","1":"product","2":"type-product","3":"status-publish","4":"has-post-thumbnail","6":"product_cat-landkarten","7":"product_tag-landeskarte-der-schweiz-11000000","8":"pa_autor-landestopografie-swisstopo-2","9":"pa_erscheinungsjahr-21586","10":"pa_region-schweiz","11":"pa_sprache-de-fr-it","13":"first","14":"instock","15":"taxable","16":"shipping-taxable","17":"purchasable","18":"product-type-simple"},"_links":{"self":[{"href":"https:\/\/pizbube.ch\/en\/wp-json\/wp\/v2\/product\/156840","targetHints":{"allow":["GET"]}}],"collection":[{"href":"https:\/\/pizbube.ch\/en\/wp-json\/wp\/v2\/product"}],"about":[{"href":"https:\/\/pizbube.ch\/en\/wp-json\/wp\/v2\/types\/product"}],"wp:featuredmedia":[{"embeddable":true,"href":"https:\/\/pizbube.ch\/en\/wp-json\/wp\/v2\/media\/156841"}],"wp:attachment":[{"href":"https:\/\/pizbube.ch\/en\/wp-json\/wp\/v2\/media?parent=156840"}],"wp:term":[{"taxonomy":"product_brand","embeddable":true,"href":"https:\/\/pizbube.ch\/en\/wp-json\/wp\/v2\/product_brand?post=156840"},{"taxonomy":"product_cat","embeddable":true,"href":"https:\/\/pizbube.ch\/en\/wp-json\/wp\/v2\/product_cat?post=156840"},{"taxonomy":"product_tag","embeddable":true,"href":"https:\/\/pizbube.ch\/en\/wp-json\/wp\/v2\/product_tag?post=156840"}],"curies":[{"name":"wp","href":"https:\/\/api.w.org\/{rel}","templated":true}]}}