{"id":156867,"date":"2021-04-14T10:07:50","date_gmt":"2021-04-14T08:07:50","guid":{"rendered":"https:\/\/pizbube.ch\/?post_type=product&#038;p=156867"},"modified":"2021-04-14T12:37:20","modified_gmt":"2021-04-14T10:37:20","slug":"alpenpflanzen-einfach-bestimmen","status":"publish","type":"product","link":"https:\/\/pizbube.ch\/en\/shop\/alpenpflanzen-einfach-bestimmen\/","title":{"rendered":"Alpenpflanzen einfach bestimmen"},"content":{"rendered":"<p>Pflanzen zu bestimmen, ist gar nicht so schwierig &#8211; vorausgesetzt, man hat das richtige Werkzeug zur Hand. Mit diesem f\u00fcr den Einstieg konzipierten Bestimmungsbuch k\u00f6nnen 700 Pflanzenarten der Alpen schnell und zuverl\u00e4ssig bestimmt werden.<\/p>\n<p>Von Merkmal zu Merkmal f\u00fchrt der Bestimmungspfad zur gesuchten Art. Dabei verzichtet der Autor bewusst auf sperrige Fachbegriffe und schwierige Merkmale, damit auch Laien gut ans Ziel kommen. Zeichnungen veranschaulichen die Merkmale und unterst\u00fctzen die Entscheide.<\/p>\n<p>Der in der Praxis erprobte Bestimmungsschl\u00fcssel vermittelt grundlegendes Wissen zur Systematik der Pflanzen und portr\u00e4tiert s\u00e4mtliche Arten mit Angaben zu ihrer Biologie und Verwendung sowie mit aussagekr\u00e4ftigen Fotos.<\/p>\n<p>1. Auflage 2021<br \/>\n416 Seiten, 850 Farbfotos, \u00fcber 180 Zeichnungen<br \/>\nFlexobroschur<\/p>","protected":false},"excerpt":{"rendered":"<p>Pflanzen zu bestimmen, ist gar nicht so schwierig &#8211; vorausgesetzt, man hat das richtige Werkzeug zur Hand. Mit diesem f\u00fcr den Einstieg konzipierten Bestimmungsbuch k\u00f6nnen 700 Pflanzenarten der Alpen schnell und zuverl\u00e4ssig bestimmt werden. Von Merkmal zu Merkmal f\u00fchrt der Bestimmungspfad zur gesuchten Art. Dabei verzichtet der Autor bewusst auf sperrige Fachbegriffe und schwierige Merkmale, [&#8230;]\n","protected":false},"featured_media":156868,"template":"","meta":[],"product_brand":[],"product_cat":[21538],"product_tag":[],"class_list":{"0":"post-156867","1":"product","2":"type-product","3":"status-publish","4":"has-post-thumbnail","6":"product_cat-lehrbuecher","7":"pa_autor-kammer","8":"pa_erscheinungsjahr-25440","9":"pa_region-fauna-flora-geologie-glaziologie","10":"pa_sprache-de","12":"first","13":"instock","14":"taxable","15":"shipping-taxable","16":"purchasable","17":"product-type-simple"},"_links":{"self":[{"href":"https:\/\/pizbube.ch\/en\/wp-json\/wp\/v2\/product\/156867","targetHints":{"allow":["GET"]}}],"collection":[{"href":"https:\/\/pizbube.ch\/en\/wp-json\/wp\/v2\/product"}],"about":[{"href":"https:\/\/pizbube.ch\/en\/wp-json\/wp\/v2\/types\/product"}],"wp:featuredmedia":[{"embeddable":true,"href":"https:\/\/pizbube.ch\/en\/wp-json\/wp\/v2\/media\/156868"}],"wp:attachment":[{"href":"https:\/\/pizbube.ch\/en\/wp-json\/wp\/v2\/media?parent=156867"}],"wp:term":[{"taxonomy":"product_brand","embeddable":true,"href":"https:\/\/pizbube.ch\/en\/wp-json\/wp\/v2\/product_brand?post=156867"},{"taxonomy":"product_cat","embeddable":true,"href":"https:\/\/pizbube.ch\/en\/wp-json\/wp\/v2\/product_cat?post=156867"},{"taxonomy":"product_tag","embeddable":true,"href":"https:\/\/pizbube.ch\/en\/wp-json\/wp\/v2\/product_tag?post=156867"}],"curies":[{"name":"wp","href":"https:\/\/api.w.org\/{rel}","templated":true}]}}