{"id":156891,"date":"2021-04-15T10:48:18","date_gmt":"2021-04-15T08:48:18","guid":{"rendered":"https:\/\/pizbube.ch\/?post_type=product&#038;p=156891"},"modified":"2021-04-21T15:29:22","modified_gmt":"2021-04-21T13:29:22","slug":"erzbloc","status":"publish","type":"product","link":"https:\/\/pizbube.ch\/en\/shop\/erzbloc\/","title":{"rendered":"Erzbloc"},"content":{"rendered":"<div id=\"ProductInfoTabs\" class=\"ui-tabs ui-widget ui-widget-content ui-corner-all epProductInfoTabs ep-js\" data-js=\"\">\n<p>Boulderf\u00fchrer Erzgebirge \/ Chemnitztal \/ Vogtland<\/p>\n<p>Das Buch ist der erste Boulderf\u00fchrer, den es \u00fcberhaupt f\u00fcr das Erzgebirge gibt. Das Chemnitztal, welches fr\u00fcher in einem eigenen F\u00fchrer ver\u00f6ffentlicht worden war, wurde mithilfe des Teams des bisherigen Chemitztalf\u00fchrers in den Erzbloc integriert. Au\u00dferdem wird auch das Vogtland mit dem umfangreichen Burgsteingebiet vorgestellt. Insgesamt ist der F\u00fchrer das Werk der regionalen Bouldercommunity, dessen vielen Akteuren wir auch an dieser Stelle noch einmal f\u00fcr die tatkr\u00e4ftige und manchmal auch zeitraubende Unterst\u00fctzung danken wollen!<\/p>\n<p>400 Seiten, DINA-5 Querformat, Farbtopofotos, Karten, detailierte Beschreibungen, GPS Daten, Comics, Kletterfotos, Geschichten am Rande und vieles mehr.<br \/>\nAutoren: Robin Berg, Viktor Bauch, Gerald Krug<\/p>\n<\/div>","protected":false},"excerpt":{"rendered":"<p>Boulderf\u00fchrer Erzgebirge \/ Chemnitztal \/ Vogtland Das Buch ist der erste Boulderf\u00fchrer, den es \u00fcberhaupt f\u00fcr das Erzgebirge gibt. Das Chemnitztal, welches fr\u00fcher in einem eigenen F\u00fchrer ver\u00f6ffentlicht worden war, wurde mithilfe des Teams des bisherigen Chemitztalf\u00fchrers in den Erzbloc integriert. Au\u00dferdem wird auch das Vogtland mit dem umfangreichen Burgsteingebiet vorgestellt. Insgesamt ist der F\u00fchrer [&#8230;]\n","protected":false},"featured_media":156892,"template":"","meta":[],"product_brand":[],"product_cat":[21539],"product_tag":[26839],"class_list":{"0":"post-156891","1":"product","2":"type-product","3":"status-publish","4":"has-post-thumbnail","6":"product_cat-fuehrerliteratur-sportklettern-bouldern","7":"product_tag-erzblock","8":"pa_autor-berg-bauch-krug","9":"pa_erscheinungsjahr-25440","10":"pa_region-deutschland","11":"pa_sprache-de","13":"first","14":"onbackorder","15":"taxable","16":"shipping-taxable","17":"purchasable","18":"product-type-simple"},"_links":{"self":[{"href":"https:\/\/pizbube.ch\/en\/wp-json\/wp\/v2\/product\/156891","targetHints":{"allow":["GET"]}}],"collection":[{"href":"https:\/\/pizbube.ch\/en\/wp-json\/wp\/v2\/product"}],"about":[{"href":"https:\/\/pizbube.ch\/en\/wp-json\/wp\/v2\/types\/product"}],"wp:featuredmedia":[{"embeddable":true,"href":"https:\/\/pizbube.ch\/en\/wp-json\/wp\/v2\/media\/156892"}],"wp:attachment":[{"href":"https:\/\/pizbube.ch\/en\/wp-json\/wp\/v2\/media?parent=156891"}],"wp:term":[{"taxonomy":"product_brand","embeddable":true,"href":"https:\/\/pizbube.ch\/en\/wp-json\/wp\/v2\/product_brand?post=156891"},{"taxonomy":"product_cat","embeddable":true,"href":"https:\/\/pizbube.ch\/en\/wp-json\/wp\/v2\/product_cat?post=156891"},{"taxonomy":"product_tag","embeddable":true,"href":"https:\/\/pizbube.ch\/en\/wp-json\/wp\/v2\/product_tag?post=156891"}],"curies":[{"name":"wp","href":"https:\/\/api.w.org\/{rel}","templated":true}]}}