{"id":156936,"date":"2021-04-17T12:57:22","date_gmt":"2021-04-17T10:57:22","guid":{"rendered":"https:\/\/pizbube.ch\/?post_type=product&#038;p=156936"},"modified":"2021-06-15T12:56:12","modified_gmt":"2021-06-15T10:56:12","slug":"kletterfuehrer-haardt","status":"publish","type":"product","link":"https:\/\/pizbube.ch\/en\/shop\/kletterfuehrer-haardt\/","title":{"rendered":"Kletterf\u00fchrer Haardt"},"content":{"rendered":"<p>Die hier beschriebenen Kletterm\u00f6glichkeiten liegen allesamt am Ostrand des Pf\u00e4lzerwaldes, der so genannten Haardt zwischen Landau im S\u00fcden und Bad D\u00fcrkheim im Norden. Im Gegensatz zu den bekannten Felsen der S\u00fcdpfalz spielen sich die hiesigen Sandsteinklettereien ausnahmslos in ehemaligen Steinbr\u00fcchen ab.<\/p>\n<p>Dies bietet\u00a0 den Vorteil au\u00dferordentlich guter Felsqualit\u00e4t gepaart mit guter Absicherung.Im Wesentlichen finden sich Platten und senkrechte W\u00e4nde mit Lettenl\u00f6chern aber auch einige sch\u00f6ne Risse sowie Verschneidungen und Kanten. D\u00e4cher sucht man vergeblich. Die meisten Gebiete sind sehr schnell erreichbar und familienfreundlich.<\/p>\n<p>144 Seiten, liebevoll farbig gezeichnete Topos, Insiderinfos zu allen Routen (ggf. zur zus\u00e4tzlichen Absicherung),<br \/>\nviele Detail- und \u00dcbersichtskarten, viele Kletterfotos, Rissliste, GPS-Daten<\/p>","protected":false},"excerpt":{"rendered":"<p>Die hier beschriebenen Kletterm\u00f6glichkeiten liegen allesamt am Ostrand des Pf\u00e4lzerwaldes, der so genannten Haardt zwischen Landau im S\u00fcden und Bad D\u00fcrkheim im Norden. Im Gegensatz zu den bekannten Felsen der S\u00fcdpfalz spielen sich die hiesigen Sandsteinklettereien ausnahmslos in ehemaligen Steinbr\u00fcchen ab. Dies bietet\u00a0 den Vorteil au\u00dferordentlich guter Felsqualit\u00e4t gepaart mit guter Absicherung.Im Wesentlichen finden sich [&#8230;]\n","protected":false},"featured_media":156937,"template":"","meta":[],"product_brand":[],"product_cat":[21539],"product_tag":[],"class_list":{"0":"post-156936","1":"product","2":"type-product","3":"status-publish","4":"has-post-thumbnail","6":"product_cat-fuehrerliteratur-sportklettern-bouldern","7":"pa_autor-vogel","8":"pa_erscheinungsjahr-25440","9":"pa_region-deutschland","10":"pa_sprache-de","12":"first","13":"onbackorder","14":"taxable","15":"shipping-taxable","16":"purchasable","17":"product-type-simple"},"_links":{"self":[{"href":"https:\/\/pizbube.ch\/en\/wp-json\/wp\/v2\/product\/156936","targetHints":{"allow":["GET"]}}],"collection":[{"href":"https:\/\/pizbube.ch\/en\/wp-json\/wp\/v2\/product"}],"about":[{"href":"https:\/\/pizbube.ch\/en\/wp-json\/wp\/v2\/types\/product"}],"wp:featuredmedia":[{"embeddable":true,"href":"https:\/\/pizbube.ch\/en\/wp-json\/wp\/v2\/media\/156937"}],"wp:attachment":[{"href":"https:\/\/pizbube.ch\/en\/wp-json\/wp\/v2\/media?parent=156936"}],"wp:term":[{"taxonomy":"product_brand","embeddable":true,"href":"https:\/\/pizbube.ch\/en\/wp-json\/wp\/v2\/product_brand?post=156936"},{"taxonomy":"product_cat","embeddable":true,"href":"https:\/\/pizbube.ch\/en\/wp-json\/wp\/v2\/product_cat?post=156936"},{"taxonomy":"product_tag","embeddable":true,"href":"https:\/\/pizbube.ch\/en\/wp-json\/wp\/v2\/product_tag?post=156936"}],"curies":[{"name":"wp","href":"https:\/\/api.w.org\/{rel}","templated":true}]}}