{"id":156994,"date":"2021-04-21T14:23:59","date_gmt":"2021-04-21T12:23:59","guid":{"rendered":"https:\/\/pizbube.ch\/?post_type=product&#038;p=156994"},"modified":"2021-07-21T18:14:26","modified_gmt":"2021-07-21T16:14:26","slug":"le-roman-des-guides","status":"publish","type":"product","link":"https:\/\/pizbube.ch\/en\/shop\/le-roman-des-guides\/","title":{"rendered":"Le roman des guides"},"content":{"rendered":"<p>L&#8217;histoire d&#8217;un m\u00e9tier n\u00e9 sur les pentes du mont Blanc, racont\u00e9e \u00e0 l&#8217;occasion des 200 ans de la Compagnie des guides de Chamonix par un enfant du pays.<\/p>\n<div class=\"column-50\">\n<p>\u00c0 l\u2019\u00e9t\u00e9 1821, apr\u00e8s la mort de trois de ses guides pr\u00e8s du sommet du mont Blanc, Chamonix d\u00e9cide de rompre avec l\u2019anarchie qui mine la profession et cr\u00e9e une Compagnie des guides bient\u00f4t c\u00e9l\u00e8bre. Depuis deux si\u00e8cles, ses membres hauts en couleur sont rest\u00e9s \u00e0 la pointe des exploits et des \u00e9volutions de l\u2019alpinisme, exportant leur savoir-faire dans le monde entier.<\/p>\n<p>Fils de guide, Gilles Chappaz raconte cette histoire en 30 dates cl\u00e9s, \u00e0 la fois de l\u2019int\u00e9rieur et avec le recul de l\u2019\u00e9crivain.<\/p>\n<\/div>\n<div class=\"column-50\">\n<p>Format (Taille): 23 x 23 cm<br \/>\nNombre de pages: 384<br \/>\nNombre d&#8217;ilustrations: 409<\/p>\n<\/div>","protected":false},"excerpt":{"rendered":"<p>L&#8217;histoire d&#8217;un m\u00e9tier n\u00e9 sur les pentes du mont Blanc, racont\u00e9e \u00e0 l&#8217;occasion des 200 ans de la Compagnie des guides de Chamonix par un enfant du pays. \u00c0 l\u2019\u00e9t\u00e9 1821, apr\u00e8s la mort de trois de ses guides pr\u00e8s du sommet du mont Blanc, Chamonix d\u00e9cide de rompre avec l\u2019anarchie qui mine la profession [&#8230;]\n","protected":false},"featured_media":156995,"template":"","meta":[],"product_brand":[],"product_cat":[21542],"product_tag":[],"class_list":{"0":"post-156994","1":"product","2":"type-product","3":"status-publish","4":"has-post-thumbnail","6":"product_cat-sachbuecher-dokumentationen","7":"pa_autor-chappaz","8":"pa_erscheinungsjahr-25440","9":"pa_region-frankreich","10":"pa_sprache-fr","12":"first","13":"onbackorder","14":"taxable","15":"shipping-taxable","16":"purchasable","17":"product-type-simple"},"_links":{"self":[{"href":"https:\/\/pizbube.ch\/en\/wp-json\/wp\/v2\/product\/156994","targetHints":{"allow":["GET"]}}],"collection":[{"href":"https:\/\/pizbube.ch\/en\/wp-json\/wp\/v2\/product"}],"about":[{"href":"https:\/\/pizbube.ch\/en\/wp-json\/wp\/v2\/types\/product"}],"wp:featuredmedia":[{"embeddable":true,"href":"https:\/\/pizbube.ch\/en\/wp-json\/wp\/v2\/media\/156995"}],"wp:attachment":[{"href":"https:\/\/pizbube.ch\/en\/wp-json\/wp\/v2\/media?parent=156994"}],"wp:term":[{"taxonomy":"product_brand","embeddable":true,"href":"https:\/\/pizbube.ch\/en\/wp-json\/wp\/v2\/product_brand?post=156994"},{"taxonomy":"product_cat","embeddable":true,"href":"https:\/\/pizbube.ch\/en\/wp-json\/wp\/v2\/product_cat?post=156994"},{"taxonomy":"product_tag","embeddable":true,"href":"https:\/\/pizbube.ch\/en\/wp-json\/wp\/v2\/product_tag?post=156994"}],"curies":[{"name":"wp","href":"https:\/\/api.w.org\/{rel}","templated":true}]}}