{"id":157021,"date":"2021-04-23T10:14:31","date_gmt":"2021-04-23T08:14:31","guid":{"rendered":"https:\/\/pizbube.ch\/?post_type=product&#038;p=157021"},"modified":"2021-04-23T10:38:02","modified_gmt":"2021-04-23T08:38:02","slug":"zurueck-in-die-berge","status":"publish","type":"product","link":"https:\/\/pizbube.ch\/en\/shop\/zurueck-in-die-berge\/","title":{"rendered":"Zur\u00fcck in die Berge"},"content":{"rendered":"<p>Zur\u00fcck zur Natur: Bergsteigen f\u00fcr die Seele<\/p>\n<p><b><\/b>Die Alpen sind vollst\u00e4ndig erschlossen, kein Gipfel ist unber\u00fchrt geblieben: Ergibt Alpinsport unter diesen Voraussetzungen noch Sinn? Bereits vor f\u00fcnfzig Jahren stellte sich der ber\u00fchmte Bergsteiger Reinhold Messner erstmals diese Frage \u2013 und die Antwort darauf hat sich im Wesentlichen nicht ver\u00e4ndert. Bergtouren, die Auseinandersetzung mit den eigenen Grenzen und die damit einhergehende Entschleunigung machen den Blick auf das Wesentliche frei. Das Ausbrechen aus einem immer hektischer werdenden Alltag in die atemberaubend sch\u00f6ne Natur schneebedeckter Gipfel wird immer sinnvoll sein \u2013 ob Erstbesteigung oder nicht, ist dabei g\u00e4nzlich nebens\u00e4chlich.<\/p>\n<p>\u00abDie Zukunft ist weit weg, die Vergangenheit vorbei, das Dasein ein Fest.\u00bb So beschreibt Reinhold Messner das Gef\u00fchl nach einem erfolgreichen Aufstieg. Dabei kommt es nicht darauf an, die h\u00f6chsten Berge der Welt als Erster oder Schnellster zu erklimmen, sondern auf das In-Sich-Hineinhorchen, das Eins werden mit der Natur.<\/p>\n<p>Ein Buch \u00fcber das Bergsteigen, geschrieben von einem der ber\u00fchmtesten Alpinisten unserer Zeit: ber\u00fchrende Gedichte, Beobachtungen und Aufzeichnungen, die den Gipfelst\u00fcrmer in uns allen ansprechen!<\/p>\n<p>&#8211; Aktualisierte Neuauflage des ersten von zahlreichen Reinhold Messner-B\u00fcchern<br \/>\n&#8211; Beeindruckende Fotografien aus der Welt der Berge<br \/>\n&#8211; Ein eindringliches Pl\u00e4doyer f\u00fcr den Alpinismus<br \/>\n&#8211; Einblicke in den Alpinsport als Lebensphilosophie<br \/>\n&#8211; Ideales Geschenk f\u00fcr Bergliebhaber<\/p>\n<p>144 Seiten \/ 120 mm x 200 mm<\/p>","protected":false},"excerpt":{"rendered":"<p>Zur\u00fcck zur Natur: Bergsteigen f\u00fcr die Seele Die Alpen sind vollst\u00e4ndig erschlossen, kein Gipfel ist unber\u00fchrt geblieben: Ergibt Alpinsport unter diesen Voraussetzungen noch Sinn? Bereits vor f\u00fcnfzig Jahren stellte sich der ber\u00fchmte Bergsteiger Reinhold Messner erstmals diese Frage \u2013 und die Antwort darauf hat sich im Wesentlichen nicht ver\u00e4ndert. Bergtouren, die Auseinandersetzung mit den eigenen [&#8230;]\n","protected":false},"featured_media":157022,"template":"","meta":[],"product_brand":[],"product_cat":[21542],"product_tag":[],"class_list":{"0":"post-157021","1":"product","2":"type-product","3":"status-publish","4":"has-post-thumbnail","6":"product_cat-sachbuecher-dokumentationen","7":"pa_autor-messner","8":"pa_erscheinungsjahr-25440","9":"pa_region-uebrigers-europa","10":"pa_sprache-de","12":"first","13":"instock","14":"taxable","15":"shipping-taxable","16":"purchasable","17":"product-type-simple"},"_links":{"self":[{"href":"https:\/\/pizbube.ch\/en\/wp-json\/wp\/v2\/product\/157021","targetHints":{"allow":["GET"]}}],"collection":[{"href":"https:\/\/pizbube.ch\/en\/wp-json\/wp\/v2\/product"}],"about":[{"href":"https:\/\/pizbube.ch\/en\/wp-json\/wp\/v2\/types\/product"}],"wp:featuredmedia":[{"embeddable":true,"href":"https:\/\/pizbube.ch\/en\/wp-json\/wp\/v2\/media\/157022"}],"wp:attachment":[{"href":"https:\/\/pizbube.ch\/en\/wp-json\/wp\/v2\/media?parent=157021"}],"wp:term":[{"taxonomy":"product_brand","embeddable":true,"href":"https:\/\/pizbube.ch\/en\/wp-json\/wp\/v2\/product_brand?post=157021"},{"taxonomy":"product_cat","embeddable":true,"href":"https:\/\/pizbube.ch\/en\/wp-json\/wp\/v2\/product_cat?post=157021"},{"taxonomy":"product_tag","embeddable":true,"href":"https:\/\/pizbube.ch\/en\/wp-json\/wp\/v2\/product_tag?post=157021"}],"curies":[{"name":"wp","href":"https:\/\/api.w.org\/{rel}","templated":true}]}}