{"id":157044,"date":"2021-04-23T17:33:01","date_gmt":"2021-04-23T15:33:01","guid":{"rendered":"https:\/\/pizbube.ch\/?post_type=product&#038;p=157044"},"modified":"2021-10-22T10:44:40","modified_gmt":"2021-10-22T08:44:40","slug":"auf-den-spuren-der-literatur-poetische-wanderungen-in-und-um-zuerich","status":"publish","type":"product","link":"https:\/\/pizbube.ch\/en\/shop\/auf-den-spuren-der-literatur-poetische-wanderungen-in-und-um-zuerich\/","title":{"rendered":"Auf den Spuren der Literatur \u2013 Poetische Wanderungen in und um Z\u00fcrich"},"content":{"rendered":"<p>Der Raum Z\u00fcrich mit seinen Landschaften hat Schriftstellerinnen und Schriftsteller seit je zu Gedichten und Texten inspiriert. Die schreibenden Frauen und M\u00e4nner bieten einmalige Gelegenheiten, wunderbare Orte und Ecken des Kantons Z\u00fcrich aus einem neuen Blickwinkel kennenzulernen. Im Zentrum stehen attraktive Wandertouren rund um die Stadt, den Z\u00fcrichsee sowie das Z\u00fcrcher Ober- und Unterland.<\/p>\n<p>\u00abAuf den Spuren der Literatur\u00bb stellt 20 K\u00fcnstlerinnen und K\u00fcnstler vom 18. Jahrhundert bis in die Gegenwart vor, unter anderem James Joyce, Masha Kal\u00e9ko, Thomas Mann, Ruth Schweikert oder Charles Lewinsky. Ob Spaziergang, sportliche Tour oder gar mit dem Velo \u2013 jeder Leser, jede Leserin findet unter den verschiedenen Varianten den passenden Ausflug. Wer lieber zu Hause im Buch st\u00f6bert, findet Portr\u00e4ts der literarischen Pers\u00f6nlichkeiten und konkrete Lesetipps aus ihrem Gesamtwerk.<\/p>\n<p>Autoren: Ursula Kohler, Katinka Ruffieux Sz\u00f6ke, Christian Baertschi<\/p>\n<p>372 Seiten, 14\u2009\u00d7\u200921 cm, gebunden, Softcover<\/p>\n<p>Mit 290 Abbildungen und Karten<\/p>","protected":false},"excerpt":{"rendered":"<p>Der Raum Z\u00fcrich mit seinen Landschaften hat Schriftstellerinnen und Schriftsteller seit je zu Gedichten und Texten inspiriert. Die schreibenden Frauen und M\u00e4nner bieten einmalige Gelegenheiten, wunderbare Orte und Ecken des Kantons Z\u00fcrich aus einem neuen Blickwinkel kennenzulernen. Im Zentrum stehen attraktive Wandertouren rund um die Stadt, den Z\u00fcrichsee sowie das Z\u00fcrcher Ober- und Unterland. \u00abAuf [&#8230;]\n","protected":false},"featured_media":157045,"template":"","meta":[],"product_brand":[],"product_cat":[21605],"product_tag":[],"class_list":{"0":"post-157044","1":"product","2":"type-product","3":"status-publish","4":"has-post-thumbnail","6":"product_cat-wanderfuehrer-trekking","7":"pa_autor-kohler-ruffieux-szoeke-baertschi","8":"pa_erscheinungsjahr-25440","9":"pa_region-schweiz","10":"pa_sprache-de","12":"first","13":"instock","14":"taxable","15":"shipping-taxable","16":"purchasable","17":"product-type-simple"},"_links":{"self":[{"href":"https:\/\/pizbube.ch\/en\/wp-json\/wp\/v2\/product\/157044","targetHints":{"allow":["GET"]}}],"collection":[{"href":"https:\/\/pizbube.ch\/en\/wp-json\/wp\/v2\/product"}],"about":[{"href":"https:\/\/pizbube.ch\/en\/wp-json\/wp\/v2\/types\/product"}],"wp:featuredmedia":[{"embeddable":true,"href":"https:\/\/pizbube.ch\/en\/wp-json\/wp\/v2\/media\/157045"}],"wp:attachment":[{"href":"https:\/\/pizbube.ch\/en\/wp-json\/wp\/v2\/media?parent=157044"}],"wp:term":[{"taxonomy":"product_brand","embeddable":true,"href":"https:\/\/pizbube.ch\/en\/wp-json\/wp\/v2\/product_brand?post=157044"},{"taxonomy":"product_cat","embeddable":true,"href":"https:\/\/pizbube.ch\/en\/wp-json\/wp\/v2\/product_cat?post=157044"},{"taxonomy":"product_tag","embeddable":true,"href":"https:\/\/pizbube.ch\/en\/wp-json\/wp\/v2\/product_tag?post=157044"}],"curies":[{"name":"wp","href":"https:\/\/api.w.org\/{rel}","templated":true}]}}